{"id":23217,"date":"2022-03-07T16:51:22","date_gmt":"2022-03-07T19:51:22","guid":{"rendered":"https:\/\/agropecuariafenix.com.br\/index.php\/produto\/premier-nattu-caes-filhotes-racas-pequenas-mandioca-25kg\/"},"modified":"2025-10-28T12:31:35","modified_gmt":"2025-10-28T15:31:35","slug":"premier-nattu-caes-filhotes-racas-pequenas-mandioca-25kg","status":"publish","type":"product","link":"https:\/\/agropecuariafenix.com.br\/index.php\/produto\/premier-nattu-caes-filhotes-racas-pequenas-mandioca-25kg\/","title":{"rendered":"Premier Nattu C\u00e3es Filhotes Ra\u00e7as Pequenas Mandioca 2,5Kg"},"content":{"rendered":"<p>Pensada para proporcionar uma alimenta\u00e7\u00e3o cada vez mais saud\u00e1vel para seu melhor amigo, a linha PremieR Nattu possui ingredientes selecionados, nutritivos e satisfa\u00e7\u00e3o comprovada. Com uma f\u00f3rmula sem corantes e aromatizantes, a Ra\u00e7\u00e3o Seca PremieR Natt\u00fa Mandioca para C\u00e3es Filhotes de Pequeno Porte \u00e9 recomendada para a alimenta\u00e7\u00e3o de c\u00e3es filhotes de pequeno porte e traz em sua base de ingredientes Frango, Mandioca, Beterraba, Linha\u00e7a e Cranberry, itens de alta densidade nutricional, que oferecem muitos nutrientes e poucas calorias, proporcionando uma dieta mais equilibrada para seu c\u00e3o. Uma exclusividade deste alimento s\u00e3o os ovos utilizados na formula\u00e7\u00e3o, provenientes do sistema de cria\u00e7\u00e3o Cage Free, no qual as aves possuem liberdade de movimento, com acesso a ninhos, permitindo assim sua total locomo\u00e7\u00e3o.<\/p>\n<p>Solicita\u00e7\u00f5es referentes \u00e0 Garantia de Satisfa\u00e7\u00e3o devem ser encaminhadas diretamente para o fabricante por meio do PremieR Responde \u2013 Telefone 0800 055 66 66. Para mais informa\u00e7\u00f5es acesse: https:\/\/www.premierpet.com.br\/garantia-premierpet\/<\/p>\n","protected":false},"excerpt":{"rendered":"<p>&#8211; Prote\u00edna de Frango Certificada: livre de antibi\u00f3ticos;<br \/>\n&#8211; Ingredientes Naturais: sem corantes e aromatizantes;<br \/>\n&#8211; Pele Nutrida e Pelagem Sedosa: equil\u00edbrio de \u00f4megas e minerais;<br \/>\n&#8211; Intestino Saud\u00e1vel: combina\u00e7\u00e3o de nutrientes de alta digestibilidade, fibras naturais e prebi\u00f3tico.<\/p>\n<p>&#8211; Este produto possui Satisfa\u00e7\u00e3o Garantida. Saiba mais abaixo na descri\u00e7\u00e3o.<\/p>\n","protected":false},"featured_media":23216,"comment_status":"open","ping_status":"closed","template":"","meta":[],"product_brand":[],"product_cat":[80],"product_tag":[367,75,126,613,607,145,461,144],"class_list":{"0":"post-23217","1":"product","2":"type-product","3":"status-publish","4":"has-post-thumbnail","6":"product_cat-racoes","7":"product_tag-25kg","8":"product_tag-caes","9":"product_tag-filhotes","10":"product_tag-mandioca","11":"product_tag-nattu","12":"product_tag-pequenas","13":"product_tag-premier","14":"product_tag-racas","16":"first","17":"instock","18":"shipping-taxable","19":"purchasable","20":"product-type-simple"},"yoast_head":"<!-- This site is optimized with the Yoast SEO plugin v27.6 - https:\/\/yoast.com\/product\/yoast-seo-wordpress\/ -->\n<title>Premier Nattu C\u00e3es Filhotes Ra\u00e7as Pequenas Mandioca 2,5Kg - Agropecu\u00e1ria Fenix<\/title>\n<meta name=\"robots\" content=\"index, follow, max-snippet:-1, max-image-preview:large, max-video-preview:-1\" \/>\n<link rel=\"canonical\" href=\"https:\/\/agropecuariafenix.com.br\/index.php\/produto\/premier-nattu-caes-filhotes-racas-pequenas-mandioca-25kg\/\" \/>\n<meta property=\"og:locale\" content=\"pt_BR\" \/>\n<meta property=\"og:type\" content=\"article\" \/>\n<meta property=\"og:title\" content=\"Premier Nattu C\u00e3es Filhotes Ra\u00e7as Pequenas Mandioca 2,5Kg - Agropecu\u00e1ria Fenix\" \/>\n<meta property=\"og:description\" content=\"&#8211; Prote\u00edna de Frango Certificada: livre de antibi\u00f3ticos; &#8211; Ingredientes Naturais: sem corantes e aromatizantes; &#8211; Pele Nutrida e Pelagem Sedosa: equil\u00edbrio de \u00f4megas e minerais; &#8211; Intestino Saud\u00e1vel: combina\u00e7\u00e3o de nutrientes de alta digestibilidade, fibras naturais e prebi\u00f3tico. &#8211; Este produto possui Satisfa\u00e7\u00e3o Garantida. Saiba mais abaixo na descri\u00e7\u00e3o.\" \/>\n<meta property=\"og:url\" content=\"https:\/\/agropecuariafenix.com.br\/index.php\/produto\/premier-nattu-caes-filhotes-racas-pequenas-mandioca-25kg\/\" \/>\n<meta property=\"og:site_name\" content=\"Agropecu\u00e1ria Fenix\" \/>\n<meta property=\"article:publisher\" content=\"https:\/\/web.facebook.com\/agropecuariafenixjau\" \/>\n<meta property=\"article:modified_time\" content=\"2025-10-28T15:31:35+00:00\" \/>\n<meta property=\"og:image\" content=\"https:\/\/agropecuariafenix.com.br\/wp-content\/uploads\/2022\/03\/Premier_Nattu_Ces_Filhotes_Raas_Pequenas_Mandioca_25Kg_170348-1.jpg\" \/>\n\t<meta property=\"og:image:width\" content=\"600\" \/>\n\t<meta property=\"og:image:height\" content=\"600\" \/>\n\t<meta property=\"og:image:type\" content=\"image\/jpeg\" \/>\n<meta name=\"twitter:card\" content=\"summary_large_image\" \/>\n<meta name=\"twitter:label1\" content=\"Est. tempo de leitura\" \/>\n\t<meta name=\"twitter:data1\" content=\"1 minuto\" \/>\n<script type=\"application\/ld+json\" class=\"yoast-schema-graph\">{\"@context\":\"https:\\\/\\\/schema.org\",\"@graph\":[{\"@type\":\"WebPage\",\"@id\":\"https:\\\/\\\/agropecuariafenix.com.br\\\/index.php\\\/produto\\\/premier-nattu-caes-filhotes-racas-pequenas-mandioca-25kg\\\/\",\"url\":\"https:\\\/\\\/agropecuariafenix.com.br\\\/index.php\\\/produto\\\/premier-nattu-caes-filhotes-racas-pequenas-mandioca-25kg\\\/\",\"name\":\"Premier Nattu C\u00e3es Filhotes Ra\u00e7as Pequenas Mandioca 2,5Kg - Agropecu\u00e1ria Fenix\",\"isPartOf\":{\"@id\":\"https:\\\/\\\/agropecuariafenix.com.br\\\/#website\"},\"primaryImageOfPage\":{\"@id\":\"https:\\\/\\\/agropecuariafenix.com.br\\\/index.php\\\/produto\\\/premier-nattu-caes-filhotes-racas-pequenas-mandioca-25kg\\\/#primaryimage\"},\"image\":{\"@id\":\"https:\\\/\\\/agropecuariafenix.com.br\\\/index.php\\\/produto\\\/premier-nattu-caes-filhotes-racas-pequenas-mandioca-25kg\\\/#primaryimage\"},\"thumbnailUrl\":\"https:\\\/\\\/agropecuariafenix.com.br\\\/wp-content\\\/uploads\\\/2022\\\/03\\\/Premier_Nattu_Ces_Filhotes_Raas_Pequenas_Mandioca_25Kg_170348-1.jpg\",\"datePublished\":\"2022-03-07T19:51:22+00:00\",\"dateModified\":\"2025-10-28T15:31:35+00:00\",\"breadcrumb\":{\"@id\":\"https:\\\/\\\/agropecuariafenix.com.br\\\/index.php\\\/produto\\\/premier-nattu-caes-filhotes-racas-pequenas-mandioca-25kg\\\/#breadcrumb\"},\"inLanguage\":\"pt-BR\",\"potentialAction\":[{\"@type\":\"ReadAction\",\"target\":[\"https:\\\/\\\/agropecuariafenix.com.br\\\/index.php\\\/produto\\\/premier-nattu-caes-filhotes-racas-pequenas-mandioca-25kg\\\/\"]}]},{\"@type\":\"ImageObject\",\"inLanguage\":\"pt-BR\",\"@id\":\"https:\\\/\\\/agropecuariafenix.com.br\\\/index.php\\\/produto\\\/premier-nattu-caes-filhotes-racas-pequenas-mandioca-25kg\\\/#primaryimage\",\"url\":\"https:\\\/\\\/agropecuariafenix.com.br\\\/wp-content\\\/uploads\\\/2022\\\/03\\\/Premier_Nattu_Ces_Filhotes_Raas_Pequenas_Mandioca_25Kg_170348-1.jpg\",\"contentUrl\":\"https:\\\/\\\/agropecuariafenix.com.br\\\/wp-content\\\/uploads\\\/2022\\\/03\\\/Premier_Nattu_Ces_Filhotes_Raas_Pequenas_Mandioca_25Kg_170348-1.jpg\",\"width\":600,\"height\":600,\"caption\":\"Premier Nattu C\u00e3es Filhotes Ra\u00e7as Pequenas Mandioca 2,5Kg\"},{\"@type\":\"BreadcrumbList\",\"@id\":\"https:\\\/\\\/agropecuariafenix.com.br\\\/index.php\\\/produto\\\/premier-nattu-caes-filhotes-racas-pequenas-mandioca-25kg\\\/#breadcrumb\",\"itemListElement\":[{\"@type\":\"ListItem\",\"position\":1,\"name\":\"In\u00edcio\",\"item\":\"https:\\\/\\\/agropecuariafenix.com.br\\\/\"},{\"@type\":\"ListItem\",\"position\":2,\"name\":\"Todos os produtos\",\"item\":\"https:\\\/\\\/agropecuariafenix.com.br\\\/index.php\\\/loja\\\/\"},{\"@type\":\"ListItem\",\"position\":3,\"name\":\"Premier Nattu C\u00e3es Filhotes Ra\u00e7as Pequenas Mandioca 2,5Kg\"}]},{\"@type\":\"WebSite\",\"@id\":\"https:\\\/\\\/agropecuariafenix.com.br\\\/#website\",\"url\":\"https:\\\/\\\/agropecuariafenix.com.br\\\/\",\"name\":\"Agropecu\u00e1ria Fenix\",\"description\":\"Agropecu\u00e1ria F\u00eanix Pet - Ra\u00e7\u00f5es \\\/ Medicamentos Pet \\\/ Cl\u00ednica Veterin\u00e1ria \\\/ Banho e Tosa \\\/ Cachorro \\\/\u00a0Gato\u00a0\\\/\u00a0P\u00e1ssaros\",\"publisher\":{\"@id\":\"https:\\\/\\\/agropecuariafenix.com.br\\\/#organization\"},\"alternateName\":\"Agropecu\u00e1ria Fenix\",\"potentialAction\":[{\"@type\":\"SearchAction\",\"target\":{\"@type\":\"EntryPoint\",\"urlTemplate\":\"https:\\\/\\\/agropecuariafenix.com.br\\\/?s={search_term_string}\"},\"query-input\":{\"@type\":\"PropertyValueSpecification\",\"valueRequired\":true,\"valueName\":\"search_term_string\"}}],\"inLanguage\":\"pt-BR\"},{\"@type\":\"Organization\",\"@id\":\"https:\\\/\\\/agropecuariafenix.com.br\\\/#organization\",\"name\":\"Agropecu\u00e1ria Fenix\",\"alternateName\":\"Agropecu\u00e1ria Fenix\",\"url\":\"https:\\\/\\\/agropecuariafenix.com.br\\\/\",\"logo\":{\"@type\":\"ImageObject\",\"inLanguage\":\"pt-BR\",\"@id\":\"https:\\\/\\\/agropecuariafenix.com.br\\\/#\\\/schema\\\/logo\\\/image\\\/\",\"url\":\"https:\\\/\\\/agropecuariafenix.com.br\\\/wp-content\\\/uploads\\\/2023\\\/08\\\/logo_fenix3-Copy.png\",\"contentUrl\":\"https:\\\/\\\/agropecuariafenix.com.br\\\/wp-content\\\/uploads\\\/2023\\\/08\\\/logo_fenix3-Copy.png\",\"width\":500,\"height\":500,\"caption\":\"Agropecu\u00e1ria Fenix\"},\"image\":{\"@id\":\"https:\\\/\\\/agropecuariafenix.com.br\\\/#\\\/schema\\\/logo\\\/image\\\/\"},\"sameAs\":[\"https:\\\/\\\/web.facebook.com\\\/agropecuariafenixjau\",\"https:\\\/\\\/www.instagram.com\\\/agropecuaria_fenix_jau\\\/\"]}]}<\/script>\n<!-- \/ Yoast SEO plugin. -->","yoast_head_json":{"title":"Premier Nattu C\u00e3es Filhotes Ra\u00e7as Pequenas Mandioca 2,5Kg - Agropecu\u00e1ria Fenix","robots":{"index":"index","follow":"follow","max-snippet":"max-snippet:-1","max-image-preview":"max-image-preview:large","max-video-preview":"max-video-preview:-1"},"canonical":"https:\/\/agropecuariafenix.com.br\/index.php\/produto\/premier-nattu-caes-filhotes-racas-pequenas-mandioca-25kg\/","og_locale":"pt_BR","og_type":"article","og_title":"Premier Nattu C\u00e3es Filhotes Ra\u00e7as Pequenas Mandioca 2,5Kg - Agropecu\u00e1ria Fenix","og_description":"&#8211; Prote\u00edna de Frango Certificada: livre de antibi\u00f3ticos; &#8211; Ingredientes Naturais: sem corantes e aromatizantes; &#8211; Pele Nutrida e Pelagem Sedosa: equil\u00edbrio de \u00f4megas e minerais; &#8211; Intestino Saud\u00e1vel: combina\u00e7\u00e3o de nutrientes de alta digestibilidade, fibras naturais e prebi\u00f3tico. &#8211; Este produto possui Satisfa\u00e7\u00e3o Garantida. Saiba mais abaixo na descri\u00e7\u00e3o.","og_url":"https:\/\/agropecuariafenix.com.br\/index.php\/produto\/premier-nattu-caes-filhotes-racas-pequenas-mandioca-25kg\/","og_site_name":"Agropecu\u00e1ria Fenix","article_publisher":"https:\/\/web.facebook.com\/agropecuariafenixjau","article_modified_time":"2025-10-28T15:31:35+00:00","og_image":[{"width":600,"height":600,"url":"https:\/\/agropecuariafenix.com.br\/wp-content\/uploads\/2022\/03\/Premier_Nattu_Ces_Filhotes_Raas_Pequenas_Mandioca_25Kg_170348-1.jpg","type":"image\/jpeg"}],"twitter_card":"summary_large_image","twitter_misc":{"Est. tempo de leitura":"1 minuto"},"schema":{"@context":"https:\/\/schema.org","@graph":[{"@type":"WebPage","@id":"https:\/\/agropecuariafenix.com.br\/index.php\/produto\/premier-nattu-caes-filhotes-racas-pequenas-mandioca-25kg\/","url":"https:\/\/agropecuariafenix.com.br\/index.php\/produto\/premier-nattu-caes-filhotes-racas-pequenas-mandioca-25kg\/","name":"Premier Nattu C\u00e3es Filhotes Ra\u00e7as Pequenas Mandioca 2,5Kg - Agropecu\u00e1ria Fenix","isPartOf":{"@id":"https:\/\/agropecuariafenix.com.br\/#website"},"primaryImageOfPage":{"@id":"https:\/\/agropecuariafenix.com.br\/index.php\/produto\/premier-nattu-caes-filhotes-racas-pequenas-mandioca-25kg\/#primaryimage"},"image":{"@id":"https:\/\/agropecuariafenix.com.br\/index.php\/produto\/premier-nattu-caes-filhotes-racas-pequenas-mandioca-25kg\/#primaryimage"},"thumbnailUrl":"https:\/\/agropecuariafenix.com.br\/wp-content\/uploads\/2022\/03\/Premier_Nattu_Ces_Filhotes_Raas_Pequenas_Mandioca_25Kg_170348-1.jpg","datePublished":"2022-03-07T19:51:22+00:00","dateModified":"2025-10-28T15:31:35+00:00","breadcrumb":{"@id":"https:\/\/agropecuariafenix.com.br\/index.php\/produto\/premier-nattu-caes-filhotes-racas-pequenas-mandioca-25kg\/#breadcrumb"},"inLanguage":"pt-BR","potentialAction":[{"@type":"ReadAction","target":["https:\/\/agropecuariafenix.com.br\/index.php\/produto\/premier-nattu-caes-filhotes-racas-pequenas-mandioca-25kg\/"]}]},{"@type":"ImageObject","inLanguage":"pt-BR","@id":"https:\/\/agropecuariafenix.com.br\/index.php\/produto\/premier-nattu-caes-filhotes-racas-pequenas-mandioca-25kg\/#primaryimage","url":"https:\/\/agropecuariafenix.com.br\/wp-content\/uploads\/2022\/03\/Premier_Nattu_Ces_Filhotes_Raas_Pequenas_Mandioca_25Kg_170348-1.jpg","contentUrl":"https:\/\/agropecuariafenix.com.br\/wp-content\/uploads\/2022\/03\/Premier_Nattu_Ces_Filhotes_Raas_Pequenas_Mandioca_25Kg_170348-1.jpg","width":600,"height":600,"caption":"Premier Nattu C\u00e3es Filhotes Ra\u00e7as Pequenas Mandioca 2,5Kg"},{"@type":"BreadcrumbList","@id":"https:\/\/agropecuariafenix.com.br\/index.php\/produto\/premier-nattu-caes-filhotes-racas-pequenas-mandioca-25kg\/#breadcrumb","itemListElement":[{"@type":"ListItem","position":1,"name":"In\u00edcio","item":"https:\/\/agropecuariafenix.com.br\/"},{"@type":"ListItem","position":2,"name":"Todos os produtos","item":"https:\/\/agropecuariafenix.com.br\/index.php\/loja\/"},{"@type":"ListItem","position":3,"name":"Premier Nattu C\u00e3es Filhotes Ra\u00e7as Pequenas Mandioca 2,5Kg"}]},{"@type":"WebSite","@id":"https:\/\/agropecuariafenix.com.br\/#website","url":"https:\/\/agropecuariafenix.com.br\/","name":"Agropecu\u00e1ria Fenix","description":"Agropecu\u00e1ria F\u00eanix Pet - Ra\u00e7\u00f5es \/ Medicamentos Pet \/ Cl\u00ednica Veterin\u00e1ria \/ Banho e Tosa \/ Cachorro \/\u00a0Gato\u00a0\/\u00a0P\u00e1ssaros","publisher":{"@id":"https:\/\/agropecuariafenix.com.br\/#organization"},"alternateName":"Agropecu\u00e1ria Fenix","potentialAction":[{"@type":"SearchAction","target":{"@type":"EntryPoint","urlTemplate":"https:\/\/agropecuariafenix.com.br\/?s={search_term_string}"},"query-input":{"@type":"PropertyValueSpecification","valueRequired":true,"valueName":"search_term_string"}}],"inLanguage":"pt-BR"},{"@type":"Organization","@id":"https:\/\/agropecuariafenix.com.br\/#organization","name":"Agropecu\u00e1ria Fenix","alternateName":"Agropecu\u00e1ria Fenix","url":"https:\/\/agropecuariafenix.com.br\/","logo":{"@type":"ImageObject","inLanguage":"pt-BR","@id":"https:\/\/agropecuariafenix.com.br\/#\/schema\/logo\/image\/","url":"https:\/\/agropecuariafenix.com.br\/wp-content\/uploads\/2023\/08\/logo_fenix3-Copy.png","contentUrl":"https:\/\/agropecuariafenix.com.br\/wp-content\/uploads\/2023\/08\/logo_fenix3-Copy.png","width":500,"height":500,"caption":"Agropecu\u00e1ria Fenix"},"image":{"@id":"https:\/\/agropecuariafenix.com.br\/#\/schema\/logo\/image\/"},"sameAs":["https:\/\/web.facebook.com\/agropecuariafenixjau","https:\/\/www.instagram.com\/agropecuaria_fenix_jau\/"]}]}},"_links":{"self":[{"href":"https:\/\/agropecuariafenix.com.br\/index.php\/wp-json\/wp\/v2\/product\/23217","targetHints":{"allow":["GET"]}}],"collection":[{"href":"https:\/\/agropecuariafenix.com.br\/index.php\/wp-json\/wp\/v2\/product"}],"about":[{"href":"https:\/\/agropecuariafenix.com.br\/index.php\/wp-json\/wp\/v2\/types\/product"}],"replies":[{"embeddable":true,"href":"https:\/\/agropecuariafenix.com.br\/index.php\/wp-json\/wp\/v2\/comments?post=23217"}],"version-history":[{"count":1,"href":"https:\/\/agropecuariafenix.com.br\/index.php\/wp-json\/wp\/v2\/product\/23217\/revisions"}],"predecessor-version":[{"id":23218,"href":"https:\/\/agropecuariafenix.com.br\/index.php\/wp-json\/wp\/v2\/product\/23217\/revisions\/23218"}],"wp:featuredmedia":[{"embeddable":true,"href":"https:\/\/agropecuariafenix.com.br\/index.php\/wp-json\/wp\/v2\/media\/23216"}],"wp:attachment":[{"href":"https:\/\/agropecuariafenix.com.br\/index.php\/wp-json\/wp\/v2\/media?parent=23217"}],"wp:term":[{"taxonomy":"product_brand","embeddable":true,"href":"https:\/\/agropecuariafenix.com.br\/index.php\/wp-json\/wp\/v2\/product_brand?post=23217"},{"taxonomy":"product_cat","embeddable":true,"href":"https:\/\/agropecuariafenix.com.br\/index.php\/wp-json\/wp\/v2\/product_cat?post=23217"},{"taxonomy":"product_tag","embeddable":true,"href":"https:\/\/agropecuariafenix.com.br\/index.php\/wp-json\/wp\/v2\/product_tag?post=23217"}],"curies":[{"name":"wp","href":"https:\/\/api.w.org\/{rel}","templated":true}]}}