{"id":23067,"date":"2022-03-07T09:46:08","date_gmt":"2022-03-07T12:46:08","guid":{"rendered":"https:\/\/agropecuariafenix.com.br\/index.php\/produto\/premier-gatos-adultos-salmao-75kg\/"},"modified":"2025-10-29T19:43:29","modified_gmt":"2025-10-29T22:43:29","slug":"premier-gatos-adultos-salmao-75kg","status":"publish","type":"product","link":"https:\/\/agropecuariafenix.com.br\/index.php\/produto\/premier-gatos-adultos-salmao-75kg\/","title":{"rendered":"Premier Gatos Adultos Salm\u00e3o 7,5Kg"},"content":{"rendered":"<p>A Ra\u00e7\u00e3o Premier Pet Gatos Adultos Ambientes Internos Salm\u00e3o, oferece ao seu gato adulto uma refei\u00e7\u00e3o especial todos os dias. Al\u00e9m de um sabor insuper\u00e1vel, ele apresenta uma combina\u00e7\u00e3o exclusiva de ingredientes nobres que deixam a pelagem muito mais bonita e brilhante. Para a sa\u00fade do trato urin\u00e1rio, PremieR Gatos Adultos \u2013 Salm\u00e3o acidifica naturalmente a urina, controlando a forma\u00e7\u00e3o dos indesej\u00e1veis c\u00e1lculos urin\u00e1rios. Conta tamb\u00e9m com uma poderosa a\u00e7\u00e3o antit\u00e1rtaro, proporcionando uma \u00f3tima sa\u00fade bucal.<br \/>\nAlimento especialmente desenvolvido para garantir o m\u00e1ximo em sa\u00fade e vitalidade aos gatos atrav\u00e9s de cuidados nutricionais espec\u00edficos p\u00f3s castra\u00e7\u00e3o. Com foco em promover a manuten\u00e7\u00e3o do peso ideal e a sa\u00fade do trato urin\u00e1rio nos gatos castrados, estes alimentos apresentam-se divididos por faixa et\u00e1ria, j\u00e1 que tanto o peso quanto a incid\u00eancia dos c\u00e1lculos urin\u00e1rios varia em fun\u00e7\u00e3o da idade. Esta forma de apresenta\u00e7\u00e3o garante alta precis\u00e3o nos benef\u00edcios oferecidos e permite agregar cuidados gerais inerentes a cada fase da vida. Al\u00e9m disso, a combina\u00e7\u00e3o de ingredientes especiais com o alto aproveitamento dos nutrientes reduz o odor e volume das fezes minimizando poss\u00edveis inconvenientes de uma vida dentro de casa, facilitando o conv\u00edvio entre o dono e seu gato.<\/p>\n<p>Solicita\u00e7\u00f5es referentes \u00e0 Garantia de Satisfa\u00e7\u00e3o devem ser encaminhadas diretamente para o fabricante por meio do PremieR Responde \u2013 Telefone 0800 055 66 66. Para mais informa\u00e7\u00f5es acesse: https:\/\/www.premierpet.com.br\/garantia-premierpet\/<\/p>\n","protected":false},"excerpt":{"rendered":"<p>&#8211; Trato urin\u00e1rio saud\u00e1vel: controle do pH urin\u00e1rio e minerais cientificamente balanceados;<br \/>\n&#8211; Pelagem bonita e pele saud\u00e1vel: com zinco e \u00e1cidos graxos essenciais, \u00f4megas 3 e 6;<br \/>\n&#8211; Diminui a forma\u00e7\u00e3o do t\u00e1rtaro: cont\u00e9m hexametafosfato de s\u00f3dio, importante ingrediente para a sa\u00fade bucal.<\/p>\n<p>&#8211; Este produto possui Satisfa\u00e7\u00e3o Garantida. Saiba mais abaixo na descri\u00e7\u00e3o.<\/p>\n","protected":false},"featured_media":23066,"comment_status":"open","ping_status":"closed","template":"","meta":[],"product_brand":[],"product_cat":[80],"product_tag":[473,76,209,461,239],"class_list":{"0":"post-23067","1":"product","2":"type-product","3":"status-publish","4":"has-post-thumbnail","6":"product_cat-racoes","7":"product_tag-75kg-2","8":"product_tag-adultos","9":"product_tag-gatos","10":"product_tag-premier","11":"product_tag-salmao","13":"first","14":"instock","15":"shipping-taxable","16":"purchasable","17":"product-type-simple"},"yoast_head":"<!-- This site is optimized with the Yoast SEO plugin v26.1.1 - https:\/\/yoast.com\/wordpress\/plugins\/seo\/ -->\n<title>Premier Gatos Adultos Salm\u00e3o 7,5Kg - Agropecu\u00e1ria Fenix<\/title>\n<meta name=\"robots\" content=\"index, follow, max-snippet:-1, max-image-preview:large, max-video-preview:-1\" \/>\n<link rel=\"canonical\" href=\"https:\/\/agropecuariafenix.com.br\/index.php\/produto\/premier-gatos-adultos-salmao-75kg\/\" \/>\n<meta property=\"og:locale\" content=\"pt_BR\" \/>\n<meta property=\"og:type\" content=\"article\" \/>\n<meta property=\"og:title\" content=\"Premier Gatos Adultos Salm\u00e3o 7,5Kg - Agropecu\u00e1ria Fenix\" \/>\n<meta property=\"og:description\" content=\"&#8211; Trato urin\u00e1rio saud\u00e1vel: controle do pH urin\u00e1rio e minerais cientificamente balanceados; &#8211; Pelagem bonita e pele saud\u00e1vel: com zinco e \u00e1cidos graxos essenciais, \u00f4megas 3 e 6; &#8211; Diminui a forma\u00e7\u00e3o do t\u00e1rtaro: cont\u00e9m hexametafosfato de s\u00f3dio, importante ingrediente para a sa\u00fade bucal. &#8211; Este produto possui Satisfa\u00e7\u00e3o Garantida. Saiba mais abaixo na descri\u00e7\u00e3o.\" \/>\n<meta property=\"og:url\" content=\"https:\/\/agropecuariafenix.com.br\/index.php\/produto\/premier-gatos-adultos-salmao-75kg\/\" \/>\n<meta property=\"og:site_name\" content=\"Agropecu\u00e1ria Fenix\" \/>\n<meta property=\"article:publisher\" content=\"https:\/\/web.facebook.com\/agropecuariafenixjau\" \/>\n<meta property=\"article:modified_time\" content=\"2025-10-29T22:43:29+00:00\" \/>\n<meta property=\"og:image\" content=\"https:\/\/agropecuariafenix.com.br\/wp-content\/uploads\/2022\/03\/Premier_Gatos_Adultos_Salmo_75Kg_805500-1.jpg\" \/>\n\t<meta property=\"og:image:width\" content=\"700\" \/>\n\t<meta property=\"og:image:height\" content=\"700\" \/>\n\t<meta property=\"og:image:type\" content=\"image\/jpeg\" \/>\n<meta name=\"twitter:card\" content=\"summary_large_image\" \/>\n<meta name=\"twitter:label1\" content=\"Est. tempo de leitura\" \/>\n\t<meta name=\"twitter:data1\" content=\"1 minuto\" \/>\n<script type=\"application\/ld+json\" class=\"yoast-schema-graph\">{\"@context\":\"https:\/\/schema.org\",\"@graph\":[{\"@type\":\"WebPage\",\"@id\":\"https:\/\/agropecuariafenix.com.br\/index.php\/produto\/premier-gatos-adultos-salmao-75kg\/\",\"url\":\"https:\/\/agropecuariafenix.com.br\/index.php\/produto\/premier-gatos-adultos-salmao-75kg\/\",\"name\":\"Premier Gatos Adultos Salm\u00e3o 7,5Kg - Agropecu\u00e1ria Fenix\",\"isPartOf\":{\"@id\":\"https:\/\/agropecuariafenix.com.br\/#website\"},\"primaryImageOfPage\":{\"@id\":\"https:\/\/agropecuariafenix.com.br\/index.php\/produto\/premier-gatos-adultos-salmao-75kg\/#primaryimage\"},\"image\":{\"@id\":\"https:\/\/agropecuariafenix.com.br\/index.php\/produto\/premier-gatos-adultos-salmao-75kg\/#primaryimage\"},\"thumbnailUrl\":\"https:\/\/agropecuariafenix.com.br\/wp-content\/uploads\/2022\/03\/Premier_Gatos_Adultos_Salmo_75Kg_805500-1.jpg\",\"datePublished\":\"2022-03-07T12:46:08+00:00\",\"dateModified\":\"2025-10-29T22:43:29+00:00\",\"breadcrumb\":{\"@id\":\"https:\/\/agropecuariafenix.com.br\/index.php\/produto\/premier-gatos-adultos-salmao-75kg\/#breadcrumb\"},\"inLanguage\":\"pt-BR\",\"potentialAction\":[{\"@type\":\"ReadAction\",\"target\":[\"https:\/\/agropecuariafenix.com.br\/index.php\/produto\/premier-gatos-adultos-salmao-75kg\/\"]}]},{\"@type\":\"ImageObject\",\"inLanguage\":\"pt-BR\",\"@id\":\"https:\/\/agropecuariafenix.com.br\/index.php\/produto\/premier-gatos-adultos-salmao-75kg\/#primaryimage\",\"url\":\"https:\/\/agropecuariafenix.com.br\/wp-content\/uploads\/2022\/03\/Premier_Gatos_Adultos_Salmo_75Kg_805500-1.jpg\",\"contentUrl\":\"https:\/\/agropecuariafenix.com.br\/wp-content\/uploads\/2022\/03\/Premier_Gatos_Adultos_Salmo_75Kg_805500-1.jpg\",\"width\":700,\"height\":700,\"caption\":\"Premier Gatos Adultos Salm\u00e3o 7,5Kg\"},{\"@type\":\"BreadcrumbList\",\"@id\":\"https:\/\/agropecuariafenix.com.br\/index.php\/produto\/premier-gatos-adultos-salmao-75kg\/#breadcrumb\",\"itemListElement\":[{\"@type\":\"ListItem\",\"position\":1,\"name\":\"In\u00edcio\",\"item\":\"https:\/\/agropecuariafenix.com.br\/\"},{\"@type\":\"ListItem\",\"position\":2,\"name\":\"Todos os produtos\",\"item\":\"https:\/\/agropecuariafenix.com.br\/index.php\/loja\/\"},{\"@type\":\"ListItem\",\"position\":3,\"name\":\"Premier Gatos Adultos Salm\u00e3o 7,5Kg\"}]},{\"@type\":\"WebSite\",\"@id\":\"https:\/\/agropecuariafenix.com.br\/#website\",\"url\":\"https:\/\/agropecuariafenix.com.br\/\",\"name\":\"Agropecu\u00e1ria Fenix\",\"description\":\"Agropecu\u00e1ria F\u00eanix Pet - Ra\u00e7\u00f5es \/ Medicamentos Pet \/ Cl\u00ednica Veterin\u00e1ria \/ Banho e Tosa \/ Cachorro \/\u00a0Gato\u00a0\/\u00a0P\u00e1ssaros\",\"publisher\":{\"@id\":\"https:\/\/agropecuariafenix.com.br\/#organization\"},\"alternateName\":\"Agropecu\u00e1ria Fenix\",\"potentialAction\":[{\"@type\":\"SearchAction\",\"target\":{\"@type\":\"EntryPoint\",\"urlTemplate\":\"https:\/\/agropecuariafenix.com.br\/?s={search_term_string}\"},\"query-input\":{\"@type\":\"PropertyValueSpecification\",\"valueRequired\":true,\"valueName\":\"search_term_string\"}}],\"inLanguage\":\"pt-BR\"},{\"@type\":\"Organization\",\"@id\":\"https:\/\/agropecuariafenix.com.br\/#organization\",\"name\":\"Agropecu\u00e1ria Fenix\",\"alternateName\":\"Agropecu\u00e1ria Fenix\",\"url\":\"https:\/\/agropecuariafenix.com.br\/\",\"logo\":{\"@type\":\"ImageObject\",\"inLanguage\":\"pt-BR\",\"@id\":\"https:\/\/agropecuariafenix.com.br\/#\/schema\/logo\/image\/\",\"url\":\"https:\/\/agropecuariafenix.com.br\/wp-content\/uploads\/2023\/08\/logo_fenix3-Copy.png\",\"contentUrl\":\"https:\/\/agropecuariafenix.com.br\/wp-content\/uploads\/2023\/08\/logo_fenix3-Copy.png\",\"width\":500,\"height\":500,\"caption\":\"Agropecu\u00e1ria Fenix\"},\"image\":{\"@id\":\"https:\/\/agropecuariafenix.com.br\/#\/schema\/logo\/image\/\"},\"sameAs\":[\"https:\/\/web.facebook.com\/agropecuariafenixjau\",\"https:\/\/www.instagram.com\/agropecuaria_fenix_jau\/\"]}]}<\/script>\n<!-- \/ Yoast SEO plugin. -->","yoast_head_json":{"title":"Premier Gatos Adultos Salm\u00e3o 7,5Kg - Agropecu\u00e1ria Fenix","robots":{"index":"index","follow":"follow","max-snippet":"max-snippet:-1","max-image-preview":"max-image-preview:large","max-video-preview":"max-video-preview:-1"},"canonical":"https:\/\/agropecuariafenix.com.br\/index.php\/produto\/premier-gatos-adultos-salmao-75kg\/","og_locale":"pt_BR","og_type":"article","og_title":"Premier Gatos Adultos Salm\u00e3o 7,5Kg - Agropecu\u00e1ria Fenix","og_description":"&#8211; Trato urin\u00e1rio saud\u00e1vel: controle do pH urin\u00e1rio e minerais cientificamente balanceados; &#8211; Pelagem bonita e pele saud\u00e1vel: com zinco e \u00e1cidos graxos essenciais, \u00f4megas 3 e 6; &#8211; Diminui a forma\u00e7\u00e3o do t\u00e1rtaro: cont\u00e9m hexametafosfato de s\u00f3dio, importante ingrediente para a sa\u00fade bucal. &#8211; Este produto possui Satisfa\u00e7\u00e3o Garantida. Saiba mais abaixo na descri\u00e7\u00e3o.","og_url":"https:\/\/agropecuariafenix.com.br\/index.php\/produto\/premier-gatos-adultos-salmao-75kg\/","og_site_name":"Agropecu\u00e1ria Fenix","article_publisher":"https:\/\/web.facebook.com\/agropecuariafenixjau","article_modified_time":"2025-10-29T22:43:29+00:00","og_image":[{"width":700,"height":700,"url":"https:\/\/agropecuariafenix.com.br\/wp-content\/uploads\/2022\/03\/Premier_Gatos_Adultos_Salmo_75Kg_805500-1.jpg","type":"image\/jpeg"}],"twitter_card":"summary_large_image","twitter_misc":{"Est. tempo de leitura":"1 minuto"},"schema":{"@context":"https:\/\/schema.org","@graph":[{"@type":"WebPage","@id":"https:\/\/agropecuariafenix.com.br\/index.php\/produto\/premier-gatos-adultos-salmao-75kg\/","url":"https:\/\/agropecuariafenix.com.br\/index.php\/produto\/premier-gatos-adultos-salmao-75kg\/","name":"Premier Gatos Adultos Salm\u00e3o 7,5Kg - Agropecu\u00e1ria Fenix","isPartOf":{"@id":"https:\/\/agropecuariafenix.com.br\/#website"},"primaryImageOfPage":{"@id":"https:\/\/agropecuariafenix.com.br\/index.php\/produto\/premier-gatos-adultos-salmao-75kg\/#primaryimage"},"image":{"@id":"https:\/\/agropecuariafenix.com.br\/index.php\/produto\/premier-gatos-adultos-salmao-75kg\/#primaryimage"},"thumbnailUrl":"https:\/\/agropecuariafenix.com.br\/wp-content\/uploads\/2022\/03\/Premier_Gatos_Adultos_Salmo_75Kg_805500-1.jpg","datePublished":"2022-03-07T12:46:08+00:00","dateModified":"2025-10-29T22:43:29+00:00","breadcrumb":{"@id":"https:\/\/agropecuariafenix.com.br\/index.php\/produto\/premier-gatos-adultos-salmao-75kg\/#breadcrumb"},"inLanguage":"pt-BR","potentialAction":[{"@type":"ReadAction","target":["https:\/\/agropecuariafenix.com.br\/index.php\/produto\/premier-gatos-adultos-salmao-75kg\/"]}]},{"@type":"ImageObject","inLanguage":"pt-BR","@id":"https:\/\/agropecuariafenix.com.br\/index.php\/produto\/premier-gatos-adultos-salmao-75kg\/#primaryimage","url":"https:\/\/agropecuariafenix.com.br\/wp-content\/uploads\/2022\/03\/Premier_Gatos_Adultos_Salmo_75Kg_805500-1.jpg","contentUrl":"https:\/\/agropecuariafenix.com.br\/wp-content\/uploads\/2022\/03\/Premier_Gatos_Adultos_Salmo_75Kg_805500-1.jpg","width":700,"height":700,"caption":"Premier Gatos Adultos Salm\u00e3o 7,5Kg"},{"@type":"BreadcrumbList","@id":"https:\/\/agropecuariafenix.com.br\/index.php\/produto\/premier-gatos-adultos-salmao-75kg\/#breadcrumb","itemListElement":[{"@type":"ListItem","position":1,"name":"In\u00edcio","item":"https:\/\/agropecuariafenix.com.br\/"},{"@type":"ListItem","position":2,"name":"Todos os produtos","item":"https:\/\/agropecuariafenix.com.br\/index.php\/loja\/"},{"@type":"ListItem","position":3,"name":"Premier Gatos Adultos Salm\u00e3o 7,5Kg"}]},{"@type":"WebSite","@id":"https:\/\/agropecuariafenix.com.br\/#website","url":"https:\/\/agropecuariafenix.com.br\/","name":"Agropecu\u00e1ria Fenix","description":"Agropecu\u00e1ria F\u00eanix Pet - Ra\u00e7\u00f5es \/ Medicamentos Pet \/ Cl\u00ednica Veterin\u00e1ria \/ Banho e Tosa \/ Cachorro \/\u00a0Gato\u00a0\/\u00a0P\u00e1ssaros","publisher":{"@id":"https:\/\/agropecuariafenix.com.br\/#organization"},"alternateName":"Agropecu\u00e1ria Fenix","potentialAction":[{"@type":"SearchAction","target":{"@type":"EntryPoint","urlTemplate":"https:\/\/agropecuariafenix.com.br\/?s={search_term_string}"},"query-input":{"@type":"PropertyValueSpecification","valueRequired":true,"valueName":"search_term_string"}}],"inLanguage":"pt-BR"},{"@type":"Organization","@id":"https:\/\/agropecuariafenix.com.br\/#organization","name":"Agropecu\u00e1ria Fenix","alternateName":"Agropecu\u00e1ria Fenix","url":"https:\/\/agropecuariafenix.com.br\/","logo":{"@type":"ImageObject","inLanguage":"pt-BR","@id":"https:\/\/agropecuariafenix.com.br\/#\/schema\/logo\/image\/","url":"https:\/\/agropecuariafenix.com.br\/wp-content\/uploads\/2023\/08\/logo_fenix3-Copy.png","contentUrl":"https:\/\/agropecuariafenix.com.br\/wp-content\/uploads\/2023\/08\/logo_fenix3-Copy.png","width":500,"height":500,"caption":"Agropecu\u00e1ria Fenix"},"image":{"@id":"https:\/\/agropecuariafenix.com.br\/#\/schema\/logo\/image\/"},"sameAs":["https:\/\/web.facebook.com\/agropecuariafenixjau","https:\/\/www.instagram.com\/agropecuaria_fenix_jau\/"]}]}},"_links":{"self":[{"href":"https:\/\/agropecuariafenix.com.br\/index.php\/wp-json\/wp\/v2\/product\/23067","targetHints":{"allow":["GET"]}}],"collection":[{"href":"https:\/\/agropecuariafenix.com.br\/index.php\/wp-json\/wp\/v2\/product"}],"about":[{"href":"https:\/\/agropecuariafenix.com.br\/index.php\/wp-json\/wp\/v2\/types\/product"}],"replies":[{"embeddable":true,"href":"https:\/\/agropecuariafenix.com.br\/index.php\/wp-json\/wp\/v2\/comments?post=23067"}],"version-history":[{"count":1,"href":"https:\/\/agropecuariafenix.com.br\/index.php\/wp-json\/wp\/v2\/product\/23067\/revisions"}],"predecessor-version":[{"id":23069,"href":"https:\/\/agropecuariafenix.com.br\/index.php\/wp-json\/wp\/v2\/product\/23067\/revisions\/23069"}],"wp:featuredmedia":[{"embeddable":true,"href":"https:\/\/agropecuariafenix.com.br\/index.php\/wp-json\/wp\/v2\/media\/23066"}],"wp:attachment":[{"href":"https:\/\/agropecuariafenix.com.br\/index.php\/wp-json\/wp\/v2\/media?parent=23067"}],"wp:term":[{"taxonomy":"product_brand","embeddable":true,"href":"https:\/\/agropecuariafenix.com.br\/index.php\/wp-json\/wp\/v2\/product_brand?post=23067"},{"taxonomy":"product_cat","embeddable":true,"href":"https:\/\/agropecuariafenix.com.br\/index.php\/wp-json\/wp\/v2\/product_cat?post=23067"},{"taxonomy":"product_tag","embeddable":true,"href":"https:\/\/agropecuariafenix.com.br\/index.php\/wp-json\/wp\/v2\/product_tag?post=23067"}],"curies":[{"name":"wp","href":"https:\/\/api.w.org\/{rel}","templated":true}]}}