{"id":22959,"date":"2022-03-04T17:26:56","date_gmt":"2022-03-04T20:26:56","guid":{"rendered":"https:\/\/agropecuariafenix.com.br\/index.php\/produto\/premier-formula-caes-adultos-raca-grande-frango-15kg\/"},"modified":"2025-10-28T17:54:57","modified_gmt":"2025-10-28T20:54:57","slug":"premier-formula-caes-adultos-raca-grande-frango-15kg","status":"publish","type":"product","link":"https:\/\/agropecuariafenix.com.br\/index.php\/produto\/premier-formula-caes-adultos-raca-grande-frango-15kg\/","title":{"rendered":"Premier F\u00f3rmula C\u00e3es Adultos Ra\u00e7a Grande Frango 15Kg"},"content":{"rendered":"<p>Utilizados como c\u00e3es de guarda ou somente apreciados por seu porte e beleza, os c\u00e3es de ra\u00e7as grandes e gigantes t\u00eam caracter\u00edsticas pr\u00f3prias e necessidades especiais. Como por exemplo, o crescimento r\u00e1pido, a predisposi\u00e7\u00e3o a desenvolver desordens no sistema m\u00fasculo-esquel\u00e9tico, a tend\u00eancia a apresentar fezes mal formadas e ainda, naqueles de peito profundo, a predisposi\u00e7\u00e3o a dilata\u00e7\u00e3o e tor\u00e7\u00e3o g\u00e1strica. Por essas, entre outras caracter\u00edsticas, c\u00e3es grandes e gigantes necessitam de uma dieta cuidadosamente balanceada, que formulada com ingredientes nobres, de alto valor biol\u00f3gico e alto coeficiente de digestibilidade (excelente aproveitamento), minimiza a tend\u00eancia desses animais apresentarem fezes volumosas e mal formadas. A Ra\u00e7\u00e3o Premier Pet Formula C\u00e3es Adultos Ra\u00e7as Grandes e Gigantes Frango foi cientificamente formulado para atender essas necessidades espec\u00edficas de c\u00e3es de porte grande e gigante. Indicado para c\u00e3es entre 1,5 a 5 anos de idade.<\/p>\n<p>Solicita\u00e7\u00f5es referentes \u00e0 Garantia de Satisfa\u00e7\u00e3o devem ser encaminhadas diretamente para o fabricante por meio do PremieR Responde \u2013 Telefone 0800 055 66 66. Para mais informa\u00e7\u00f5es acesse: https:\/\/www.premierpet.com.br\/garantia-premierpet\/<\/p>\n","protected":false},"excerpt":{"rendered":"<p>&#8211; Cora\u00e7\u00e3o forte e saud\u00e1vel: cont\u00e9m altos n\u00edveis de taurina que auxiliam na preserva\u00e7\u00e3o da fun\u00e7\u00e3o card\u00edaca;<br \/>\n&#8211; Suporte articular: cont\u00e9m condroitina e glicosamina que auxiliam na manuten\u00e7\u00e3o da sa\u00fade das articula\u00e7\u00f5es;<br \/>\n&#8211; Sa\u00fade intestinal: atrav\u00e9s da combina\u00e7\u00e3o de ingredientes de alta digestibilidade, fibras especiais e prebi\u00f3tico.<\/p>\n<p>&#8211; Este produto possui Satisfa\u00e7\u00e3o Garantida. Saiba mais abaixo na descri\u00e7\u00e3o.<\/p>\n","protected":false},"featured_media":23006,"comment_status":"open","ping_status":"closed","template":"","meta":[],"product_brand":[],"product_cat":[80],"product_tag":[79,76,75,74,90,140,461,81],"class_list":{"0":"post-22959","1":"product","2":"type-product","3":"status-publish","4":"has-post-thumbnail","6":"product_cat-racoes","7":"product_tag-15kg","8":"product_tag-adultos","9":"product_tag-caes","10":"product_tag-formula","11":"product_tag-frango","12":"product_tag-grande","13":"product_tag-premier","14":"product_tag-raca","16":"first","17":"instock","18":"shipping-taxable","19":"purchasable","20":"product-type-simple"},"yoast_head":"<!-- This site is optimized with the Yoast SEO plugin v26.1.1 - https:\/\/yoast.com\/wordpress\/plugins\/seo\/ -->\n<title>Premier F\u00f3rmula C\u00e3es Adultos Ra\u00e7a Grande Frango 15Kg - Agropecu\u00e1ria Fenix<\/title>\n<meta name=\"robots\" content=\"index, follow, max-snippet:-1, max-image-preview:large, max-video-preview:-1\" \/>\n<link rel=\"canonical\" href=\"https:\/\/agropecuariafenix.com.br\/index.php\/produto\/premier-formula-caes-adultos-raca-grande-frango-15kg\/\" \/>\n<meta property=\"og:locale\" content=\"pt_BR\" \/>\n<meta property=\"og:type\" content=\"article\" \/>\n<meta property=\"og:title\" content=\"Premier F\u00f3rmula C\u00e3es Adultos Ra\u00e7a Grande Frango 15Kg - Agropecu\u00e1ria Fenix\" \/>\n<meta property=\"og:description\" content=\"&#8211; Cora\u00e7\u00e3o forte e saud\u00e1vel: cont\u00e9m altos n\u00edveis de taurina que auxiliam na preserva\u00e7\u00e3o da fun\u00e7\u00e3o card\u00edaca; &#8211; Suporte articular: cont\u00e9m condroitina e glicosamina que auxiliam na manuten\u00e7\u00e3o da sa\u00fade das articula\u00e7\u00f5es; &#8211; Sa\u00fade intestinal: atrav\u00e9s da combina\u00e7\u00e3o de ingredientes de alta digestibilidade, fibras especiais e prebi\u00f3tico. &#8211; Este produto possui Satisfa\u00e7\u00e3o Garantida. Saiba mais abaixo na descri\u00e7\u00e3o.\" \/>\n<meta property=\"og:url\" content=\"https:\/\/agropecuariafenix.com.br\/index.php\/produto\/premier-formula-caes-adultos-raca-grande-frango-15kg\/\" \/>\n<meta property=\"og:site_name\" content=\"Agropecu\u00e1ria Fenix\" \/>\n<meta property=\"article:publisher\" content=\"https:\/\/web.facebook.com\/agropecuariafenixjau\" \/>\n<meta property=\"article:modified_time\" content=\"2025-10-28T20:54:57+00:00\" \/>\n<meta property=\"og:image\" content=\"https:\/\/agropecuariafenix.com.br\/wp-content\/uploads\/2022\/03\/Premier_Frmula_Ces_Adultos_Raa_Grande_Frango_15Kg_613513-1.jpg\" \/>\n\t<meta property=\"og:image:width\" content=\"700\" \/>\n\t<meta property=\"og:image:height\" content=\"700\" \/>\n\t<meta property=\"og:image:type\" content=\"image\/jpeg\" \/>\n<meta name=\"twitter:card\" content=\"summary_large_image\" \/>\n<meta name=\"twitter:label1\" content=\"Est. tempo de leitura\" \/>\n\t<meta name=\"twitter:data1\" content=\"1 minuto\" \/>\n<script type=\"application\/ld+json\" class=\"yoast-schema-graph\">{\"@context\":\"https:\/\/schema.org\",\"@graph\":[{\"@type\":\"WebPage\",\"@id\":\"https:\/\/agropecuariafenix.com.br\/index.php\/produto\/premier-formula-caes-adultos-raca-grande-frango-15kg\/\",\"url\":\"https:\/\/agropecuariafenix.com.br\/index.php\/produto\/premier-formula-caes-adultos-raca-grande-frango-15kg\/\",\"name\":\"Premier F\u00f3rmula C\u00e3es Adultos Ra\u00e7a Grande Frango 15Kg - Agropecu\u00e1ria Fenix\",\"isPartOf\":{\"@id\":\"https:\/\/agropecuariafenix.com.br\/#website\"},\"primaryImageOfPage\":{\"@id\":\"https:\/\/agropecuariafenix.com.br\/index.php\/produto\/premier-formula-caes-adultos-raca-grande-frango-15kg\/#primaryimage\"},\"image\":{\"@id\":\"https:\/\/agropecuariafenix.com.br\/index.php\/produto\/premier-formula-caes-adultos-raca-grande-frango-15kg\/#primaryimage\"},\"thumbnailUrl\":\"https:\/\/agropecuariafenix.com.br\/wp-content\/uploads\/2022\/03\/Premier_Frmula_Ces_Adultos_Raa_Grande_Frango_15Kg_613513-1.jpg\",\"datePublished\":\"2022-03-04T20:26:56+00:00\",\"dateModified\":\"2025-10-28T20:54:57+00:00\",\"breadcrumb\":{\"@id\":\"https:\/\/agropecuariafenix.com.br\/index.php\/produto\/premier-formula-caes-adultos-raca-grande-frango-15kg\/#breadcrumb\"},\"inLanguage\":\"pt-BR\",\"potentialAction\":[{\"@type\":\"ReadAction\",\"target\":[\"https:\/\/agropecuariafenix.com.br\/index.php\/produto\/premier-formula-caes-adultos-raca-grande-frango-15kg\/\"]}]},{\"@type\":\"ImageObject\",\"inLanguage\":\"pt-BR\",\"@id\":\"https:\/\/agropecuariafenix.com.br\/index.php\/produto\/premier-formula-caes-adultos-raca-grande-frango-15kg\/#primaryimage\",\"url\":\"https:\/\/agropecuariafenix.com.br\/wp-content\/uploads\/2022\/03\/Premier_Frmula_Ces_Adultos_Raa_Grande_Frango_15Kg_613513-1.jpg\",\"contentUrl\":\"https:\/\/agropecuariafenix.com.br\/wp-content\/uploads\/2022\/03\/Premier_Frmula_Ces_Adultos_Raa_Grande_Frango_15Kg_613513-1.jpg\",\"width\":700,\"height\":700,\"caption\":\"Premier F\u00f3rmula C\u00e3es Adultos Ra\u00e7a Grande Frango 15Kg\"},{\"@type\":\"BreadcrumbList\",\"@id\":\"https:\/\/agropecuariafenix.com.br\/index.php\/produto\/premier-formula-caes-adultos-raca-grande-frango-15kg\/#breadcrumb\",\"itemListElement\":[{\"@type\":\"ListItem\",\"position\":1,\"name\":\"In\u00edcio\",\"item\":\"https:\/\/agropecuariafenix.com.br\/\"},{\"@type\":\"ListItem\",\"position\":2,\"name\":\"Todos os produtos\",\"item\":\"https:\/\/agropecuariafenix.com.br\/index.php\/loja\/\"},{\"@type\":\"ListItem\",\"position\":3,\"name\":\"Premier F\u00f3rmula C\u00e3es Adultos Ra\u00e7a Grande Frango 15Kg\"}]},{\"@type\":\"WebSite\",\"@id\":\"https:\/\/agropecuariafenix.com.br\/#website\",\"url\":\"https:\/\/agropecuariafenix.com.br\/\",\"name\":\"Agropecu\u00e1ria Fenix\",\"description\":\"Agropecu\u00e1ria F\u00eanix Pet - Ra\u00e7\u00f5es \/ Medicamentos Pet \/ Cl\u00ednica Veterin\u00e1ria \/ Banho e Tosa \/ Cachorro \/\u00a0Gato\u00a0\/\u00a0P\u00e1ssaros\",\"publisher\":{\"@id\":\"https:\/\/agropecuariafenix.com.br\/#organization\"},\"alternateName\":\"Agropecu\u00e1ria Fenix\",\"potentialAction\":[{\"@type\":\"SearchAction\",\"target\":{\"@type\":\"EntryPoint\",\"urlTemplate\":\"https:\/\/agropecuariafenix.com.br\/?s={search_term_string}\"},\"query-input\":{\"@type\":\"PropertyValueSpecification\",\"valueRequired\":true,\"valueName\":\"search_term_string\"}}],\"inLanguage\":\"pt-BR\"},{\"@type\":\"Organization\",\"@id\":\"https:\/\/agropecuariafenix.com.br\/#organization\",\"name\":\"Agropecu\u00e1ria Fenix\",\"alternateName\":\"Agropecu\u00e1ria Fenix\",\"url\":\"https:\/\/agropecuariafenix.com.br\/\",\"logo\":{\"@type\":\"ImageObject\",\"inLanguage\":\"pt-BR\",\"@id\":\"https:\/\/agropecuariafenix.com.br\/#\/schema\/logo\/image\/\",\"url\":\"https:\/\/agropecuariafenix.com.br\/wp-content\/uploads\/2023\/08\/logo_fenix3-Copy.png\",\"contentUrl\":\"https:\/\/agropecuariafenix.com.br\/wp-content\/uploads\/2023\/08\/logo_fenix3-Copy.png\",\"width\":500,\"height\":500,\"caption\":\"Agropecu\u00e1ria Fenix\"},\"image\":{\"@id\":\"https:\/\/agropecuariafenix.com.br\/#\/schema\/logo\/image\/\"},\"sameAs\":[\"https:\/\/web.facebook.com\/agropecuariafenixjau\",\"https:\/\/www.instagram.com\/agropecuaria_fenix_jau\/\"]}]}<\/script>\n<!-- \/ Yoast SEO plugin. -->","yoast_head_json":{"title":"Premier F\u00f3rmula C\u00e3es Adultos Ra\u00e7a Grande Frango 15Kg - Agropecu\u00e1ria Fenix","robots":{"index":"index","follow":"follow","max-snippet":"max-snippet:-1","max-image-preview":"max-image-preview:large","max-video-preview":"max-video-preview:-1"},"canonical":"https:\/\/agropecuariafenix.com.br\/index.php\/produto\/premier-formula-caes-adultos-raca-grande-frango-15kg\/","og_locale":"pt_BR","og_type":"article","og_title":"Premier F\u00f3rmula C\u00e3es Adultos Ra\u00e7a Grande Frango 15Kg - Agropecu\u00e1ria Fenix","og_description":"&#8211; Cora\u00e7\u00e3o forte e saud\u00e1vel: cont\u00e9m altos n\u00edveis de taurina que auxiliam na preserva\u00e7\u00e3o da fun\u00e7\u00e3o card\u00edaca; &#8211; Suporte articular: cont\u00e9m condroitina e glicosamina que auxiliam na manuten\u00e7\u00e3o da sa\u00fade das articula\u00e7\u00f5es; &#8211; Sa\u00fade intestinal: atrav\u00e9s da combina\u00e7\u00e3o de ingredientes de alta digestibilidade, fibras especiais e prebi\u00f3tico. &#8211; Este produto possui Satisfa\u00e7\u00e3o Garantida. Saiba mais abaixo na descri\u00e7\u00e3o.","og_url":"https:\/\/agropecuariafenix.com.br\/index.php\/produto\/premier-formula-caes-adultos-raca-grande-frango-15kg\/","og_site_name":"Agropecu\u00e1ria Fenix","article_publisher":"https:\/\/web.facebook.com\/agropecuariafenixjau","article_modified_time":"2025-10-28T20:54:57+00:00","og_image":[{"width":700,"height":700,"url":"https:\/\/agropecuariafenix.com.br\/wp-content\/uploads\/2022\/03\/Premier_Frmula_Ces_Adultos_Raa_Grande_Frango_15Kg_613513-1.jpg","type":"image\/jpeg"}],"twitter_card":"summary_large_image","twitter_misc":{"Est. tempo de leitura":"1 minuto"},"schema":{"@context":"https:\/\/schema.org","@graph":[{"@type":"WebPage","@id":"https:\/\/agropecuariafenix.com.br\/index.php\/produto\/premier-formula-caes-adultos-raca-grande-frango-15kg\/","url":"https:\/\/agropecuariafenix.com.br\/index.php\/produto\/premier-formula-caes-adultos-raca-grande-frango-15kg\/","name":"Premier F\u00f3rmula C\u00e3es Adultos Ra\u00e7a Grande Frango 15Kg - Agropecu\u00e1ria Fenix","isPartOf":{"@id":"https:\/\/agropecuariafenix.com.br\/#website"},"primaryImageOfPage":{"@id":"https:\/\/agropecuariafenix.com.br\/index.php\/produto\/premier-formula-caes-adultos-raca-grande-frango-15kg\/#primaryimage"},"image":{"@id":"https:\/\/agropecuariafenix.com.br\/index.php\/produto\/premier-formula-caes-adultos-raca-grande-frango-15kg\/#primaryimage"},"thumbnailUrl":"https:\/\/agropecuariafenix.com.br\/wp-content\/uploads\/2022\/03\/Premier_Frmula_Ces_Adultos_Raa_Grande_Frango_15Kg_613513-1.jpg","datePublished":"2022-03-04T20:26:56+00:00","dateModified":"2025-10-28T20:54:57+00:00","breadcrumb":{"@id":"https:\/\/agropecuariafenix.com.br\/index.php\/produto\/premier-formula-caes-adultos-raca-grande-frango-15kg\/#breadcrumb"},"inLanguage":"pt-BR","potentialAction":[{"@type":"ReadAction","target":["https:\/\/agropecuariafenix.com.br\/index.php\/produto\/premier-formula-caes-adultos-raca-grande-frango-15kg\/"]}]},{"@type":"ImageObject","inLanguage":"pt-BR","@id":"https:\/\/agropecuariafenix.com.br\/index.php\/produto\/premier-formula-caes-adultos-raca-grande-frango-15kg\/#primaryimage","url":"https:\/\/agropecuariafenix.com.br\/wp-content\/uploads\/2022\/03\/Premier_Frmula_Ces_Adultos_Raa_Grande_Frango_15Kg_613513-1.jpg","contentUrl":"https:\/\/agropecuariafenix.com.br\/wp-content\/uploads\/2022\/03\/Premier_Frmula_Ces_Adultos_Raa_Grande_Frango_15Kg_613513-1.jpg","width":700,"height":700,"caption":"Premier F\u00f3rmula C\u00e3es Adultos Ra\u00e7a Grande Frango 15Kg"},{"@type":"BreadcrumbList","@id":"https:\/\/agropecuariafenix.com.br\/index.php\/produto\/premier-formula-caes-adultos-raca-grande-frango-15kg\/#breadcrumb","itemListElement":[{"@type":"ListItem","position":1,"name":"In\u00edcio","item":"https:\/\/agropecuariafenix.com.br\/"},{"@type":"ListItem","position":2,"name":"Todos os produtos","item":"https:\/\/agropecuariafenix.com.br\/index.php\/loja\/"},{"@type":"ListItem","position":3,"name":"Premier F\u00f3rmula C\u00e3es Adultos Ra\u00e7a Grande Frango 15Kg"}]},{"@type":"WebSite","@id":"https:\/\/agropecuariafenix.com.br\/#website","url":"https:\/\/agropecuariafenix.com.br\/","name":"Agropecu\u00e1ria Fenix","description":"Agropecu\u00e1ria F\u00eanix Pet - Ra\u00e7\u00f5es \/ Medicamentos Pet \/ Cl\u00ednica Veterin\u00e1ria \/ Banho e Tosa \/ Cachorro \/\u00a0Gato\u00a0\/\u00a0P\u00e1ssaros","publisher":{"@id":"https:\/\/agropecuariafenix.com.br\/#organization"},"alternateName":"Agropecu\u00e1ria Fenix","potentialAction":[{"@type":"SearchAction","target":{"@type":"EntryPoint","urlTemplate":"https:\/\/agropecuariafenix.com.br\/?s={search_term_string}"},"query-input":{"@type":"PropertyValueSpecification","valueRequired":true,"valueName":"search_term_string"}}],"inLanguage":"pt-BR"},{"@type":"Organization","@id":"https:\/\/agropecuariafenix.com.br\/#organization","name":"Agropecu\u00e1ria Fenix","alternateName":"Agropecu\u00e1ria Fenix","url":"https:\/\/agropecuariafenix.com.br\/","logo":{"@type":"ImageObject","inLanguage":"pt-BR","@id":"https:\/\/agropecuariafenix.com.br\/#\/schema\/logo\/image\/","url":"https:\/\/agropecuariafenix.com.br\/wp-content\/uploads\/2023\/08\/logo_fenix3-Copy.png","contentUrl":"https:\/\/agropecuariafenix.com.br\/wp-content\/uploads\/2023\/08\/logo_fenix3-Copy.png","width":500,"height":500,"caption":"Agropecu\u00e1ria Fenix"},"image":{"@id":"https:\/\/agropecuariafenix.com.br\/#\/schema\/logo\/image\/"},"sameAs":["https:\/\/web.facebook.com\/agropecuariafenixjau","https:\/\/www.instagram.com\/agropecuaria_fenix_jau\/"]}]}},"_links":{"self":[{"href":"https:\/\/agropecuariafenix.com.br\/index.php\/wp-json\/wp\/v2\/product\/22959","targetHints":{"allow":["GET"]}}],"collection":[{"href":"https:\/\/agropecuariafenix.com.br\/index.php\/wp-json\/wp\/v2\/product"}],"about":[{"href":"https:\/\/agropecuariafenix.com.br\/index.php\/wp-json\/wp\/v2\/types\/product"}],"replies":[{"embeddable":true,"href":"https:\/\/agropecuariafenix.com.br\/index.php\/wp-json\/wp\/v2\/comments?post=22959"}],"version-history":[{"count":3,"href":"https:\/\/agropecuariafenix.com.br\/index.php\/wp-json\/wp\/v2\/product\/22959\/revisions"}],"predecessor-version":[{"id":23014,"href":"https:\/\/agropecuariafenix.com.br\/index.php\/wp-json\/wp\/v2\/product\/22959\/revisions\/23014"}],"wp:featuredmedia":[{"embeddable":true,"href":"https:\/\/agropecuariafenix.com.br\/index.php\/wp-json\/wp\/v2\/media\/23006"}],"wp:attachment":[{"href":"https:\/\/agropecuariafenix.com.br\/index.php\/wp-json\/wp\/v2\/media?parent=22959"}],"wp:term":[{"taxonomy":"product_brand","embeddable":true,"href":"https:\/\/agropecuariafenix.com.br\/index.php\/wp-json\/wp\/v2\/product_brand?post=22959"},{"taxonomy":"product_cat","embeddable":true,"href":"https:\/\/agropecuariafenix.com.br\/index.php\/wp-json\/wp\/v2\/product_cat?post=22959"},{"taxonomy":"product_tag","embeddable":true,"href":"https:\/\/agropecuariafenix.com.br\/index.php\/wp-json\/wp\/v2\/product_tag?post=22959"}],"curies":[{"name":"wp","href":"https:\/\/api.w.org\/{rel}","templated":true}]}}