{"id":22921,"date":"2022-03-04T15:52:50","date_gmt":"2022-03-04T18:52:50","guid":{"rendered":"https:\/\/agropecuariafenix.com.br\/index.php\/produto\/premier-ambientes-internos-duii-caes-adultos-10kg\/"},"modified":"2025-10-10T12:53:20","modified_gmt":"2025-10-10T15:53:20","slug":"premier-ambientes-internos-duii-caes-adultos-10kg","status":"publish","type":"product","link":"https:\/\/agropecuariafenix.com.br\/index.php\/produto\/premier-ambientes-internos-duii-caes-adultos-10kg\/","title":{"rendered":"Premier Ambientes Internos Duii C\u00e3es Adultos 10Kg"},"content":{"rendered":"<p>A Ra\u00e7\u00e3o Seca PremieR Pet Duii Cordeiro e Peru para C\u00e3es Adultos Pequeno Porte \u00e9 um alimento Super Premium que une ingredientes de alta qualidade, tecnologia, excelente e sabor para o seu melhor amigo. Ela possui 2 sabores embalados individualmente, que podem ser alternados ao longo do dia, oferecendo uma experiencia incr\u00edvel ao seu peludo. Toda essa liberdade de escolha s\u00f3 \u00e9 poss\u00edvel devido \u00e0 alta qualidade dos seus ingredientes e \u00e0 seguran\u00e7a digestiva garantidas pelo produto, que permite a varia\u00e7\u00e3o entre os dois sabores sem a necessidade de per\u00edodo pr\u00e9vio de adapta\u00e7\u00e3o.<\/p>\n","protected":false},"excerpt":{"rendered":"<p>&#8211; Possui 2 sabores, cordeiro e peru, indicada para c\u00e3es adultos de porte pequeno;<br \/>\n&#8211; Ra\u00e7\u00e3o super premium, com sabores embalados individualmente que n\u00e3o causa complica\u00e7\u00f5es digestivas;<br \/>\n&#8211; Dispensa adapta\u00e7\u00e3o entre os sabores: atende de forma saud\u00e1vel aos paladares mais exigentes;<br \/>\n&#8211; Com ingredientes naturais, sem corante e aromatizantes artificiais;<br \/>\n&#8211; Auxilia na sa\u00fade oral, pois evita o aparecimento de t\u00e1rtaros;<br \/>\n&#8211; Rico em prote\u00ednas de alta qualidade e equil\u00edbrio ideal de \u00e1cidos graxos essenciais &#8211; \u00f4megas 3 e 6;<br \/>\n&#8211; Ajuda a reduzir o odor e o volume das fezes, al\u00e9m de manter uma pelagem mais bonita e saud\u00e1vel.<\/p>\n","protected":false},"featured_media":22920,"comment_status":"open","ping_status":"closed","template":"","meta":[],"product_brand":[],"product_cat":[80],"product_tag":[119,307,76,464,75,257,465,461],"class_list":{"0":"post-22921","1":"product","2":"type-product","3":"status-publish","4":"has-post-thumbnail","6":"product_cat-racoes","7":"product_tag-10kg","8":"product_tag-12kg","9":"product_tag-adultos","10":"product_tag-ambientes","11":"product_tag-caes","12":"product_tag-duii","13":"product_tag-internos","14":"product_tag-premier","16":"first","17":"outofstock","18":"shipping-taxable","19":"purchasable","20":"product-type-simple"},"yoast_head":"<!-- This site is optimized with the Yoast SEO plugin v27.6 - https:\/\/yoast.com\/product\/yoast-seo-wordpress\/ -->\n<title>Premier Ambientes Internos Duii C\u00e3es Adultos 10Kg - Agropecu\u00e1ria Fenix<\/title>\n<meta name=\"robots\" content=\"index, follow, max-snippet:-1, max-image-preview:large, max-video-preview:-1\" \/>\n<link rel=\"canonical\" href=\"https:\/\/agropecuariafenix.com.br\/index.php\/produto\/premier-ambientes-internos-duii-caes-adultos-10kg\/\" \/>\n<meta property=\"og:locale\" content=\"pt_BR\" \/>\n<meta property=\"og:type\" content=\"article\" \/>\n<meta property=\"og:title\" content=\"Premier Ambientes Internos Duii C\u00e3es Adultos 10Kg - Agropecu\u00e1ria Fenix\" \/>\n<meta property=\"og:description\" content=\"&#8211; Possui 2 sabores, cordeiro e peru, indicada para c\u00e3es adultos de porte pequeno; &#8211; Ra\u00e7\u00e3o super premium, com sabores embalados individualmente que n\u00e3o causa complica\u00e7\u00f5es digestivas; &#8211; Dispensa adapta\u00e7\u00e3o entre os sabores: atende de forma saud\u00e1vel aos paladares mais exigentes; &#8211; Com ingredientes naturais, sem corante e aromatizantes artificiais; &#8211; Auxilia na sa\u00fade oral, pois evita o aparecimento de t\u00e1rtaros; &#8211; Rico em prote\u00ednas de alta qualidade e equil\u00edbrio ideal de \u00e1cidos graxos essenciais &#8211; \u00f4megas 3 e 6; &#8211; Ajuda a reduzir o odor e o volume das fezes, al\u00e9m de manter uma pelagem mais bonita e saud\u00e1vel.\" \/>\n<meta property=\"og:url\" content=\"https:\/\/agropecuariafenix.com.br\/index.php\/produto\/premier-ambientes-internos-duii-caes-adultos-10kg\/\" \/>\n<meta property=\"og:site_name\" content=\"Agropecu\u00e1ria Fenix\" \/>\n<meta property=\"article:publisher\" content=\"https:\/\/web.facebook.com\/agropecuariafenixjau\" \/>\n<meta property=\"article:modified_time\" content=\"2025-10-10T15:53:20+00:00\" \/>\n<meta property=\"og:image\" content=\"https:\/\/agropecuariafenix.com.br\/wp-content\/uploads\/2022\/03\/Premier_Ambientes_Internos_Duii_Ces_Adultos_10Kg_819657-1.jpg\" \/>\n\t<meta property=\"og:image:width\" content=\"600\" \/>\n\t<meta property=\"og:image:height\" content=\"600\" \/>\n\t<meta property=\"og:image:type\" content=\"image\/jpeg\" \/>\n<meta name=\"twitter:card\" content=\"summary_large_image\" \/>\n<script type=\"application\/ld+json\" class=\"yoast-schema-graph\">{\"@context\":\"https:\\\/\\\/schema.org\",\"@graph\":[{\"@type\":\"WebPage\",\"@id\":\"https:\\\/\\\/agropecuariafenix.com.br\\\/index.php\\\/produto\\\/premier-ambientes-internos-duii-caes-adultos-10kg\\\/\",\"url\":\"https:\\\/\\\/agropecuariafenix.com.br\\\/index.php\\\/produto\\\/premier-ambientes-internos-duii-caes-adultos-10kg\\\/\",\"name\":\"Premier Ambientes Internos Duii C\u00e3es Adultos 10Kg - Agropecu\u00e1ria Fenix\",\"isPartOf\":{\"@id\":\"https:\\\/\\\/agropecuariafenix.com.br\\\/#website\"},\"primaryImageOfPage\":{\"@id\":\"https:\\\/\\\/agropecuariafenix.com.br\\\/index.php\\\/produto\\\/premier-ambientes-internos-duii-caes-adultos-10kg\\\/#primaryimage\"},\"image\":{\"@id\":\"https:\\\/\\\/agropecuariafenix.com.br\\\/index.php\\\/produto\\\/premier-ambientes-internos-duii-caes-adultos-10kg\\\/#primaryimage\"},\"thumbnailUrl\":\"https:\\\/\\\/agropecuariafenix.com.br\\\/wp-content\\\/uploads\\\/2022\\\/03\\\/Premier_Ambientes_Internos_Duii_Ces_Adultos_10Kg_819657-1.jpg\",\"datePublished\":\"2022-03-04T18:52:50+00:00\",\"dateModified\":\"2025-10-10T15:53:20+00:00\",\"breadcrumb\":{\"@id\":\"https:\\\/\\\/agropecuariafenix.com.br\\\/index.php\\\/produto\\\/premier-ambientes-internos-duii-caes-adultos-10kg\\\/#breadcrumb\"},\"inLanguage\":\"pt-BR\",\"potentialAction\":[{\"@type\":\"ReadAction\",\"target\":[\"https:\\\/\\\/agropecuariafenix.com.br\\\/index.php\\\/produto\\\/premier-ambientes-internos-duii-caes-adultos-10kg\\\/\"]}]},{\"@type\":\"ImageObject\",\"inLanguage\":\"pt-BR\",\"@id\":\"https:\\\/\\\/agropecuariafenix.com.br\\\/index.php\\\/produto\\\/premier-ambientes-internos-duii-caes-adultos-10kg\\\/#primaryimage\",\"url\":\"https:\\\/\\\/agropecuariafenix.com.br\\\/wp-content\\\/uploads\\\/2022\\\/03\\\/Premier_Ambientes_Internos_Duii_Ces_Adultos_10Kg_819657-1.jpg\",\"contentUrl\":\"https:\\\/\\\/agropecuariafenix.com.br\\\/wp-content\\\/uploads\\\/2022\\\/03\\\/Premier_Ambientes_Internos_Duii_Ces_Adultos_10Kg_819657-1.jpg\",\"width\":600,\"height\":600,\"caption\":\"Premier Ambientes Internos Duii C\u00e3es Adultos 10Kg\"},{\"@type\":\"BreadcrumbList\",\"@id\":\"https:\\\/\\\/agropecuariafenix.com.br\\\/index.php\\\/produto\\\/premier-ambientes-internos-duii-caes-adultos-10kg\\\/#breadcrumb\",\"itemListElement\":[{\"@type\":\"ListItem\",\"position\":1,\"name\":\"In\u00edcio\",\"item\":\"https:\\\/\\\/agropecuariafenix.com.br\\\/\"},{\"@type\":\"ListItem\",\"position\":2,\"name\":\"Todos os produtos\",\"item\":\"https:\\\/\\\/agropecuariafenix.com.br\\\/index.php\\\/loja\\\/\"},{\"@type\":\"ListItem\",\"position\":3,\"name\":\"Premier Ambientes Internos Duii C\u00e3es Adultos 10Kg\"}]},{\"@type\":\"WebSite\",\"@id\":\"https:\\\/\\\/agropecuariafenix.com.br\\\/#website\",\"url\":\"https:\\\/\\\/agropecuariafenix.com.br\\\/\",\"name\":\"Agropecu\u00e1ria Fenix\",\"description\":\"Agropecu\u00e1ria F\u00eanix Pet - Ra\u00e7\u00f5es \\\/ Medicamentos Pet \\\/ Cl\u00ednica Veterin\u00e1ria \\\/ Banho e Tosa \\\/ Cachorro \\\/\u00a0Gato\u00a0\\\/\u00a0P\u00e1ssaros\",\"publisher\":{\"@id\":\"https:\\\/\\\/agropecuariafenix.com.br\\\/#organization\"},\"alternateName\":\"Agropecu\u00e1ria Fenix\",\"potentialAction\":[{\"@type\":\"SearchAction\",\"target\":{\"@type\":\"EntryPoint\",\"urlTemplate\":\"https:\\\/\\\/agropecuariafenix.com.br\\\/?s={search_term_string}\"},\"query-input\":{\"@type\":\"PropertyValueSpecification\",\"valueRequired\":true,\"valueName\":\"search_term_string\"}}],\"inLanguage\":\"pt-BR\"},{\"@type\":\"Organization\",\"@id\":\"https:\\\/\\\/agropecuariafenix.com.br\\\/#organization\",\"name\":\"Agropecu\u00e1ria Fenix\",\"alternateName\":\"Agropecu\u00e1ria Fenix\",\"url\":\"https:\\\/\\\/agropecuariafenix.com.br\\\/\",\"logo\":{\"@type\":\"ImageObject\",\"inLanguage\":\"pt-BR\",\"@id\":\"https:\\\/\\\/agropecuariafenix.com.br\\\/#\\\/schema\\\/logo\\\/image\\\/\",\"url\":\"https:\\\/\\\/agropecuariafenix.com.br\\\/wp-content\\\/uploads\\\/2023\\\/08\\\/logo_fenix3-Copy.png\",\"contentUrl\":\"https:\\\/\\\/agropecuariafenix.com.br\\\/wp-content\\\/uploads\\\/2023\\\/08\\\/logo_fenix3-Copy.png\",\"width\":500,\"height\":500,\"caption\":\"Agropecu\u00e1ria Fenix\"},\"image\":{\"@id\":\"https:\\\/\\\/agropecuariafenix.com.br\\\/#\\\/schema\\\/logo\\\/image\\\/\"},\"sameAs\":[\"https:\\\/\\\/web.facebook.com\\\/agropecuariafenixjau\",\"https:\\\/\\\/www.instagram.com\\\/agropecuaria_fenix_jau\\\/\"]}]}<\/script>\n<!-- \/ Yoast SEO plugin. -->","yoast_head_json":{"title":"Premier Ambientes Internos Duii C\u00e3es Adultos 10Kg - Agropecu\u00e1ria Fenix","robots":{"index":"index","follow":"follow","max-snippet":"max-snippet:-1","max-image-preview":"max-image-preview:large","max-video-preview":"max-video-preview:-1"},"canonical":"https:\/\/agropecuariafenix.com.br\/index.php\/produto\/premier-ambientes-internos-duii-caes-adultos-10kg\/","og_locale":"pt_BR","og_type":"article","og_title":"Premier Ambientes Internos Duii C\u00e3es Adultos 10Kg - Agropecu\u00e1ria Fenix","og_description":"&#8211; Possui 2 sabores, cordeiro e peru, indicada para c\u00e3es adultos de porte pequeno; &#8211; Ra\u00e7\u00e3o super premium, com sabores embalados individualmente que n\u00e3o causa complica\u00e7\u00f5es digestivas; &#8211; Dispensa adapta\u00e7\u00e3o entre os sabores: atende de forma saud\u00e1vel aos paladares mais exigentes; &#8211; Com ingredientes naturais, sem corante e aromatizantes artificiais; &#8211; Auxilia na sa\u00fade oral, pois evita o aparecimento de t\u00e1rtaros; &#8211; Rico em prote\u00ednas de alta qualidade e equil\u00edbrio ideal de \u00e1cidos graxos essenciais &#8211; \u00f4megas 3 e 6; &#8211; Ajuda a reduzir o odor e o volume das fezes, al\u00e9m de manter uma pelagem mais bonita e saud\u00e1vel.","og_url":"https:\/\/agropecuariafenix.com.br\/index.php\/produto\/premier-ambientes-internos-duii-caes-adultos-10kg\/","og_site_name":"Agropecu\u00e1ria Fenix","article_publisher":"https:\/\/web.facebook.com\/agropecuariafenixjau","article_modified_time":"2025-10-10T15:53:20+00:00","og_image":[{"width":600,"height":600,"url":"https:\/\/agropecuariafenix.com.br\/wp-content\/uploads\/2022\/03\/Premier_Ambientes_Internos_Duii_Ces_Adultos_10Kg_819657-1.jpg","type":"image\/jpeg"}],"twitter_card":"summary_large_image","schema":{"@context":"https:\/\/schema.org","@graph":[{"@type":"WebPage","@id":"https:\/\/agropecuariafenix.com.br\/index.php\/produto\/premier-ambientes-internos-duii-caes-adultos-10kg\/","url":"https:\/\/agropecuariafenix.com.br\/index.php\/produto\/premier-ambientes-internos-duii-caes-adultos-10kg\/","name":"Premier Ambientes Internos Duii C\u00e3es Adultos 10Kg - Agropecu\u00e1ria Fenix","isPartOf":{"@id":"https:\/\/agropecuariafenix.com.br\/#website"},"primaryImageOfPage":{"@id":"https:\/\/agropecuariafenix.com.br\/index.php\/produto\/premier-ambientes-internos-duii-caes-adultos-10kg\/#primaryimage"},"image":{"@id":"https:\/\/agropecuariafenix.com.br\/index.php\/produto\/premier-ambientes-internos-duii-caes-adultos-10kg\/#primaryimage"},"thumbnailUrl":"https:\/\/agropecuariafenix.com.br\/wp-content\/uploads\/2022\/03\/Premier_Ambientes_Internos_Duii_Ces_Adultos_10Kg_819657-1.jpg","datePublished":"2022-03-04T18:52:50+00:00","dateModified":"2025-10-10T15:53:20+00:00","breadcrumb":{"@id":"https:\/\/agropecuariafenix.com.br\/index.php\/produto\/premier-ambientes-internos-duii-caes-adultos-10kg\/#breadcrumb"},"inLanguage":"pt-BR","potentialAction":[{"@type":"ReadAction","target":["https:\/\/agropecuariafenix.com.br\/index.php\/produto\/premier-ambientes-internos-duii-caes-adultos-10kg\/"]}]},{"@type":"ImageObject","inLanguage":"pt-BR","@id":"https:\/\/agropecuariafenix.com.br\/index.php\/produto\/premier-ambientes-internos-duii-caes-adultos-10kg\/#primaryimage","url":"https:\/\/agropecuariafenix.com.br\/wp-content\/uploads\/2022\/03\/Premier_Ambientes_Internos_Duii_Ces_Adultos_10Kg_819657-1.jpg","contentUrl":"https:\/\/agropecuariafenix.com.br\/wp-content\/uploads\/2022\/03\/Premier_Ambientes_Internos_Duii_Ces_Adultos_10Kg_819657-1.jpg","width":600,"height":600,"caption":"Premier Ambientes Internos Duii C\u00e3es Adultos 10Kg"},{"@type":"BreadcrumbList","@id":"https:\/\/agropecuariafenix.com.br\/index.php\/produto\/premier-ambientes-internos-duii-caes-adultos-10kg\/#breadcrumb","itemListElement":[{"@type":"ListItem","position":1,"name":"In\u00edcio","item":"https:\/\/agropecuariafenix.com.br\/"},{"@type":"ListItem","position":2,"name":"Todos os produtos","item":"https:\/\/agropecuariafenix.com.br\/index.php\/loja\/"},{"@type":"ListItem","position":3,"name":"Premier Ambientes Internos Duii C\u00e3es Adultos 10Kg"}]},{"@type":"WebSite","@id":"https:\/\/agropecuariafenix.com.br\/#website","url":"https:\/\/agropecuariafenix.com.br\/","name":"Agropecu\u00e1ria Fenix","description":"Agropecu\u00e1ria F\u00eanix Pet - Ra\u00e7\u00f5es \/ Medicamentos Pet \/ Cl\u00ednica Veterin\u00e1ria \/ Banho e Tosa \/ Cachorro \/\u00a0Gato\u00a0\/\u00a0P\u00e1ssaros","publisher":{"@id":"https:\/\/agropecuariafenix.com.br\/#organization"},"alternateName":"Agropecu\u00e1ria Fenix","potentialAction":[{"@type":"SearchAction","target":{"@type":"EntryPoint","urlTemplate":"https:\/\/agropecuariafenix.com.br\/?s={search_term_string}"},"query-input":{"@type":"PropertyValueSpecification","valueRequired":true,"valueName":"search_term_string"}}],"inLanguage":"pt-BR"},{"@type":"Organization","@id":"https:\/\/agropecuariafenix.com.br\/#organization","name":"Agropecu\u00e1ria Fenix","alternateName":"Agropecu\u00e1ria Fenix","url":"https:\/\/agropecuariafenix.com.br\/","logo":{"@type":"ImageObject","inLanguage":"pt-BR","@id":"https:\/\/agropecuariafenix.com.br\/#\/schema\/logo\/image\/","url":"https:\/\/agropecuariafenix.com.br\/wp-content\/uploads\/2023\/08\/logo_fenix3-Copy.png","contentUrl":"https:\/\/agropecuariafenix.com.br\/wp-content\/uploads\/2023\/08\/logo_fenix3-Copy.png","width":500,"height":500,"caption":"Agropecu\u00e1ria Fenix"},"image":{"@id":"https:\/\/agropecuariafenix.com.br\/#\/schema\/logo\/image\/"},"sameAs":["https:\/\/web.facebook.com\/agropecuariafenixjau","https:\/\/www.instagram.com\/agropecuaria_fenix_jau\/"]}]}},"_links":{"self":[{"href":"https:\/\/agropecuariafenix.com.br\/index.php\/wp-json\/wp\/v2\/product\/22921","targetHints":{"allow":["GET"]}}],"collection":[{"href":"https:\/\/agropecuariafenix.com.br\/index.php\/wp-json\/wp\/v2\/product"}],"about":[{"href":"https:\/\/agropecuariafenix.com.br\/index.php\/wp-json\/wp\/v2\/types\/product"}],"replies":[{"embeddable":true,"href":"https:\/\/agropecuariafenix.com.br\/index.php\/wp-json\/wp\/v2\/comments?post=22921"}],"version-history":[{"count":1,"href":"https:\/\/agropecuariafenix.com.br\/index.php\/wp-json\/wp\/v2\/product\/22921\/revisions"}],"predecessor-version":[{"id":22924,"href":"https:\/\/agropecuariafenix.com.br\/index.php\/wp-json\/wp\/v2\/product\/22921\/revisions\/22924"}],"wp:featuredmedia":[{"embeddable":true,"href":"https:\/\/agropecuariafenix.com.br\/index.php\/wp-json\/wp\/v2\/media\/22920"}],"wp:attachment":[{"href":"https:\/\/agropecuariafenix.com.br\/index.php\/wp-json\/wp\/v2\/media?parent=22921"}],"wp:term":[{"taxonomy":"product_brand","embeddable":true,"href":"https:\/\/agropecuariafenix.com.br\/index.php\/wp-json\/wp\/v2\/product_brand?post=22921"},{"taxonomy":"product_cat","embeddable":true,"href":"https:\/\/agropecuariafenix.com.br\/index.php\/wp-json\/wp\/v2\/product_cat?post=22921"},{"taxonomy":"product_tag","embeddable":true,"href":"https:\/\/agropecuariafenix.com.br\/index.php\/wp-json\/wp\/v2\/product_tag?post=22921"}],"curies":[{"name":"wp","href":"https:\/\/api.w.org\/{rel}","templated":true}]}}