{"id":22864,"date":"2022-02-28T16:32:59","date_gmt":"2022-02-28T19:32:59","guid":{"rendered":"https:\/\/agropecuariafenix.com.br\/index.php\/produto\/premier-ambientes-internos-caes-filhotes-papinha-desmame-1kg\/"},"modified":"2026-05-06T10:56:38","modified_gmt":"2026-05-06T13:56:38","slug":"premier-ambientes-internos-caes-filhotes-papinha-desmame-1kg","status":"publish","type":"product","link":"https:\/\/agropecuariafenix.com.br\/index.php\/produto\/premier-ambientes-internos-caes-filhotes-papinha-desmame-1kg\/","title":{"rendered":"Premier Ambientes Internos C\u00e3es Filhotes Papinha Desmame 1Kg"},"content":{"rendered":"<p>A fase mais delicada na vida dos filhotes \u00e9 quando ele se separa de sua m\u00e3e e come\u00e7a a conviver com nossa fam\u00edlia. A transi\u00e7\u00e3o suave do leite materno para o alimento s\u00f3lido \u00e9 essencial para que ele mantenha sua sa\u00fade e se adapte com prazer a essa nova alimenta\u00e7\u00e3o. A Papinha Desmame Premier Pet Ambientes Internos C\u00e3es Filhotes \u00e9 um alimento Super Premium em p\u00f3 que prepara seu filhote para receber uma alimenta\u00e7\u00e3o s\u00f3lida, sem que ele sinta a falta do leite materno. Para isso, sua f\u00f3rmula exclusiva com leite sem lactose apresenta excelente sabor e mant\u00e9m a sa\u00fade do intestino, evitando problemas por rejei\u00e7\u00e3o \u00e0 lactose. PremieR Ambientes Internos Papinha Desmame \u00e9 um alimento completo e balanceado que satisfaz 100% das necessidades nutricionais dos filhotes em crescimento. Os n\u00edveis ideais de prote\u00ednas, gorduras, vitaminas e minerais (como c\u00e1lcio e f\u00f3sforo) asseguram o perfeito desenvolvimento \u00f3sseo-muscular do seu filhote. Desenvolvido segundo a filosofia de Nutri\u00e7\u00e3o \u00d3tima, PremieR Ambientes Internos Papinha Desmame \u00e9 produzido exclusivamente com as mat\u00e9rias-primas de mais alto valor nutricional e digestibilidade.<\/p>\n<p>Solicita\u00e7\u00f5es referentes \u00e0 Garantia de Satisfa\u00e7\u00e3o devem ser encaminhadas diretamente para o fabricante por meio do PremieR Responde \u2013 Telefone 0800 55 66 66. Para mais informa\u00e7\u00f5es acesse: http:\/\/www.premierpet.com.br\/garantia-premier-pet\/<\/p>\n","protected":false},"excerpt":{"rendered":"<p>&#8211; Sem lactose, com prote\u00ednas do leite: que proporcionam excelente sabor e mant\u00eam a sa\u00fade intestinal;<br \/>\n&#8211; Crescimento saud\u00e1vel: enriquecido com todas as vitaminas e minerais essenciais aos c\u00e3es filhotes;<br \/>\n&#8211; Equil\u00edbrio intestinal: atrav\u00e9s da combina\u00e7\u00e3o de ingredientes de alta digestibilidade, fibras especiais e prebi\u00f3ticos;<br \/>\n&#8211; Rico em DHA: importante \u00f4mega 3 presente no \u00f3leo de peixe, que auxilia no desenvolvimento e na memoriza\u00e7\u00e3o dos filhotes.<\/p>\n<p>&#8211; Este produto possui Satisfa\u00e7\u00e3o Garantida. Saiba mais abaixo na descri\u00e7\u00e3o.<\/p>\n","protected":false},"featured_media":22863,"comment_status":"open","ping_status":"closed","template":"","meta":[],"product_brand":[],"product_cat":[80],"product_tag":[347,464,75,487,126,465,486,461],"class_list":{"0":"post-22864","1":"product","2":"type-product","3":"status-publish","4":"has-post-thumbnail","6":"product_cat-racoes","7":"product_tag-1kg","8":"product_tag-ambientes","9":"product_tag-caes","10":"product_tag-desmame","11":"product_tag-filhotes","12":"product_tag-internos","13":"product_tag-papinha","14":"product_tag-premier","16":"first","17":"instock","18":"shipping-taxable","19":"purchasable","20":"product-type-simple"},"yoast_head":"<!-- This site is optimized with the Yoast SEO plugin v27.6 - https:\/\/yoast.com\/product\/yoast-seo-wordpress\/ -->\n<title>Premier Ambientes Internos C\u00e3es Filhotes Papinha Desmame 1Kg - Agropecu\u00e1ria Fenix<\/title>\n<meta name=\"robots\" content=\"index, follow, max-snippet:-1, max-image-preview:large, max-video-preview:-1\" \/>\n<link rel=\"canonical\" href=\"https:\/\/agropecuariafenix.com.br\/index.php\/produto\/premier-ambientes-internos-caes-filhotes-papinha-desmame-1kg\/\" \/>\n<meta property=\"og:locale\" content=\"pt_BR\" \/>\n<meta property=\"og:type\" content=\"article\" \/>\n<meta property=\"og:title\" content=\"Premier Ambientes Internos C\u00e3es Filhotes Papinha Desmame 1Kg - Agropecu\u00e1ria Fenix\" \/>\n<meta property=\"og:description\" content=\"&#8211; Sem lactose, com prote\u00ednas do leite: que proporcionam excelente sabor e mant\u00eam a sa\u00fade intestinal; &#8211; Crescimento saud\u00e1vel: enriquecido com todas as vitaminas e minerais essenciais aos c\u00e3es filhotes; &#8211; Equil\u00edbrio intestinal: atrav\u00e9s da combina\u00e7\u00e3o de ingredientes de alta digestibilidade, fibras especiais e prebi\u00f3ticos; &#8211; Rico em DHA: importante \u00f4mega 3 presente no \u00f3leo de peixe, que auxilia no desenvolvimento e na memoriza\u00e7\u00e3o dos filhotes. &#8211; Este produto possui Satisfa\u00e7\u00e3o Garantida. Saiba mais abaixo na descri\u00e7\u00e3o.\" \/>\n<meta property=\"og:url\" content=\"https:\/\/agropecuariafenix.com.br\/index.php\/produto\/premier-ambientes-internos-caes-filhotes-papinha-desmame-1kg\/\" \/>\n<meta property=\"og:site_name\" content=\"Agropecu\u00e1ria Fenix\" \/>\n<meta property=\"article:publisher\" content=\"https:\/\/web.facebook.com\/agropecuariafenixjau\" \/>\n<meta property=\"article:modified_time\" content=\"2026-05-06T13:56:38+00:00\" \/>\n<meta property=\"og:image\" content=\"https:\/\/agropecuariafenix.com.br\/wp-content\/uploads\/2022\/02\/Premier_Ambientes_Internos_Ces_Filhotes_Papinha_Desmame_1Kg_18368-1.jpg\" \/>\n\t<meta property=\"og:image:width\" content=\"700\" \/>\n\t<meta property=\"og:image:height\" content=\"700\" \/>\n\t<meta property=\"og:image:type\" content=\"image\/jpeg\" \/>\n<meta name=\"twitter:card\" content=\"summary_large_image\" \/>\n<meta name=\"twitter:label1\" content=\"Est. tempo de leitura\" \/>\n\t<meta name=\"twitter:data1\" content=\"1 minuto\" \/>\n<script type=\"application\/ld+json\" class=\"yoast-schema-graph\">{\"@context\":\"https:\\\/\\\/schema.org\",\"@graph\":[{\"@type\":\"WebPage\",\"@id\":\"https:\\\/\\\/agropecuariafenix.com.br\\\/index.php\\\/produto\\\/premier-ambientes-internos-caes-filhotes-papinha-desmame-1kg\\\/\",\"url\":\"https:\\\/\\\/agropecuariafenix.com.br\\\/index.php\\\/produto\\\/premier-ambientes-internos-caes-filhotes-papinha-desmame-1kg\\\/\",\"name\":\"Premier Ambientes Internos C\u00e3es Filhotes Papinha Desmame 1Kg - Agropecu\u00e1ria Fenix\",\"isPartOf\":{\"@id\":\"https:\\\/\\\/agropecuariafenix.com.br\\\/#website\"},\"primaryImageOfPage\":{\"@id\":\"https:\\\/\\\/agropecuariafenix.com.br\\\/index.php\\\/produto\\\/premier-ambientes-internos-caes-filhotes-papinha-desmame-1kg\\\/#primaryimage\"},\"image\":{\"@id\":\"https:\\\/\\\/agropecuariafenix.com.br\\\/index.php\\\/produto\\\/premier-ambientes-internos-caes-filhotes-papinha-desmame-1kg\\\/#primaryimage\"},\"thumbnailUrl\":\"https:\\\/\\\/agropecuariafenix.com.br\\\/wp-content\\\/uploads\\\/2022\\\/02\\\/Premier_Ambientes_Internos_Ces_Filhotes_Papinha_Desmame_1Kg_18368-1.jpg\",\"datePublished\":\"2022-02-28T19:32:59+00:00\",\"dateModified\":\"2026-05-06T13:56:38+00:00\",\"breadcrumb\":{\"@id\":\"https:\\\/\\\/agropecuariafenix.com.br\\\/index.php\\\/produto\\\/premier-ambientes-internos-caes-filhotes-papinha-desmame-1kg\\\/#breadcrumb\"},\"inLanguage\":\"pt-BR\",\"potentialAction\":[{\"@type\":\"ReadAction\",\"target\":[\"https:\\\/\\\/agropecuariafenix.com.br\\\/index.php\\\/produto\\\/premier-ambientes-internos-caes-filhotes-papinha-desmame-1kg\\\/\"]}]},{\"@type\":\"ImageObject\",\"inLanguage\":\"pt-BR\",\"@id\":\"https:\\\/\\\/agropecuariafenix.com.br\\\/index.php\\\/produto\\\/premier-ambientes-internos-caes-filhotes-papinha-desmame-1kg\\\/#primaryimage\",\"url\":\"https:\\\/\\\/agropecuariafenix.com.br\\\/wp-content\\\/uploads\\\/2022\\\/02\\\/Premier_Ambientes_Internos_Ces_Filhotes_Papinha_Desmame_1Kg_18368-1.jpg\",\"contentUrl\":\"https:\\\/\\\/agropecuariafenix.com.br\\\/wp-content\\\/uploads\\\/2022\\\/02\\\/Premier_Ambientes_Internos_Ces_Filhotes_Papinha_Desmame_1Kg_18368-1.jpg\",\"width\":700,\"height\":700,\"caption\":\"Premier Ambientes Internos C\u00e3es Filhotes Papinha Desmame 1Kg\"},{\"@type\":\"BreadcrumbList\",\"@id\":\"https:\\\/\\\/agropecuariafenix.com.br\\\/index.php\\\/produto\\\/premier-ambientes-internos-caes-filhotes-papinha-desmame-1kg\\\/#breadcrumb\",\"itemListElement\":[{\"@type\":\"ListItem\",\"position\":1,\"name\":\"In\u00edcio\",\"item\":\"https:\\\/\\\/agropecuariafenix.com.br\\\/\"},{\"@type\":\"ListItem\",\"position\":2,\"name\":\"Todos os produtos\",\"item\":\"https:\\\/\\\/agropecuariafenix.com.br\\\/index.php\\\/loja\\\/\"},{\"@type\":\"ListItem\",\"position\":3,\"name\":\"Premier Ambientes Internos C\u00e3es Filhotes Papinha Desmame 1Kg\"}]},{\"@type\":\"WebSite\",\"@id\":\"https:\\\/\\\/agropecuariafenix.com.br\\\/#website\",\"url\":\"https:\\\/\\\/agropecuariafenix.com.br\\\/\",\"name\":\"Agropecu\u00e1ria Fenix\",\"description\":\"Agropecu\u00e1ria F\u00eanix Pet - Ra\u00e7\u00f5es \\\/ Medicamentos Pet \\\/ Cl\u00ednica Veterin\u00e1ria \\\/ Banho e Tosa \\\/ Cachorro \\\/\u00a0Gato\u00a0\\\/\u00a0P\u00e1ssaros\",\"publisher\":{\"@id\":\"https:\\\/\\\/agropecuariafenix.com.br\\\/#organization\"},\"alternateName\":\"Agropecu\u00e1ria Fenix\",\"potentialAction\":[{\"@type\":\"SearchAction\",\"target\":{\"@type\":\"EntryPoint\",\"urlTemplate\":\"https:\\\/\\\/agropecuariafenix.com.br\\\/?s={search_term_string}\"},\"query-input\":{\"@type\":\"PropertyValueSpecification\",\"valueRequired\":true,\"valueName\":\"search_term_string\"}}],\"inLanguage\":\"pt-BR\"},{\"@type\":\"Organization\",\"@id\":\"https:\\\/\\\/agropecuariafenix.com.br\\\/#organization\",\"name\":\"Agropecu\u00e1ria Fenix\",\"alternateName\":\"Agropecu\u00e1ria Fenix\",\"url\":\"https:\\\/\\\/agropecuariafenix.com.br\\\/\",\"logo\":{\"@type\":\"ImageObject\",\"inLanguage\":\"pt-BR\",\"@id\":\"https:\\\/\\\/agropecuariafenix.com.br\\\/#\\\/schema\\\/logo\\\/image\\\/\",\"url\":\"https:\\\/\\\/agropecuariafenix.com.br\\\/wp-content\\\/uploads\\\/2023\\\/08\\\/logo_fenix3-Copy.png\",\"contentUrl\":\"https:\\\/\\\/agropecuariafenix.com.br\\\/wp-content\\\/uploads\\\/2023\\\/08\\\/logo_fenix3-Copy.png\",\"width\":500,\"height\":500,\"caption\":\"Agropecu\u00e1ria Fenix\"},\"image\":{\"@id\":\"https:\\\/\\\/agropecuariafenix.com.br\\\/#\\\/schema\\\/logo\\\/image\\\/\"},\"sameAs\":[\"https:\\\/\\\/web.facebook.com\\\/agropecuariafenixjau\",\"https:\\\/\\\/www.instagram.com\\\/agropecuaria_fenix_jau\\\/\"]}]}<\/script>\n<!-- \/ Yoast SEO plugin. -->","yoast_head_json":{"title":"Premier Ambientes Internos C\u00e3es Filhotes Papinha Desmame 1Kg - Agropecu\u00e1ria Fenix","robots":{"index":"index","follow":"follow","max-snippet":"max-snippet:-1","max-image-preview":"max-image-preview:large","max-video-preview":"max-video-preview:-1"},"canonical":"https:\/\/agropecuariafenix.com.br\/index.php\/produto\/premier-ambientes-internos-caes-filhotes-papinha-desmame-1kg\/","og_locale":"pt_BR","og_type":"article","og_title":"Premier Ambientes Internos C\u00e3es Filhotes Papinha Desmame 1Kg - Agropecu\u00e1ria Fenix","og_description":"&#8211; Sem lactose, com prote\u00ednas do leite: que proporcionam excelente sabor e mant\u00eam a sa\u00fade intestinal; &#8211; Crescimento saud\u00e1vel: enriquecido com todas as vitaminas e minerais essenciais aos c\u00e3es filhotes; &#8211; Equil\u00edbrio intestinal: atrav\u00e9s da combina\u00e7\u00e3o de ingredientes de alta digestibilidade, fibras especiais e prebi\u00f3ticos; &#8211; Rico em DHA: importante \u00f4mega 3 presente no \u00f3leo de peixe, que auxilia no desenvolvimento e na memoriza\u00e7\u00e3o dos filhotes. &#8211; Este produto possui Satisfa\u00e7\u00e3o Garantida. Saiba mais abaixo na descri\u00e7\u00e3o.","og_url":"https:\/\/agropecuariafenix.com.br\/index.php\/produto\/premier-ambientes-internos-caes-filhotes-papinha-desmame-1kg\/","og_site_name":"Agropecu\u00e1ria Fenix","article_publisher":"https:\/\/web.facebook.com\/agropecuariafenixjau","article_modified_time":"2026-05-06T13:56:38+00:00","og_image":[{"width":700,"height":700,"url":"https:\/\/agropecuariafenix.com.br\/wp-content\/uploads\/2022\/02\/Premier_Ambientes_Internos_Ces_Filhotes_Papinha_Desmame_1Kg_18368-1.jpg","type":"image\/jpeg"}],"twitter_card":"summary_large_image","twitter_misc":{"Est. tempo de leitura":"1 minuto"},"schema":{"@context":"https:\/\/schema.org","@graph":[{"@type":"WebPage","@id":"https:\/\/agropecuariafenix.com.br\/index.php\/produto\/premier-ambientes-internos-caes-filhotes-papinha-desmame-1kg\/","url":"https:\/\/agropecuariafenix.com.br\/index.php\/produto\/premier-ambientes-internos-caes-filhotes-papinha-desmame-1kg\/","name":"Premier Ambientes Internos C\u00e3es Filhotes Papinha Desmame 1Kg - Agropecu\u00e1ria Fenix","isPartOf":{"@id":"https:\/\/agropecuariafenix.com.br\/#website"},"primaryImageOfPage":{"@id":"https:\/\/agropecuariafenix.com.br\/index.php\/produto\/premier-ambientes-internos-caes-filhotes-papinha-desmame-1kg\/#primaryimage"},"image":{"@id":"https:\/\/agropecuariafenix.com.br\/index.php\/produto\/premier-ambientes-internos-caes-filhotes-papinha-desmame-1kg\/#primaryimage"},"thumbnailUrl":"https:\/\/agropecuariafenix.com.br\/wp-content\/uploads\/2022\/02\/Premier_Ambientes_Internos_Ces_Filhotes_Papinha_Desmame_1Kg_18368-1.jpg","datePublished":"2022-02-28T19:32:59+00:00","dateModified":"2026-05-06T13:56:38+00:00","breadcrumb":{"@id":"https:\/\/agropecuariafenix.com.br\/index.php\/produto\/premier-ambientes-internos-caes-filhotes-papinha-desmame-1kg\/#breadcrumb"},"inLanguage":"pt-BR","potentialAction":[{"@type":"ReadAction","target":["https:\/\/agropecuariafenix.com.br\/index.php\/produto\/premier-ambientes-internos-caes-filhotes-papinha-desmame-1kg\/"]}]},{"@type":"ImageObject","inLanguage":"pt-BR","@id":"https:\/\/agropecuariafenix.com.br\/index.php\/produto\/premier-ambientes-internos-caes-filhotes-papinha-desmame-1kg\/#primaryimage","url":"https:\/\/agropecuariafenix.com.br\/wp-content\/uploads\/2022\/02\/Premier_Ambientes_Internos_Ces_Filhotes_Papinha_Desmame_1Kg_18368-1.jpg","contentUrl":"https:\/\/agropecuariafenix.com.br\/wp-content\/uploads\/2022\/02\/Premier_Ambientes_Internos_Ces_Filhotes_Papinha_Desmame_1Kg_18368-1.jpg","width":700,"height":700,"caption":"Premier Ambientes Internos C\u00e3es Filhotes Papinha Desmame 1Kg"},{"@type":"BreadcrumbList","@id":"https:\/\/agropecuariafenix.com.br\/index.php\/produto\/premier-ambientes-internos-caes-filhotes-papinha-desmame-1kg\/#breadcrumb","itemListElement":[{"@type":"ListItem","position":1,"name":"In\u00edcio","item":"https:\/\/agropecuariafenix.com.br\/"},{"@type":"ListItem","position":2,"name":"Todos os produtos","item":"https:\/\/agropecuariafenix.com.br\/index.php\/loja\/"},{"@type":"ListItem","position":3,"name":"Premier Ambientes Internos C\u00e3es Filhotes Papinha Desmame 1Kg"}]},{"@type":"WebSite","@id":"https:\/\/agropecuariafenix.com.br\/#website","url":"https:\/\/agropecuariafenix.com.br\/","name":"Agropecu\u00e1ria Fenix","description":"Agropecu\u00e1ria F\u00eanix Pet - Ra\u00e7\u00f5es \/ Medicamentos Pet \/ Cl\u00ednica Veterin\u00e1ria \/ Banho e Tosa \/ Cachorro \/\u00a0Gato\u00a0\/\u00a0P\u00e1ssaros","publisher":{"@id":"https:\/\/agropecuariafenix.com.br\/#organization"},"alternateName":"Agropecu\u00e1ria Fenix","potentialAction":[{"@type":"SearchAction","target":{"@type":"EntryPoint","urlTemplate":"https:\/\/agropecuariafenix.com.br\/?s={search_term_string}"},"query-input":{"@type":"PropertyValueSpecification","valueRequired":true,"valueName":"search_term_string"}}],"inLanguage":"pt-BR"},{"@type":"Organization","@id":"https:\/\/agropecuariafenix.com.br\/#organization","name":"Agropecu\u00e1ria Fenix","alternateName":"Agropecu\u00e1ria Fenix","url":"https:\/\/agropecuariafenix.com.br\/","logo":{"@type":"ImageObject","inLanguage":"pt-BR","@id":"https:\/\/agropecuariafenix.com.br\/#\/schema\/logo\/image\/","url":"https:\/\/agropecuariafenix.com.br\/wp-content\/uploads\/2023\/08\/logo_fenix3-Copy.png","contentUrl":"https:\/\/agropecuariafenix.com.br\/wp-content\/uploads\/2023\/08\/logo_fenix3-Copy.png","width":500,"height":500,"caption":"Agropecu\u00e1ria Fenix"},"image":{"@id":"https:\/\/agropecuariafenix.com.br\/#\/schema\/logo\/image\/"},"sameAs":["https:\/\/web.facebook.com\/agropecuariafenixjau","https:\/\/www.instagram.com\/agropecuaria_fenix_jau\/"]}]}},"_links":{"self":[{"href":"https:\/\/agropecuariafenix.com.br\/index.php\/wp-json\/wp\/v2\/product\/22864","targetHints":{"allow":["GET"]}}],"collection":[{"href":"https:\/\/agropecuariafenix.com.br\/index.php\/wp-json\/wp\/v2\/product"}],"about":[{"href":"https:\/\/agropecuariafenix.com.br\/index.php\/wp-json\/wp\/v2\/types\/product"}],"replies":[{"embeddable":true,"href":"https:\/\/agropecuariafenix.com.br\/index.php\/wp-json\/wp\/v2\/comments?post=22864"}],"version-history":[{"count":1,"href":"https:\/\/agropecuariafenix.com.br\/index.php\/wp-json\/wp\/v2\/product\/22864\/revisions"}],"predecessor-version":[{"id":22904,"href":"https:\/\/agropecuariafenix.com.br\/index.php\/wp-json\/wp\/v2\/product\/22864\/revisions\/22904"}],"wp:featuredmedia":[{"embeddable":true,"href":"https:\/\/agropecuariafenix.com.br\/index.php\/wp-json\/wp\/v2\/media\/22863"}],"wp:attachment":[{"href":"https:\/\/agropecuariafenix.com.br\/index.php\/wp-json\/wp\/v2\/media?parent=22864"}],"wp:term":[{"taxonomy":"product_brand","embeddable":true,"href":"https:\/\/agropecuariafenix.com.br\/index.php\/wp-json\/wp\/v2\/product_brand?post=22864"},{"taxonomy":"product_cat","embeddable":true,"href":"https:\/\/agropecuariafenix.com.br\/index.php\/wp-json\/wp\/v2\/product_cat?post=22864"},{"taxonomy":"product_tag","embeddable":true,"href":"https:\/\/agropecuariafenix.com.br\/index.php\/wp-json\/wp\/v2\/product_tag?post=22864"}],"curies":[{"name":"wp","href":"https:\/\/api.w.org\/{rel}","templated":true}]}}