{"id":22846,"date":"2022-02-28T15:40:51","date_gmt":"2022-02-28T18:40:51","guid":{"rendered":"https:\/\/agropecuariafenix.com.br\/index.php\/produto\/premier-ambientes-internos-caes-adultos-raca-media-25kg\/"},"modified":"2025-10-10T11:44:40","modified_gmt":"2025-10-10T14:44:40","slug":"premier-ambientes-internos-caes-adultos-raca-media-25kg","status":"publish","type":"product","link":"https:\/\/agropecuariafenix.com.br\/index.php\/produto\/premier-ambientes-internos-caes-adultos-raca-media-25kg\/","title":{"rendered":"Premier Ambientes Internos C\u00e3es Adultos Ra\u00e7a M\u00e9dia 2,5Kg"},"content":{"rendered":"<p>C\u00e3es que vivem dentro de casa, em \u00edntimo contato com seus donos, t\u00eam necessidades nutricionais especiais. A Ra\u00e7\u00e3o Premier Pet Ambientes Internos Frango e Salm\u00e3o para C\u00e3es Adultos M\u00e9dio Porte \u00e9 um alimento Super Premium recomendado para c\u00e3es com este estilo de vida. Sua f\u00f3rmula exclusiva cont\u00e9m somente ingredientes nobres, que garantem um excelente sabor, pelagem muito mais bonita e saud\u00e1vel, al\u00e9m da redu\u00e7\u00e3o no volume e odor das fezes. Outra exclusividade deste alimento s\u00e3o os ovos utilizados em sua formula\u00e7\u00e3o, provenientes do sistema de cria\u00e7\u00e3o Cage Free, no qual as aves possuem liberdade de movimento, com acesso a ninhos, permitindo assim sua total locomo\u00e7\u00e3o.<\/p>\n<p>Solicita\u00e7\u00f5es referentes \u00e0 Garantia de Satisfa\u00e7\u00e3o devem ser encaminhadas diretamente para o fabricante por meio do PremieR Responde \u2013 Telefone 0800 055 66 66. Para mais informa\u00e7\u00f5es acesse: https:\/\/www.premierpet.com.br\/garantia-premierpet\/<\/p>\n","protected":false},"excerpt":{"rendered":"<p>&#8211; Sa\u00fade e vitalidade: ingredientes selecionados, enriquecido com vitaminas e minerais que favorecem o \u00f3timo funcionamento do organismo;<br \/>\n&#8211; Pelagem bonita e pele saud\u00e1vel: rico em prote\u00ednas de alta qualidade e equil\u00edbrio ideal de \u00e1cidos graxos essenciais &#8211; \u00f4megas 3 e 6;<br \/>\n&#8211; Sabor excepcional: utiliza\u00e7\u00e3o de ingredientes de alta qualidade que agradam aos paladares mais exigentes.<\/p>\n<p>&#8211; Este produto possui Satisfa\u00e7\u00e3o Garantida. Saiba mais abaixo na descri\u00e7\u00e3o.<\/p>\n","protected":false},"featured_media":22891,"comment_status":"open","ping_status":"closed","template":"","meta":[],"product_brand":[],"product_cat":[80],"product_tag":[469,367,173,76,464,75,90,465,113,461,81,239],"class_list":{"0":"post-22846","1":"product","2":"type-product","3":"status-publish","4":"has-post-thumbnail","6":"product_cat-racoes","7":"product_tag-25kg-2","8":"product_tag-25kg","9":"product_tag-adulto","10":"product_tag-adultos","11":"product_tag-ambientes","12":"product_tag-caes","13":"product_tag-frango","14":"product_tag-internos","15":"product_tag-media","16":"product_tag-premier","17":"product_tag-raca","18":"product_tag-salmao","20":"first","21":"outofstock","22":"shipping-taxable","23":"purchasable","24":"product-type-simple"},"yoast_head":"<!-- This site is optimized with the Yoast SEO plugin v27.6 - https:\/\/yoast.com\/product\/yoast-seo-wordpress\/ -->\n<title>Premier Ambientes Internos C\u00e3es Adultos Ra\u00e7a M\u00e9dia 2,5Kg - Agropecu\u00e1ria Fenix<\/title>\n<meta name=\"robots\" content=\"index, follow, max-snippet:-1, max-image-preview:large, max-video-preview:-1\" \/>\n<link rel=\"canonical\" href=\"https:\/\/agropecuariafenix.com.br\/index.php\/produto\/premier-ambientes-internos-caes-adultos-raca-media-25kg\/\" \/>\n<meta property=\"og:locale\" content=\"pt_BR\" \/>\n<meta property=\"og:type\" content=\"article\" \/>\n<meta property=\"og:title\" content=\"Premier Ambientes Internos C\u00e3es Adultos Ra\u00e7a M\u00e9dia 2,5Kg - Agropecu\u00e1ria Fenix\" \/>\n<meta property=\"og:description\" content=\"&#8211; Sa\u00fade e vitalidade: ingredientes selecionados, enriquecido com vitaminas e minerais que favorecem o \u00f3timo funcionamento do organismo; &#8211; Pelagem bonita e pele saud\u00e1vel: rico em prote\u00ednas de alta qualidade e equil\u00edbrio ideal de \u00e1cidos graxos essenciais &#8211; \u00f4megas 3 e 6; &#8211; Sabor excepcional: utiliza\u00e7\u00e3o de ingredientes de alta qualidade que agradam aos paladares mais exigentes. &#8211; Este produto possui Satisfa\u00e7\u00e3o Garantida. Saiba mais abaixo na descri\u00e7\u00e3o.\" \/>\n<meta property=\"og:url\" content=\"https:\/\/agropecuariafenix.com.br\/index.php\/produto\/premier-ambientes-internos-caes-adultos-raca-media-25kg\/\" \/>\n<meta property=\"og:site_name\" content=\"Agropecu\u00e1ria Fenix\" \/>\n<meta property=\"article:publisher\" content=\"https:\/\/web.facebook.com\/agropecuariafenixjau\" \/>\n<meta property=\"article:modified_time\" content=\"2025-10-10T14:44:40+00:00\" \/>\n<meta property=\"og:image\" content=\"https:\/\/agropecuariafenix.com.br\/wp-content\/uploads\/2022\/02\/Premier_Ambientes_Internos_Ces_Adultos_Raa_Mdia_25Kg_282228-1.jpg\" \/>\n\t<meta property=\"og:image:width\" content=\"1000\" \/>\n\t<meta property=\"og:image:height\" content=\"1000\" \/>\n\t<meta property=\"og:image:type\" content=\"image\/jpeg\" \/>\n<meta name=\"twitter:card\" content=\"summary_large_image\" \/>\n<meta name=\"twitter:label1\" content=\"Est. tempo de leitura\" \/>\n\t<meta name=\"twitter:data1\" content=\"1 minuto\" \/>\n<script type=\"application\/ld+json\" class=\"yoast-schema-graph\">{\"@context\":\"https:\\\/\\\/schema.org\",\"@graph\":[{\"@type\":\"WebPage\",\"@id\":\"https:\\\/\\\/agropecuariafenix.com.br\\\/index.php\\\/produto\\\/premier-ambientes-internos-caes-adultos-raca-media-25kg\\\/\",\"url\":\"https:\\\/\\\/agropecuariafenix.com.br\\\/index.php\\\/produto\\\/premier-ambientes-internos-caes-adultos-raca-media-25kg\\\/\",\"name\":\"Premier Ambientes Internos C\u00e3es Adultos Ra\u00e7a M\u00e9dia 2,5Kg - Agropecu\u00e1ria Fenix\",\"isPartOf\":{\"@id\":\"https:\\\/\\\/agropecuariafenix.com.br\\\/#website\"},\"primaryImageOfPage\":{\"@id\":\"https:\\\/\\\/agropecuariafenix.com.br\\\/index.php\\\/produto\\\/premier-ambientes-internos-caes-adultos-raca-media-25kg\\\/#primaryimage\"},\"image\":{\"@id\":\"https:\\\/\\\/agropecuariafenix.com.br\\\/index.php\\\/produto\\\/premier-ambientes-internos-caes-adultos-raca-media-25kg\\\/#primaryimage\"},\"thumbnailUrl\":\"https:\\\/\\\/agropecuariafenix.com.br\\\/wp-content\\\/uploads\\\/2022\\\/02\\\/Premier_Ambientes_Internos_Ces_Adultos_Raa_Mdia_25Kg_282228-1.jpg\",\"datePublished\":\"2022-02-28T18:40:51+00:00\",\"dateModified\":\"2025-10-10T14:44:40+00:00\",\"breadcrumb\":{\"@id\":\"https:\\\/\\\/agropecuariafenix.com.br\\\/index.php\\\/produto\\\/premier-ambientes-internos-caes-adultos-raca-media-25kg\\\/#breadcrumb\"},\"inLanguage\":\"pt-BR\",\"potentialAction\":[{\"@type\":\"ReadAction\",\"target\":[\"https:\\\/\\\/agropecuariafenix.com.br\\\/index.php\\\/produto\\\/premier-ambientes-internos-caes-adultos-raca-media-25kg\\\/\"]}]},{\"@type\":\"ImageObject\",\"inLanguage\":\"pt-BR\",\"@id\":\"https:\\\/\\\/agropecuariafenix.com.br\\\/index.php\\\/produto\\\/premier-ambientes-internos-caes-adultos-raca-media-25kg\\\/#primaryimage\",\"url\":\"https:\\\/\\\/agropecuariafenix.com.br\\\/wp-content\\\/uploads\\\/2022\\\/02\\\/Premier_Ambientes_Internos_Ces_Adultos_Raa_Mdia_25Kg_282228-1.jpg\",\"contentUrl\":\"https:\\\/\\\/agropecuariafenix.com.br\\\/wp-content\\\/uploads\\\/2022\\\/02\\\/Premier_Ambientes_Internos_Ces_Adultos_Raa_Mdia_25Kg_282228-1.jpg\",\"width\":1000,\"height\":1000,\"caption\":\"Premier Ambientes Internos C\u00e3es Adultos Ra\u00e7a M\u00e9dia 2,5Kg\"},{\"@type\":\"BreadcrumbList\",\"@id\":\"https:\\\/\\\/agropecuariafenix.com.br\\\/index.php\\\/produto\\\/premier-ambientes-internos-caes-adultos-raca-media-25kg\\\/#breadcrumb\",\"itemListElement\":[{\"@type\":\"ListItem\",\"position\":1,\"name\":\"In\u00edcio\",\"item\":\"https:\\\/\\\/agropecuariafenix.com.br\\\/\"},{\"@type\":\"ListItem\",\"position\":2,\"name\":\"Todos os produtos\",\"item\":\"https:\\\/\\\/agropecuariafenix.com.br\\\/index.php\\\/loja\\\/\"},{\"@type\":\"ListItem\",\"position\":3,\"name\":\"Premier Ambientes Internos C\u00e3es Adultos Ra\u00e7a M\u00e9dia 2,5Kg\"}]},{\"@type\":\"WebSite\",\"@id\":\"https:\\\/\\\/agropecuariafenix.com.br\\\/#website\",\"url\":\"https:\\\/\\\/agropecuariafenix.com.br\\\/\",\"name\":\"Agropecu\u00e1ria Fenix\",\"description\":\"Agropecu\u00e1ria F\u00eanix Pet - Ra\u00e7\u00f5es \\\/ Medicamentos Pet \\\/ Cl\u00ednica Veterin\u00e1ria \\\/ Banho e Tosa \\\/ Cachorro \\\/\u00a0Gato\u00a0\\\/\u00a0P\u00e1ssaros\",\"publisher\":{\"@id\":\"https:\\\/\\\/agropecuariafenix.com.br\\\/#organization\"},\"alternateName\":\"Agropecu\u00e1ria Fenix\",\"potentialAction\":[{\"@type\":\"SearchAction\",\"target\":{\"@type\":\"EntryPoint\",\"urlTemplate\":\"https:\\\/\\\/agropecuariafenix.com.br\\\/?s={search_term_string}\"},\"query-input\":{\"@type\":\"PropertyValueSpecification\",\"valueRequired\":true,\"valueName\":\"search_term_string\"}}],\"inLanguage\":\"pt-BR\"},{\"@type\":\"Organization\",\"@id\":\"https:\\\/\\\/agropecuariafenix.com.br\\\/#organization\",\"name\":\"Agropecu\u00e1ria Fenix\",\"alternateName\":\"Agropecu\u00e1ria Fenix\",\"url\":\"https:\\\/\\\/agropecuariafenix.com.br\\\/\",\"logo\":{\"@type\":\"ImageObject\",\"inLanguage\":\"pt-BR\",\"@id\":\"https:\\\/\\\/agropecuariafenix.com.br\\\/#\\\/schema\\\/logo\\\/image\\\/\",\"url\":\"https:\\\/\\\/agropecuariafenix.com.br\\\/wp-content\\\/uploads\\\/2023\\\/08\\\/logo_fenix3-Copy.png\",\"contentUrl\":\"https:\\\/\\\/agropecuariafenix.com.br\\\/wp-content\\\/uploads\\\/2023\\\/08\\\/logo_fenix3-Copy.png\",\"width\":500,\"height\":500,\"caption\":\"Agropecu\u00e1ria Fenix\"},\"image\":{\"@id\":\"https:\\\/\\\/agropecuariafenix.com.br\\\/#\\\/schema\\\/logo\\\/image\\\/\"},\"sameAs\":[\"https:\\\/\\\/web.facebook.com\\\/agropecuariafenixjau\",\"https:\\\/\\\/www.instagram.com\\\/agropecuaria_fenix_jau\\\/\"]}]}<\/script>\n<!-- \/ Yoast SEO plugin. -->","yoast_head_json":{"title":"Premier Ambientes Internos C\u00e3es Adultos Ra\u00e7a M\u00e9dia 2,5Kg - Agropecu\u00e1ria Fenix","robots":{"index":"index","follow":"follow","max-snippet":"max-snippet:-1","max-image-preview":"max-image-preview:large","max-video-preview":"max-video-preview:-1"},"canonical":"https:\/\/agropecuariafenix.com.br\/index.php\/produto\/premier-ambientes-internos-caes-adultos-raca-media-25kg\/","og_locale":"pt_BR","og_type":"article","og_title":"Premier Ambientes Internos C\u00e3es Adultos Ra\u00e7a M\u00e9dia 2,5Kg - Agropecu\u00e1ria Fenix","og_description":"&#8211; Sa\u00fade e vitalidade: ingredientes selecionados, enriquecido com vitaminas e minerais que favorecem o \u00f3timo funcionamento do organismo; &#8211; Pelagem bonita e pele saud\u00e1vel: rico em prote\u00ednas de alta qualidade e equil\u00edbrio ideal de \u00e1cidos graxos essenciais &#8211; \u00f4megas 3 e 6; &#8211; Sabor excepcional: utiliza\u00e7\u00e3o de ingredientes de alta qualidade que agradam aos paladares mais exigentes. &#8211; Este produto possui Satisfa\u00e7\u00e3o Garantida. Saiba mais abaixo na descri\u00e7\u00e3o.","og_url":"https:\/\/agropecuariafenix.com.br\/index.php\/produto\/premier-ambientes-internos-caes-adultos-raca-media-25kg\/","og_site_name":"Agropecu\u00e1ria Fenix","article_publisher":"https:\/\/web.facebook.com\/agropecuariafenixjau","article_modified_time":"2025-10-10T14:44:40+00:00","og_image":[{"width":1000,"height":1000,"url":"https:\/\/agropecuariafenix.com.br\/wp-content\/uploads\/2022\/02\/Premier_Ambientes_Internos_Ces_Adultos_Raa_Mdia_25Kg_282228-1.jpg","type":"image\/jpeg"}],"twitter_card":"summary_large_image","twitter_misc":{"Est. tempo de leitura":"1 minuto"},"schema":{"@context":"https:\/\/schema.org","@graph":[{"@type":"WebPage","@id":"https:\/\/agropecuariafenix.com.br\/index.php\/produto\/premier-ambientes-internos-caes-adultos-raca-media-25kg\/","url":"https:\/\/agropecuariafenix.com.br\/index.php\/produto\/premier-ambientes-internos-caes-adultos-raca-media-25kg\/","name":"Premier Ambientes Internos C\u00e3es Adultos Ra\u00e7a M\u00e9dia 2,5Kg - Agropecu\u00e1ria Fenix","isPartOf":{"@id":"https:\/\/agropecuariafenix.com.br\/#website"},"primaryImageOfPage":{"@id":"https:\/\/agropecuariafenix.com.br\/index.php\/produto\/premier-ambientes-internos-caes-adultos-raca-media-25kg\/#primaryimage"},"image":{"@id":"https:\/\/agropecuariafenix.com.br\/index.php\/produto\/premier-ambientes-internos-caes-adultos-raca-media-25kg\/#primaryimage"},"thumbnailUrl":"https:\/\/agropecuariafenix.com.br\/wp-content\/uploads\/2022\/02\/Premier_Ambientes_Internos_Ces_Adultos_Raa_Mdia_25Kg_282228-1.jpg","datePublished":"2022-02-28T18:40:51+00:00","dateModified":"2025-10-10T14:44:40+00:00","breadcrumb":{"@id":"https:\/\/agropecuariafenix.com.br\/index.php\/produto\/premier-ambientes-internos-caes-adultos-raca-media-25kg\/#breadcrumb"},"inLanguage":"pt-BR","potentialAction":[{"@type":"ReadAction","target":["https:\/\/agropecuariafenix.com.br\/index.php\/produto\/premier-ambientes-internos-caes-adultos-raca-media-25kg\/"]}]},{"@type":"ImageObject","inLanguage":"pt-BR","@id":"https:\/\/agropecuariafenix.com.br\/index.php\/produto\/premier-ambientes-internos-caes-adultos-raca-media-25kg\/#primaryimage","url":"https:\/\/agropecuariafenix.com.br\/wp-content\/uploads\/2022\/02\/Premier_Ambientes_Internos_Ces_Adultos_Raa_Mdia_25Kg_282228-1.jpg","contentUrl":"https:\/\/agropecuariafenix.com.br\/wp-content\/uploads\/2022\/02\/Premier_Ambientes_Internos_Ces_Adultos_Raa_Mdia_25Kg_282228-1.jpg","width":1000,"height":1000,"caption":"Premier Ambientes Internos C\u00e3es Adultos Ra\u00e7a M\u00e9dia 2,5Kg"},{"@type":"BreadcrumbList","@id":"https:\/\/agropecuariafenix.com.br\/index.php\/produto\/premier-ambientes-internos-caes-adultos-raca-media-25kg\/#breadcrumb","itemListElement":[{"@type":"ListItem","position":1,"name":"In\u00edcio","item":"https:\/\/agropecuariafenix.com.br\/"},{"@type":"ListItem","position":2,"name":"Todos os produtos","item":"https:\/\/agropecuariafenix.com.br\/index.php\/loja\/"},{"@type":"ListItem","position":3,"name":"Premier Ambientes Internos C\u00e3es Adultos Ra\u00e7a M\u00e9dia 2,5Kg"}]},{"@type":"WebSite","@id":"https:\/\/agropecuariafenix.com.br\/#website","url":"https:\/\/agropecuariafenix.com.br\/","name":"Agropecu\u00e1ria Fenix","description":"Agropecu\u00e1ria F\u00eanix Pet - Ra\u00e7\u00f5es \/ Medicamentos Pet \/ Cl\u00ednica Veterin\u00e1ria \/ Banho e Tosa \/ Cachorro \/\u00a0Gato\u00a0\/\u00a0P\u00e1ssaros","publisher":{"@id":"https:\/\/agropecuariafenix.com.br\/#organization"},"alternateName":"Agropecu\u00e1ria Fenix","potentialAction":[{"@type":"SearchAction","target":{"@type":"EntryPoint","urlTemplate":"https:\/\/agropecuariafenix.com.br\/?s={search_term_string}"},"query-input":{"@type":"PropertyValueSpecification","valueRequired":true,"valueName":"search_term_string"}}],"inLanguage":"pt-BR"},{"@type":"Organization","@id":"https:\/\/agropecuariafenix.com.br\/#organization","name":"Agropecu\u00e1ria Fenix","alternateName":"Agropecu\u00e1ria Fenix","url":"https:\/\/agropecuariafenix.com.br\/","logo":{"@type":"ImageObject","inLanguage":"pt-BR","@id":"https:\/\/agropecuariafenix.com.br\/#\/schema\/logo\/image\/","url":"https:\/\/agropecuariafenix.com.br\/wp-content\/uploads\/2023\/08\/logo_fenix3-Copy.png","contentUrl":"https:\/\/agropecuariafenix.com.br\/wp-content\/uploads\/2023\/08\/logo_fenix3-Copy.png","width":500,"height":500,"caption":"Agropecu\u00e1ria Fenix"},"image":{"@id":"https:\/\/agropecuariafenix.com.br\/#\/schema\/logo\/image\/"},"sameAs":["https:\/\/web.facebook.com\/agropecuariafenixjau","https:\/\/www.instagram.com\/agropecuaria_fenix_jau\/"]}]}},"_links":{"self":[{"href":"https:\/\/agropecuariafenix.com.br\/index.php\/wp-json\/wp\/v2\/product\/22846","targetHints":{"allow":["GET"]}}],"collection":[{"href":"https:\/\/agropecuariafenix.com.br\/index.php\/wp-json\/wp\/v2\/product"}],"about":[{"href":"https:\/\/agropecuariafenix.com.br\/index.php\/wp-json\/wp\/v2\/types\/product"}],"replies":[{"embeddable":true,"href":"https:\/\/agropecuariafenix.com.br\/index.php\/wp-json\/wp\/v2\/comments?post=22846"}],"version-history":[{"count":2,"href":"https:\/\/agropecuariafenix.com.br\/index.php\/wp-json\/wp\/v2\/product\/22846\/revisions"}],"predecessor-version":[{"id":22897,"href":"https:\/\/agropecuariafenix.com.br\/index.php\/wp-json\/wp\/v2\/product\/22846\/revisions\/22897"}],"wp:featuredmedia":[{"embeddable":true,"href":"https:\/\/agropecuariafenix.com.br\/index.php\/wp-json\/wp\/v2\/media\/22891"}],"wp:attachment":[{"href":"https:\/\/agropecuariafenix.com.br\/index.php\/wp-json\/wp\/v2\/media?parent=22846"}],"wp:term":[{"taxonomy":"product_brand","embeddable":true,"href":"https:\/\/agropecuariafenix.com.br\/index.php\/wp-json\/wp\/v2\/product_brand?post=22846"},{"taxonomy":"product_cat","embeddable":true,"href":"https:\/\/agropecuariafenix.com.br\/index.php\/wp-json\/wp\/v2\/product_cat?post=22846"},{"taxonomy":"product_tag","embeddable":true,"href":"https:\/\/agropecuariafenix.com.br\/index.php\/wp-json\/wp\/v2\/product_tag?post=22846"}],"curies":[{"name":"wp","href":"https:\/\/api.w.org\/{rel}","templated":true}]}}