{"id":22769,"date":"2022-02-24T17:27:07","date_gmt":"2022-02-24T20:27:07","guid":{"rendered":"https:\/\/agropecuariafenix.com.br\/index.php\/produto\/golden-selecao-natural-caes-adultos-raca-pequena-abobora-3kg\/"},"modified":"2025-10-28T15:36:28","modified_gmt":"2025-10-28T18:36:28","slug":"golden-selecao-natural-caes-adultos-raca-pequena-abobora-3kg","status":"publish","type":"product","link":"https:\/\/agropecuariafenix.com.br\/index.php\/produto\/golden-selecao-natural-caes-adultos-raca-pequena-abobora-3kg\/","title":{"rendered":"Golden Sele\u00e7\u00e3o Natural C\u00e3es Adultos Ra\u00e7a Pequena Ab\u00f3bora 3Kg"},"content":{"rendered":"<p>Atenta \u00e0s tend\u00eancias do mercado e exig\u00eancias dos nossos clientes, a PremieRpet\u00ae lan\u00e7ou a nova linha Golden Sele\u00e7\u00e3o Natural, um alimento Premium Especial que mant\u00e9m a reconhecida qualidade da Fam\u00edlia Golden. Uma linha completa de produtos criada a partir da rigorosa sele\u00e7\u00e3o e controle de mat\u00e9ria-prima e formulada com ingredientes exclusivos. A Ra\u00e7\u00e3o Seca PremieR Pet Golden Sele\u00e7\u00e3o Natural Frango, Ab\u00f3bora e Alecrim para C\u00e3es Adultos Ra\u00e7as Pequenas cont\u00e9m nutrientes importantes para a sa\u00fade (ingredientes ricos em carotenoides, fibras e minerais), baixo teor de s\u00f3dio para ressaltar o sabor natural dos ingredientes, sem corantes e aromatizantes artificiais e sem ingredientes transg\u00eanicos.<\/p>\n<p>Solicita\u00e7\u00f5es referentes \u00e0 Garantia de Satisfa\u00e7\u00e3o devem ser encaminhadas diretamente para o fabricante por meio do PremieR Responde \u2013 Telefone 0800 055 66 66. Para mais informa\u00e7\u00f5es acesse: https:\/\/www.premierpet.com.br\/garantia-premierpet\/<\/p>\n","protected":false},"excerpt":{"rendered":"<p>&#8211; Pele nutrida e pelagem sedosa: equil\u00edbrio de \u00f4megas e minerais;<br \/>\n&#8211; Baixo teor de s\u00f3dio \u2013 Preserva o sabor natural dos ingredientes;<br \/>\n&#8211; Nutrientes importantes para a sa\u00fade: ingredientes ricos em carotenoides, fibras e minerais;<br \/>\n&#8211; Redu\u00e7\u00e3o do odor das fezes: sele\u00e7\u00e3o de ingredientes especiais que auxiliam na redu\u00e7\u00e3o do odor das fezes.<\/p>\n<p>&#8211; Este produto possui Satisfa\u00e7\u00e3o Garantida. Saiba mais abaixo na descri\u00e7\u00e3o<\/p>\n","protected":false},"featured_media":22768,"comment_status":"open","ping_status":"closed","template":"","meta":[],"product_brand":[],"product_cat":[80],"product_tag":[100,303,76,75,442,73,301,82,81,300],"class_list":{"0":"post-22769","1":"product","2":"type-product","3":"status-publish","4":"has-post-thumbnail","6":"product_cat-racoes","7":"product_tag-3kg","8":"product_tag-abobora","9":"product_tag-adultos","10":"product_tag-caes","11":"product_tag-frango-abobora-e-alecrim","12":"product_tag-golden","13":"product_tag-natural","14":"product_tag-pequena","15":"product_tag-raca","16":"product_tag-selecao","18":"first","19":"instock","20":"shipping-taxable","21":"purchasable","22":"product-type-simple"},"yoast_head":"<!-- This site is optimized with the Yoast SEO plugin v27.6 - https:\/\/yoast.com\/product\/yoast-seo-wordpress\/ -->\n<title>Golden Sele\u00e7\u00e3o Natural C\u00e3es Adultos Ra\u00e7a Pequena Ab\u00f3bora 3Kg - Agropecu\u00e1ria Fenix<\/title>\n<meta name=\"robots\" content=\"index, follow, max-snippet:-1, max-image-preview:large, max-video-preview:-1\" \/>\n<link rel=\"canonical\" href=\"https:\/\/agropecuariafenix.com.br\/index.php\/produto\/golden-selecao-natural-caes-adultos-raca-pequena-abobora-3kg\/\" \/>\n<meta property=\"og:locale\" content=\"pt_BR\" \/>\n<meta property=\"og:type\" content=\"article\" \/>\n<meta property=\"og:title\" content=\"Golden Sele\u00e7\u00e3o Natural C\u00e3es Adultos Ra\u00e7a Pequena Ab\u00f3bora 3Kg - Agropecu\u00e1ria Fenix\" \/>\n<meta property=\"og:description\" content=\"&#8211; Pele nutrida e pelagem sedosa: equil\u00edbrio de \u00f4megas e minerais; &#8211; Baixo teor de s\u00f3dio \u2013 Preserva o sabor natural dos ingredientes; &#8211; Nutrientes importantes para a sa\u00fade: ingredientes ricos em carotenoides, fibras e minerais; &#8211; Redu\u00e7\u00e3o do odor das fezes: sele\u00e7\u00e3o de ingredientes especiais que auxiliam na redu\u00e7\u00e3o do odor das fezes. &#8211; Este produto possui Satisfa\u00e7\u00e3o Garantida. Saiba mais abaixo na descri\u00e7\u00e3o\" \/>\n<meta property=\"og:url\" content=\"https:\/\/agropecuariafenix.com.br\/index.php\/produto\/golden-selecao-natural-caes-adultos-raca-pequena-abobora-3kg\/\" \/>\n<meta property=\"og:site_name\" content=\"Agropecu\u00e1ria Fenix\" \/>\n<meta property=\"article:publisher\" content=\"https:\/\/web.facebook.com\/agropecuariafenixjau\" \/>\n<meta property=\"article:modified_time\" content=\"2025-10-28T18:36:28+00:00\" \/>\n<meta property=\"og:image\" content=\"https:\/\/agropecuariafenix.com.br\/wp-content\/uploads\/2022\/02\/Golden_Seleo_Natural_Ces_Adultos_Raa_Pequena_Abbora_3Kg_962989-1.jpg\" \/>\n\t<meta property=\"og:image:width\" content=\"700\" \/>\n\t<meta property=\"og:image:height\" content=\"700\" \/>\n\t<meta property=\"og:image:type\" content=\"image\/jpeg\" \/>\n<meta name=\"twitter:card\" content=\"summary_large_image\" \/>\n<meta name=\"twitter:label1\" content=\"Est. tempo de leitura\" \/>\n\t<meta name=\"twitter:data1\" content=\"1 minuto\" \/>\n<script type=\"application\/ld+json\" class=\"yoast-schema-graph\">{\"@context\":\"https:\\\/\\\/schema.org\",\"@graph\":[{\"@type\":\"WebPage\",\"@id\":\"https:\\\/\\\/agropecuariafenix.com.br\\\/index.php\\\/produto\\\/golden-selecao-natural-caes-adultos-raca-pequena-abobora-3kg\\\/\",\"url\":\"https:\\\/\\\/agropecuariafenix.com.br\\\/index.php\\\/produto\\\/golden-selecao-natural-caes-adultos-raca-pequena-abobora-3kg\\\/\",\"name\":\"Golden Sele\u00e7\u00e3o Natural C\u00e3es Adultos Ra\u00e7a Pequena Ab\u00f3bora 3Kg - Agropecu\u00e1ria Fenix\",\"isPartOf\":{\"@id\":\"https:\\\/\\\/agropecuariafenix.com.br\\\/#website\"},\"primaryImageOfPage\":{\"@id\":\"https:\\\/\\\/agropecuariafenix.com.br\\\/index.php\\\/produto\\\/golden-selecao-natural-caes-adultos-raca-pequena-abobora-3kg\\\/#primaryimage\"},\"image\":{\"@id\":\"https:\\\/\\\/agropecuariafenix.com.br\\\/index.php\\\/produto\\\/golden-selecao-natural-caes-adultos-raca-pequena-abobora-3kg\\\/#primaryimage\"},\"thumbnailUrl\":\"https:\\\/\\\/agropecuariafenix.com.br\\\/wp-content\\\/uploads\\\/2022\\\/02\\\/Golden_Seleo_Natural_Ces_Adultos_Raa_Pequena_Abbora_3Kg_962989-1.jpg\",\"datePublished\":\"2022-02-24T20:27:07+00:00\",\"dateModified\":\"2025-10-28T18:36:28+00:00\",\"breadcrumb\":{\"@id\":\"https:\\\/\\\/agropecuariafenix.com.br\\\/index.php\\\/produto\\\/golden-selecao-natural-caes-adultos-raca-pequena-abobora-3kg\\\/#breadcrumb\"},\"inLanguage\":\"pt-BR\",\"potentialAction\":[{\"@type\":\"ReadAction\",\"target\":[\"https:\\\/\\\/agropecuariafenix.com.br\\\/index.php\\\/produto\\\/golden-selecao-natural-caes-adultos-raca-pequena-abobora-3kg\\\/\"]}]},{\"@type\":\"ImageObject\",\"inLanguage\":\"pt-BR\",\"@id\":\"https:\\\/\\\/agropecuariafenix.com.br\\\/index.php\\\/produto\\\/golden-selecao-natural-caes-adultos-raca-pequena-abobora-3kg\\\/#primaryimage\",\"url\":\"https:\\\/\\\/agropecuariafenix.com.br\\\/wp-content\\\/uploads\\\/2022\\\/02\\\/Golden_Seleo_Natural_Ces_Adultos_Raa_Pequena_Abbora_3Kg_962989-1.jpg\",\"contentUrl\":\"https:\\\/\\\/agropecuariafenix.com.br\\\/wp-content\\\/uploads\\\/2022\\\/02\\\/Golden_Seleo_Natural_Ces_Adultos_Raa_Pequena_Abbora_3Kg_962989-1.jpg\",\"width\":700,\"height\":700,\"caption\":\"Golden Sele\u00e7\u00e3o Natural C\u00e3es Adultos Ra\u00e7a Pequena Ab\u00f3bora 3Kg\"},{\"@type\":\"BreadcrumbList\",\"@id\":\"https:\\\/\\\/agropecuariafenix.com.br\\\/index.php\\\/produto\\\/golden-selecao-natural-caes-adultos-raca-pequena-abobora-3kg\\\/#breadcrumb\",\"itemListElement\":[{\"@type\":\"ListItem\",\"position\":1,\"name\":\"In\u00edcio\",\"item\":\"https:\\\/\\\/agropecuariafenix.com.br\\\/\"},{\"@type\":\"ListItem\",\"position\":2,\"name\":\"Todos os produtos\",\"item\":\"https:\\\/\\\/agropecuariafenix.com.br\\\/index.php\\\/loja\\\/\"},{\"@type\":\"ListItem\",\"position\":3,\"name\":\"Golden Sele\u00e7\u00e3o Natural C\u00e3es Adultos Ra\u00e7a Pequena Ab\u00f3bora 3Kg\"}]},{\"@type\":\"WebSite\",\"@id\":\"https:\\\/\\\/agropecuariafenix.com.br\\\/#website\",\"url\":\"https:\\\/\\\/agropecuariafenix.com.br\\\/\",\"name\":\"Agropecu\u00e1ria Fenix\",\"description\":\"Agropecu\u00e1ria F\u00eanix Pet - Ra\u00e7\u00f5es \\\/ Medicamentos Pet \\\/ Cl\u00ednica Veterin\u00e1ria \\\/ Banho e Tosa \\\/ Cachorro \\\/\u00a0Gato\u00a0\\\/\u00a0P\u00e1ssaros\",\"publisher\":{\"@id\":\"https:\\\/\\\/agropecuariafenix.com.br\\\/#organization\"},\"alternateName\":\"Agropecu\u00e1ria Fenix\",\"potentialAction\":[{\"@type\":\"SearchAction\",\"target\":{\"@type\":\"EntryPoint\",\"urlTemplate\":\"https:\\\/\\\/agropecuariafenix.com.br\\\/?s={search_term_string}\"},\"query-input\":{\"@type\":\"PropertyValueSpecification\",\"valueRequired\":true,\"valueName\":\"search_term_string\"}}],\"inLanguage\":\"pt-BR\"},{\"@type\":\"Organization\",\"@id\":\"https:\\\/\\\/agropecuariafenix.com.br\\\/#organization\",\"name\":\"Agropecu\u00e1ria Fenix\",\"alternateName\":\"Agropecu\u00e1ria Fenix\",\"url\":\"https:\\\/\\\/agropecuariafenix.com.br\\\/\",\"logo\":{\"@type\":\"ImageObject\",\"inLanguage\":\"pt-BR\",\"@id\":\"https:\\\/\\\/agropecuariafenix.com.br\\\/#\\\/schema\\\/logo\\\/image\\\/\",\"url\":\"https:\\\/\\\/agropecuariafenix.com.br\\\/wp-content\\\/uploads\\\/2023\\\/08\\\/logo_fenix3-Copy.png\",\"contentUrl\":\"https:\\\/\\\/agropecuariafenix.com.br\\\/wp-content\\\/uploads\\\/2023\\\/08\\\/logo_fenix3-Copy.png\",\"width\":500,\"height\":500,\"caption\":\"Agropecu\u00e1ria Fenix\"},\"image\":{\"@id\":\"https:\\\/\\\/agropecuariafenix.com.br\\\/#\\\/schema\\\/logo\\\/image\\\/\"},\"sameAs\":[\"https:\\\/\\\/web.facebook.com\\\/agropecuariafenixjau\",\"https:\\\/\\\/www.instagram.com\\\/agropecuaria_fenix_jau\\\/\"]}]}<\/script>\n<!-- \/ Yoast SEO plugin. -->","yoast_head_json":{"title":"Golden Sele\u00e7\u00e3o Natural C\u00e3es Adultos Ra\u00e7a Pequena Ab\u00f3bora 3Kg - Agropecu\u00e1ria Fenix","robots":{"index":"index","follow":"follow","max-snippet":"max-snippet:-1","max-image-preview":"max-image-preview:large","max-video-preview":"max-video-preview:-1"},"canonical":"https:\/\/agropecuariafenix.com.br\/index.php\/produto\/golden-selecao-natural-caes-adultos-raca-pequena-abobora-3kg\/","og_locale":"pt_BR","og_type":"article","og_title":"Golden Sele\u00e7\u00e3o Natural C\u00e3es Adultos Ra\u00e7a Pequena Ab\u00f3bora 3Kg - Agropecu\u00e1ria Fenix","og_description":"&#8211; Pele nutrida e pelagem sedosa: equil\u00edbrio de \u00f4megas e minerais; &#8211; Baixo teor de s\u00f3dio \u2013 Preserva o sabor natural dos ingredientes; &#8211; Nutrientes importantes para a sa\u00fade: ingredientes ricos em carotenoides, fibras e minerais; &#8211; Redu\u00e7\u00e3o do odor das fezes: sele\u00e7\u00e3o de ingredientes especiais que auxiliam na redu\u00e7\u00e3o do odor das fezes. &#8211; Este produto possui Satisfa\u00e7\u00e3o Garantida. Saiba mais abaixo na descri\u00e7\u00e3o","og_url":"https:\/\/agropecuariafenix.com.br\/index.php\/produto\/golden-selecao-natural-caes-adultos-raca-pequena-abobora-3kg\/","og_site_name":"Agropecu\u00e1ria Fenix","article_publisher":"https:\/\/web.facebook.com\/agropecuariafenixjau","article_modified_time":"2025-10-28T18:36:28+00:00","og_image":[{"width":700,"height":700,"url":"https:\/\/agropecuariafenix.com.br\/wp-content\/uploads\/2022\/02\/Golden_Seleo_Natural_Ces_Adultos_Raa_Pequena_Abbora_3Kg_962989-1.jpg","type":"image\/jpeg"}],"twitter_card":"summary_large_image","twitter_misc":{"Est. tempo de leitura":"1 minuto"},"schema":{"@context":"https:\/\/schema.org","@graph":[{"@type":"WebPage","@id":"https:\/\/agropecuariafenix.com.br\/index.php\/produto\/golden-selecao-natural-caes-adultos-raca-pequena-abobora-3kg\/","url":"https:\/\/agropecuariafenix.com.br\/index.php\/produto\/golden-selecao-natural-caes-adultos-raca-pequena-abobora-3kg\/","name":"Golden Sele\u00e7\u00e3o Natural C\u00e3es Adultos Ra\u00e7a Pequena Ab\u00f3bora 3Kg - Agropecu\u00e1ria Fenix","isPartOf":{"@id":"https:\/\/agropecuariafenix.com.br\/#website"},"primaryImageOfPage":{"@id":"https:\/\/agropecuariafenix.com.br\/index.php\/produto\/golden-selecao-natural-caes-adultos-raca-pequena-abobora-3kg\/#primaryimage"},"image":{"@id":"https:\/\/agropecuariafenix.com.br\/index.php\/produto\/golden-selecao-natural-caes-adultos-raca-pequena-abobora-3kg\/#primaryimage"},"thumbnailUrl":"https:\/\/agropecuariafenix.com.br\/wp-content\/uploads\/2022\/02\/Golden_Seleo_Natural_Ces_Adultos_Raa_Pequena_Abbora_3Kg_962989-1.jpg","datePublished":"2022-02-24T20:27:07+00:00","dateModified":"2025-10-28T18:36:28+00:00","breadcrumb":{"@id":"https:\/\/agropecuariafenix.com.br\/index.php\/produto\/golden-selecao-natural-caes-adultos-raca-pequena-abobora-3kg\/#breadcrumb"},"inLanguage":"pt-BR","potentialAction":[{"@type":"ReadAction","target":["https:\/\/agropecuariafenix.com.br\/index.php\/produto\/golden-selecao-natural-caes-adultos-raca-pequena-abobora-3kg\/"]}]},{"@type":"ImageObject","inLanguage":"pt-BR","@id":"https:\/\/agropecuariafenix.com.br\/index.php\/produto\/golden-selecao-natural-caes-adultos-raca-pequena-abobora-3kg\/#primaryimage","url":"https:\/\/agropecuariafenix.com.br\/wp-content\/uploads\/2022\/02\/Golden_Seleo_Natural_Ces_Adultos_Raa_Pequena_Abbora_3Kg_962989-1.jpg","contentUrl":"https:\/\/agropecuariafenix.com.br\/wp-content\/uploads\/2022\/02\/Golden_Seleo_Natural_Ces_Adultos_Raa_Pequena_Abbora_3Kg_962989-1.jpg","width":700,"height":700,"caption":"Golden Sele\u00e7\u00e3o Natural C\u00e3es Adultos Ra\u00e7a Pequena Ab\u00f3bora 3Kg"},{"@type":"BreadcrumbList","@id":"https:\/\/agropecuariafenix.com.br\/index.php\/produto\/golden-selecao-natural-caes-adultos-raca-pequena-abobora-3kg\/#breadcrumb","itemListElement":[{"@type":"ListItem","position":1,"name":"In\u00edcio","item":"https:\/\/agropecuariafenix.com.br\/"},{"@type":"ListItem","position":2,"name":"Todos os produtos","item":"https:\/\/agropecuariafenix.com.br\/index.php\/loja\/"},{"@type":"ListItem","position":3,"name":"Golden Sele\u00e7\u00e3o Natural C\u00e3es Adultos Ra\u00e7a Pequena Ab\u00f3bora 3Kg"}]},{"@type":"WebSite","@id":"https:\/\/agropecuariafenix.com.br\/#website","url":"https:\/\/agropecuariafenix.com.br\/","name":"Agropecu\u00e1ria Fenix","description":"Agropecu\u00e1ria F\u00eanix Pet - Ra\u00e7\u00f5es \/ Medicamentos Pet \/ Cl\u00ednica Veterin\u00e1ria \/ Banho e Tosa \/ Cachorro \/\u00a0Gato\u00a0\/\u00a0P\u00e1ssaros","publisher":{"@id":"https:\/\/agropecuariafenix.com.br\/#organization"},"alternateName":"Agropecu\u00e1ria Fenix","potentialAction":[{"@type":"SearchAction","target":{"@type":"EntryPoint","urlTemplate":"https:\/\/agropecuariafenix.com.br\/?s={search_term_string}"},"query-input":{"@type":"PropertyValueSpecification","valueRequired":true,"valueName":"search_term_string"}}],"inLanguage":"pt-BR"},{"@type":"Organization","@id":"https:\/\/agropecuariafenix.com.br\/#organization","name":"Agropecu\u00e1ria Fenix","alternateName":"Agropecu\u00e1ria Fenix","url":"https:\/\/agropecuariafenix.com.br\/","logo":{"@type":"ImageObject","inLanguage":"pt-BR","@id":"https:\/\/agropecuariafenix.com.br\/#\/schema\/logo\/image\/","url":"https:\/\/agropecuariafenix.com.br\/wp-content\/uploads\/2023\/08\/logo_fenix3-Copy.png","contentUrl":"https:\/\/agropecuariafenix.com.br\/wp-content\/uploads\/2023\/08\/logo_fenix3-Copy.png","width":500,"height":500,"caption":"Agropecu\u00e1ria Fenix"},"image":{"@id":"https:\/\/agropecuariafenix.com.br\/#\/schema\/logo\/image\/"},"sameAs":["https:\/\/web.facebook.com\/agropecuariafenixjau","https:\/\/www.instagram.com\/agropecuaria_fenix_jau\/"]}]}},"_links":{"self":[{"href":"https:\/\/agropecuariafenix.com.br\/index.php\/wp-json\/wp\/v2\/product\/22769","targetHints":{"allow":["GET"]}}],"collection":[{"href":"https:\/\/agropecuariafenix.com.br\/index.php\/wp-json\/wp\/v2\/product"}],"about":[{"href":"https:\/\/agropecuariafenix.com.br\/index.php\/wp-json\/wp\/v2\/types\/product"}],"replies":[{"embeddable":true,"href":"https:\/\/agropecuariafenix.com.br\/index.php\/wp-json\/wp\/v2\/comments?post=22769"}],"version-history":[{"count":1,"href":"https:\/\/agropecuariafenix.com.br\/index.php\/wp-json\/wp\/v2\/product\/22769\/revisions"}],"predecessor-version":[{"id":22770,"href":"https:\/\/agropecuariafenix.com.br\/index.php\/wp-json\/wp\/v2\/product\/22769\/revisions\/22770"}],"wp:featuredmedia":[{"embeddable":true,"href":"https:\/\/agropecuariafenix.com.br\/index.php\/wp-json\/wp\/v2\/media\/22768"}],"wp:attachment":[{"href":"https:\/\/agropecuariafenix.com.br\/index.php\/wp-json\/wp\/v2\/media?parent=22769"}],"wp:term":[{"taxonomy":"product_brand","embeddable":true,"href":"https:\/\/agropecuariafenix.com.br\/index.php\/wp-json\/wp\/v2\/product_brand?post=22769"},{"taxonomy":"product_cat","embeddable":true,"href":"https:\/\/agropecuariafenix.com.br\/index.php\/wp-json\/wp\/v2\/product_cat?post=22769"},{"taxonomy":"product_tag","embeddable":true,"href":"https:\/\/agropecuariafenix.com.br\/index.php\/wp-json\/wp\/v2\/product_tag?post=22769"}],"curies":[{"name":"wp","href":"https:\/\/api.w.org\/{rel}","templated":true}]}}