{"id":22747,"date":"2022-02-24T16:13:35","date_gmt":"2022-02-24T19:13:35","guid":{"rendered":"https:\/\/agropecuariafenix.com.br\/index.php\/produto\/golden-light-caes-adultos-raca-pequena-10kg\/"},"modified":"2025-10-28T17:26:23","modified_gmt":"2025-10-28T20:26:23","slug":"golden-light-caes-adultos-raca-pequena-10kg","status":"publish","type":"product","link":"https:\/\/agropecuariafenix.com.br\/index.php\/produto\/golden-light-caes-adultos-raca-pequena-10kg\/","title":{"rendered":"Golden Light C\u00e3es Adultos Ra\u00e7a Pequena 10Kg"},"content":{"rendered":"<p>A obesidade \u00e9 um problema crescente que atinge cerca de 40% dos c\u00e3es e sua preven\u00e7\u00e3o e tratamento s\u00e3o fundamentais para uma \u00f3tima sa\u00fade geral. Diversas doen\u00e7as se agravam ou s\u00e3o desencadeadas pelo excesso de peso, como problemas card\u00edacos, de coluna, das articula\u00e7\u00f5es, o diabetes, entre outros. Al\u00e9m disso, os c\u00e3es passam a brincar menos por ficarem cansados mais facilmente, o que prejudica a qualidade de vida deles. Algumas situa\u00e7\u00f5es comuns podem passar despercebidas e levar rapidamente seu c\u00e3o \u00e0 obesidade:<\/p>\n<p>a) O c\u00e3o n\u00e3o tem espa\u00e7o suficiente para se exercitar;<br \/>\nb) Come petiscos sem equil\u00edbrio cal\u00f3rico com a dieta base;<br \/>\nc) Recebe o alimento em quantidade maior que a recomendada pelo fabricante;<br \/>\nd) Est\u00e1 mais sedent\u00e1rio devido ao avan\u00e7ar da idade.<\/p>\n<p>A Ra\u00e7\u00e3o Premier Golden Formula C\u00e3es Adultos Light Mini Bits Frango e Arroz \u00e9 um alimento cientificamente balanceado para promover a perda e manuten\u00e7\u00e3o de peso saud\u00e1veis no seu c\u00e3o.<\/p>\n<p>Solicita\u00e7\u00f5es referentes \u00e0 Garantia de Satisfa\u00e7\u00e3o devem ser encaminhadas diretamente para o fabricante por meio do PremieR Responde \u2013 Telefone 0800 55 66 66. Para mais informa\u00e7\u00f5es acesse: http:\/\/www.premierpet.com.br\/garantia-premier-pet\/<\/p>\n","protected":false},"excerpt":{"rendered":"<p>&#8211; Sa\u00fade oral: auxilia a redu\u00e7\u00e3o da forma\u00e7\u00e3o do t\u00e1rtaro;<br \/>\n&#8211; Emagrecimento saud\u00e1vel: com L-carnitina e n\u00edveis reduzidos de calorias e gorduras;<br \/>\n&#8211; Intestino saud\u00e1vel: combina\u00e7\u00e3o de nutrientes de alta digestibilidade e fibras naturais;<br \/>\n&#8211; Redu\u00e7\u00e3o do odor das fezes: sele\u00e7\u00e3o de ingredientes especiais que auxiliam na redu\u00e7\u00e3o do odor das fezes.<\/p>\n<p>&#8211; Este produto possui Satisfa\u00e7\u00e3o Garantida. Saiba mais abaixo na descri\u00e7\u00e3o.<\/p>\n","protected":false},"featured_media":22746,"comment_status":"open","ping_status":"closed","template":"","meta":[],"product_brand":[],"product_cat":[80],"product_tag":[119,76,75,90,73,136,82,81],"class_list":{"0":"post-22747","1":"product","2":"type-product","3":"status-publish","4":"has-post-thumbnail","6":"product_cat-racoes","7":"product_tag-10kg","8":"product_tag-adultos","9":"product_tag-caes","10":"product_tag-frango","11":"product_tag-golden","12":"product_tag-light","13":"product_tag-pequena","14":"product_tag-raca","16":"first","17":"instock","18":"shipping-taxable","19":"purchasable","20":"product-type-simple"},"yoast_head":"<!-- This site is optimized with the Yoast SEO plugin v26.1.1 - https:\/\/yoast.com\/wordpress\/plugins\/seo\/ -->\n<title>Golden Light C\u00e3es Adultos Ra\u00e7a Pequena 10Kg - Agropecu\u00e1ria Fenix<\/title>\n<meta name=\"robots\" content=\"index, follow, max-snippet:-1, max-image-preview:large, max-video-preview:-1\" \/>\n<link rel=\"canonical\" href=\"https:\/\/agropecuariafenix.com.br\/index.php\/produto\/golden-light-caes-adultos-raca-pequena-10kg\/\" \/>\n<meta property=\"og:locale\" content=\"pt_BR\" \/>\n<meta property=\"og:type\" content=\"article\" \/>\n<meta property=\"og:title\" content=\"Golden Light C\u00e3es Adultos Ra\u00e7a Pequena 10Kg - Agropecu\u00e1ria Fenix\" \/>\n<meta property=\"og:description\" content=\"&#8211; Sa\u00fade oral: auxilia a redu\u00e7\u00e3o da forma\u00e7\u00e3o do t\u00e1rtaro; &#8211; Emagrecimento saud\u00e1vel: com L-carnitina e n\u00edveis reduzidos de calorias e gorduras; &#8211; Intestino saud\u00e1vel: combina\u00e7\u00e3o de nutrientes de alta digestibilidade e fibras naturais; &#8211; Redu\u00e7\u00e3o do odor das fezes: sele\u00e7\u00e3o de ingredientes especiais que auxiliam na redu\u00e7\u00e3o do odor das fezes. &#8211; Este produto possui Satisfa\u00e7\u00e3o Garantida. Saiba mais abaixo na descri\u00e7\u00e3o.\" \/>\n<meta property=\"og:url\" content=\"https:\/\/agropecuariafenix.com.br\/index.php\/produto\/golden-light-caes-adultos-raca-pequena-10kg\/\" \/>\n<meta property=\"og:site_name\" content=\"Agropecu\u00e1ria Fenix\" \/>\n<meta property=\"article:publisher\" content=\"https:\/\/web.facebook.com\/agropecuariafenixjau\" \/>\n<meta property=\"article:modified_time\" content=\"2025-10-28T20:26:23+00:00\" \/>\n<meta property=\"og:image\" content=\"https:\/\/agropecuariafenix.com.br\/wp-content\/uploads\/2022\/02\/Golden_Light_Ces_Adultos_Raa_Pequena_10Kg_459315-1.jpg\" \/>\n\t<meta property=\"og:image:width\" content=\"700\" \/>\n\t<meta property=\"og:image:height\" content=\"700\" \/>\n\t<meta property=\"og:image:type\" content=\"image\/jpeg\" \/>\n<meta name=\"twitter:card\" content=\"summary_large_image\" \/>\n<meta name=\"twitter:label1\" content=\"Est. tempo de leitura\" \/>\n\t<meta name=\"twitter:data1\" content=\"1 minuto\" \/>\n<script type=\"application\/ld+json\" class=\"yoast-schema-graph\">{\"@context\":\"https:\/\/schema.org\",\"@graph\":[{\"@type\":\"WebPage\",\"@id\":\"https:\/\/agropecuariafenix.com.br\/index.php\/produto\/golden-light-caes-adultos-raca-pequena-10kg\/\",\"url\":\"https:\/\/agropecuariafenix.com.br\/index.php\/produto\/golden-light-caes-adultos-raca-pequena-10kg\/\",\"name\":\"Golden Light C\u00e3es Adultos Ra\u00e7a Pequena 10Kg - Agropecu\u00e1ria Fenix\",\"isPartOf\":{\"@id\":\"https:\/\/agropecuariafenix.com.br\/#website\"},\"primaryImageOfPage\":{\"@id\":\"https:\/\/agropecuariafenix.com.br\/index.php\/produto\/golden-light-caes-adultos-raca-pequena-10kg\/#primaryimage\"},\"image\":{\"@id\":\"https:\/\/agropecuariafenix.com.br\/index.php\/produto\/golden-light-caes-adultos-raca-pequena-10kg\/#primaryimage\"},\"thumbnailUrl\":\"https:\/\/agropecuariafenix.com.br\/wp-content\/uploads\/2022\/02\/Golden_Light_Ces_Adultos_Raa_Pequena_10Kg_459315-1.jpg\",\"datePublished\":\"2022-02-24T19:13:35+00:00\",\"dateModified\":\"2025-10-28T20:26:23+00:00\",\"breadcrumb\":{\"@id\":\"https:\/\/agropecuariafenix.com.br\/index.php\/produto\/golden-light-caes-adultos-raca-pequena-10kg\/#breadcrumb\"},\"inLanguage\":\"pt-BR\",\"potentialAction\":[{\"@type\":\"ReadAction\",\"target\":[\"https:\/\/agropecuariafenix.com.br\/index.php\/produto\/golden-light-caes-adultos-raca-pequena-10kg\/\"]}]},{\"@type\":\"ImageObject\",\"inLanguage\":\"pt-BR\",\"@id\":\"https:\/\/agropecuariafenix.com.br\/index.php\/produto\/golden-light-caes-adultos-raca-pequena-10kg\/#primaryimage\",\"url\":\"https:\/\/agropecuariafenix.com.br\/wp-content\/uploads\/2022\/02\/Golden_Light_Ces_Adultos_Raa_Pequena_10Kg_459315-1.jpg\",\"contentUrl\":\"https:\/\/agropecuariafenix.com.br\/wp-content\/uploads\/2022\/02\/Golden_Light_Ces_Adultos_Raa_Pequena_10Kg_459315-1.jpg\",\"width\":700,\"height\":700,\"caption\":\"Golden Light C\u00e3es Adultos Ra\u00e7a Pequena 10Kg\"},{\"@type\":\"BreadcrumbList\",\"@id\":\"https:\/\/agropecuariafenix.com.br\/index.php\/produto\/golden-light-caes-adultos-raca-pequena-10kg\/#breadcrumb\",\"itemListElement\":[{\"@type\":\"ListItem\",\"position\":1,\"name\":\"In\u00edcio\",\"item\":\"https:\/\/agropecuariafenix.com.br\/\"},{\"@type\":\"ListItem\",\"position\":2,\"name\":\"Todos os produtos\",\"item\":\"https:\/\/agropecuariafenix.com.br\/index.php\/loja\/\"},{\"@type\":\"ListItem\",\"position\":3,\"name\":\"Golden Light C\u00e3es Adultos Ra\u00e7a Pequena 10Kg\"}]},{\"@type\":\"WebSite\",\"@id\":\"https:\/\/agropecuariafenix.com.br\/#website\",\"url\":\"https:\/\/agropecuariafenix.com.br\/\",\"name\":\"Agropecu\u00e1ria Fenix\",\"description\":\"Agropecu\u00e1ria F\u00eanix Pet - Ra\u00e7\u00f5es \/ Medicamentos Pet \/ Cl\u00ednica Veterin\u00e1ria \/ Banho e Tosa \/ Cachorro \/\u00a0Gato\u00a0\/\u00a0P\u00e1ssaros\",\"publisher\":{\"@id\":\"https:\/\/agropecuariafenix.com.br\/#organization\"},\"alternateName\":\"Agropecu\u00e1ria Fenix\",\"potentialAction\":[{\"@type\":\"SearchAction\",\"target\":{\"@type\":\"EntryPoint\",\"urlTemplate\":\"https:\/\/agropecuariafenix.com.br\/?s={search_term_string}\"},\"query-input\":{\"@type\":\"PropertyValueSpecification\",\"valueRequired\":true,\"valueName\":\"search_term_string\"}}],\"inLanguage\":\"pt-BR\"},{\"@type\":\"Organization\",\"@id\":\"https:\/\/agropecuariafenix.com.br\/#organization\",\"name\":\"Agropecu\u00e1ria Fenix\",\"alternateName\":\"Agropecu\u00e1ria Fenix\",\"url\":\"https:\/\/agropecuariafenix.com.br\/\",\"logo\":{\"@type\":\"ImageObject\",\"inLanguage\":\"pt-BR\",\"@id\":\"https:\/\/agropecuariafenix.com.br\/#\/schema\/logo\/image\/\",\"url\":\"https:\/\/agropecuariafenix.com.br\/wp-content\/uploads\/2023\/08\/logo_fenix3-Copy.png\",\"contentUrl\":\"https:\/\/agropecuariafenix.com.br\/wp-content\/uploads\/2023\/08\/logo_fenix3-Copy.png\",\"width\":500,\"height\":500,\"caption\":\"Agropecu\u00e1ria Fenix\"},\"image\":{\"@id\":\"https:\/\/agropecuariafenix.com.br\/#\/schema\/logo\/image\/\"},\"sameAs\":[\"https:\/\/web.facebook.com\/agropecuariafenixjau\",\"https:\/\/www.instagram.com\/agropecuaria_fenix_jau\/\"]}]}<\/script>\n<!-- \/ Yoast SEO plugin. -->","yoast_head_json":{"title":"Golden Light C\u00e3es Adultos Ra\u00e7a Pequena 10Kg - Agropecu\u00e1ria Fenix","robots":{"index":"index","follow":"follow","max-snippet":"max-snippet:-1","max-image-preview":"max-image-preview:large","max-video-preview":"max-video-preview:-1"},"canonical":"https:\/\/agropecuariafenix.com.br\/index.php\/produto\/golden-light-caes-adultos-raca-pequena-10kg\/","og_locale":"pt_BR","og_type":"article","og_title":"Golden Light C\u00e3es Adultos Ra\u00e7a Pequena 10Kg - Agropecu\u00e1ria Fenix","og_description":"&#8211; Sa\u00fade oral: auxilia a redu\u00e7\u00e3o da forma\u00e7\u00e3o do t\u00e1rtaro; &#8211; Emagrecimento saud\u00e1vel: com L-carnitina e n\u00edveis reduzidos de calorias e gorduras; &#8211; Intestino saud\u00e1vel: combina\u00e7\u00e3o de nutrientes de alta digestibilidade e fibras naturais; &#8211; Redu\u00e7\u00e3o do odor das fezes: sele\u00e7\u00e3o de ingredientes especiais que auxiliam na redu\u00e7\u00e3o do odor das fezes. &#8211; Este produto possui Satisfa\u00e7\u00e3o Garantida. Saiba mais abaixo na descri\u00e7\u00e3o.","og_url":"https:\/\/agropecuariafenix.com.br\/index.php\/produto\/golden-light-caes-adultos-raca-pequena-10kg\/","og_site_name":"Agropecu\u00e1ria Fenix","article_publisher":"https:\/\/web.facebook.com\/agropecuariafenixjau","article_modified_time":"2025-10-28T20:26:23+00:00","og_image":[{"width":700,"height":700,"url":"https:\/\/agropecuariafenix.com.br\/wp-content\/uploads\/2022\/02\/Golden_Light_Ces_Adultos_Raa_Pequena_10Kg_459315-1.jpg","type":"image\/jpeg"}],"twitter_card":"summary_large_image","twitter_misc":{"Est. tempo de leitura":"1 minuto"},"schema":{"@context":"https:\/\/schema.org","@graph":[{"@type":"WebPage","@id":"https:\/\/agropecuariafenix.com.br\/index.php\/produto\/golden-light-caes-adultos-raca-pequena-10kg\/","url":"https:\/\/agropecuariafenix.com.br\/index.php\/produto\/golden-light-caes-adultos-raca-pequena-10kg\/","name":"Golden Light C\u00e3es Adultos Ra\u00e7a Pequena 10Kg - Agropecu\u00e1ria Fenix","isPartOf":{"@id":"https:\/\/agropecuariafenix.com.br\/#website"},"primaryImageOfPage":{"@id":"https:\/\/agropecuariafenix.com.br\/index.php\/produto\/golden-light-caes-adultos-raca-pequena-10kg\/#primaryimage"},"image":{"@id":"https:\/\/agropecuariafenix.com.br\/index.php\/produto\/golden-light-caes-adultos-raca-pequena-10kg\/#primaryimage"},"thumbnailUrl":"https:\/\/agropecuariafenix.com.br\/wp-content\/uploads\/2022\/02\/Golden_Light_Ces_Adultos_Raa_Pequena_10Kg_459315-1.jpg","datePublished":"2022-02-24T19:13:35+00:00","dateModified":"2025-10-28T20:26:23+00:00","breadcrumb":{"@id":"https:\/\/agropecuariafenix.com.br\/index.php\/produto\/golden-light-caes-adultos-raca-pequena-10kg\/#breadcrumb"},"inLanguage":"pt-BR","potentialAction":[{"@type":"ReadAction","target":["https:\/\/agropecuariafenix.com.br\/index.php\/produto\/golden-light-caes-adultos-raca-pequena-10kg\/"]}]},{"@type":"ImageObject","inLanguage":"pt-BR","@id":"https:\/\/agropecuariafenix.com.br\/index.php\/produto\/golden-light-caes-adultos-raca-pequena-10kg\/#primaryimage","url":"https:\/\/agropecuariafenix.com.br\/wp-content\/uploads\/2022\/02\/Golden_Light_Ces_Adultos_Raa_Pequena_10Kg_459315-1.jpg","contentUrl":"https:\/\/agropecuariafenix.com.br\/wp-content\/uploads\/2022\/02\/Golden_Light_Ces_Adultos_Raa_Pequena_10Kg_459315-1.jpg","width":700,"height":700,"caption":"Golden Light C\u00e3es Adultos Ra\u00e7a Pequena 10Kg"},{"@type":"BreadcrumbList","@id":"https:\/\/agropecuariafenix.com.br\/index.php\/produto\/golden-light-caes-adultos-raca-pequena-10kg\/#breadcrumb","itemListElement":[{"@type":"ListItem","position":1,"name":"In\u00edcio","item":"https:\/\/agropecuariafenix.com.br\/"},{"@type":"ListItem","position":2,"name":"Todos os produtos","item":"https:\/\/agropecuariafenix.com.br\/index.php\/loja\/"},{"@type":"ListItem","position":3,"name":"Golden Light C\u00e3es Adultos Ra\u00e7a Pequena 10Kg"}]},{"@type":"WebSite","@id":"https:\/\/agropecuariafenix.com.br\/#website","url":"https:\/\/agropecuariafenix.com.br\/","name":"Agropecu\u00e1ria Fenix","description":"Agropecu\u00e1ria F\u00eanix Pet - Ra\u00e7\u00f5es \/ Medicamentos Pet \/ Cl\u00ednica Veterin\u00e1ria \/ Banho e Tosa \/ Cachorro \/\u00a0Gato\u00a0\/\u00a0P\u00e1ssaros","publisher":{"@id":"https:\/\/agropecuariafenix.com.br\/#organization"},"alternateName":"Agropecu\u00e1ria Fenix","potentialAction":[{"@type":"SearchAction","target":{"@type":"EntryPoint","urlTemplate":"https:\/\/agropecuariafenix.com.br\/?s={search_term_string}"},"query-input":{"@type":"PropertyValueSpecification","valueRequired":true,"valueName":"search_term_string"}}],"inLanguage":"pt-BR"},{"@type":"Organization","@id":"https:\/\/agropecuariafenix.com.br\/#organization","name":"Agropecu\u00e1ria Fenix","alternateName":"Agropecu\u00e1ria Fenix","url":"https:\/\/agropecuariafenix.com.br\/","logo":{"@type":"ImageObject","inLanguage":"pt-BR","@id":"https:\/\/agropecuariafenix.com.br\/#\/schema\/logo\/image\/","url":"https:\/\/agropecuariafenix.com.br\/wp-content\/uploads\/2023\/08\/logo_fenix3-Copy.png","contentUrl":"https:\/\/agropecuariafenix.com.br\/wp-content\/uploads\/2023\/08\/logo_fenix3-Copy.png","width":500,"height":500,"caption":"Agropecu\u00e1ria Fenix"},"image":{"@id":"https:\/\/agropecuariafenix.com.br\/#\/schema\/logo\/image\/"},"sameAs":["https:\/\/web.facebook.com\/agropecuariafenixjau","https:\/\/www.instagram.com\/agropecuaria_fenix_jau\/"]}]}},"_links":{"self":[{"href":"https:\/\/agropecuariafenix.com.br\/index.php\/wp-json\/wp\/v2\/product\/22747","targetHints":{"allow":["GET"]}}],"collection":[{"href":"https:\/\/agropecuariafenix.com.br\/index.php\/wp-json\/wp\/v2\/product"}],"about":[{"href":"https:\/\/agropecuariafenix.com.br\/index.php\/wp-json\/wp\/v2\/types\/product"}],"replies":[{"embeddable":true,"href":"https:\/\/agropecuariafenix.com.br\/index.php\/wp-json\/wp\/v2\/comments?post=22747"}],"version-history":[{"count":1,"href":"https:\/\/agropecuariafenix.com.br\/index.php\/wp-json\/wp\/v2\/product\/22747\/revisions"}],"predecessor-version":[{"id":22751,"href":"https:\/\/agropecuariafenix.com.br\/index.php\/wp-json\/wp\/v2\/product\/22747\/revisions\/22751"}],"wp:featuredmedia":[{"embeddable":true,"href":"https:\/\/agropecuariafenix.com.br\/index.php\/wp-json\/wp\/v2\/media\/22746"}],"wp:attachment":[{"href":"https:\/\/agropecuariafenix.com.br\/index.php\/wp-json\/wp\/v2\/media?parent=22747"}],"wp:term":[{"taxonomy":"product_brand","embeddable":true,"href":"https:\/\/agropecuariafenix.com.br\/index.php\/wp-json\/wp\/v2\/product_brand?post=22747"},{"taxonomy":"product_cat","embeddable":true,"href":"https:\/\/agropecuariafenix.com.br\/index.php\/wp-json\/wp\/v2\/product_cat?post=22747"},{"taxonomy":"product_tag","embeddable":true,"href":"https:\/\/agropecuariafenix.com.br\/index.php\/wp-json\/wp\/v2\/product_tag?post=22747"}],"curies":[{"name":"wp","href":"https:\/\/api.w.org\/{rel}","templated":true}]}}