{"id":21866,"date":"2021-11-04T16:30:16","date_gmt":"2021-11-04T19:30:16","guid":{"rendered":"https:\/\/agropecuariafenix.com.br\/index.php\/produto\/whiskas-gatos-adultos-castrados-carne-1kg\/"},"modified":"2023-07-27T16:50:57","modified_gmt":"2023-07-27T19:50:57","slug":"whiskas-gatos-adultos-castrados-carne-1kg","status":"publish","type":"product","link":"https:\/\/agropecuariafenix.com.br\/index.php\/produto\/whiskas-gatos-adultos-castrados-carne-1kg\/","title":{"rendered":"Whiskas Gatos Adultos Castrados Carne 1Kg"},"content":{"rendered":"<p>O alimento Ra\u00e7\u00e3o Whiskas Carne para Gatos Adultos Castrados WHISKAS\u00ae \u00e9 nutricionalmente completo e balanceado, com um \u00f3timo equil\u00edbrio de vitaminas e minerais para ajud\u00e1-lo a fornecer os melhores cuidados para o seu gato adulto. As necessidades nutricionais do seu gato mudam ao longo do tempo. \u00c9 por isso que o alimento seco para gatos WHISKAS\u00ae 1+ anos \u00e9 especialmente desenvolvido para gatos curiosos proporcionando a eles todos os nutrientes e energia necess\u00e1rios para explorar o mundo.<\/p>\n","protected":false},"excerpt":{"rendered":"<p>&#8211; Receita sem corantes artificiais;<br \/>\n&#8211; Com Taurina, vitaminas e minerais para os melhores cuidados;<br \/>\n&#8211; Ra\u00e7\u00e3o Premium 100% completa e balanceada para gatos castrados;<br \/>\n&#8211; Minerais controlados para ajudar a manter um trato urin\u00e1rio saud\u00e1vel;<br \/>\n&#8211; N\u00edvel de gordura regulado para ajudar na manuten\u00e7\u00e3o do peso do gato;<br \/>\n&#8211; Anti-bolas de pelo: com fibras especiais que ajudam na elimina\u00e7\u00e3o das bolas de pelo;<br \/>\n&#8211; Prote\u00edna de alta qualidade: auxilia na manuten\u00e7\u00e3o da massa muscular do gatinho;<\/p>\n","protected":false},"featured_media":22507,"comment_status":"open","ping_status":"closed","template":"","meta":[],"product_brand":[],"product_cat":[80],"product_tag":[347,76,77,231,209,345],"class_list":{"0":"post-21866","1":"product","2":"type-product","3":"status-publish","4":"has-post-thumbnail","6":"product_cat-racoes","7":"product_tag-1kg","8":"product_tag-adultos","9":"product_tag-carne","10":"product_tag-castrados","11":"product_tag-gatos","12":"product_tag-whiskas","14":"first","15":"instock","16":"shipping-taxable","17":"purchasable","18":"product-type-simple"},"yoast_head":"<!-- This site is optimized with the Yoast SEO plugin v27.6 - https:\/\/yoast.com\/product\/yoast-seo-wordpress\/ -->\n<title>Whiskas Gatos Adultos Castrados Carne 1Kg - Agropecu\u00e1ria Fenix<\/title>\n<meta name=\"robots\" content=\"index, follow, max-snippet:-1, max-image-preview:large, max-video-preview:-1\" \/>\n<link rel=\"canonical\" href=\"https:\/\/agropecuariafenix.com.br\/index.php\/produto\/whiskas-gatos-adultos-castrados-carne-1kg\/\" \/>\n<meta property=\"og:locale\" content=\"pt_BR\" \/>\n<meta property=\"og:type\" content=\"article\" \/>\n<meta property=\"og:title\" content=\"Whiskas Gatos Adultos Castrados Carne 1Kg - Agropecu\u00e1ria Fenix\" \/>\n<meta property=\"og:description\" content=\"&#8211; Receita sem corantes artificiais; &#8211; Com Taurina, vitaminas e minerais para os melhores cuidados; &#8211; Ra\u00e7\u00e3o Premium 100% completa e balanceada para gatos castrados; &#8211; Minerais controlados para ajudar a manter um trato urin\u00e1rio saud\u00e1vel; &#8211; N\u00edvel de gordura regulado para ajudar na manuten\u00e7\u00e3o do peso do gato; &#8211; Anti-bolas de pelo: com fibras especiais que ajudam na elimina\u00e7\u00e3o das bolas de pelo; &#8211; Prote\u00edna de alta qualidade: auxilia na manuten\u00e7\u00e3o da massa muscular do gatinho;\" \/>\n<meta property=\"og:url\" content=\"https:\/\/agropecuariafenix.com.br\/index.php\/produto\/whiskas-gatos-adultos-castrados-carne-1kg\/\" \/>\n<meta property=\"og:site_name\" content=\"Agropecu\u00e1ria Fenix\" \/>\n<meta property=\"article:publisher\" content=\"https:\/\/web.facebook.com\/agropecuariafenixjau\" \/>\n<meta property=\"article:modified_time\" content=\"2023-07-27T19:50:57+00:00\" \/>\n<meta property=\"og:image\" content=\"https:\/\/agropecuariafenix.com.br\/wp-content\/uploads\/2022\/02\/Whiskas_Gatos_Adultos_Castrados_Carne_1Kg_317617-1.jpg\" \/>\n\t<meta property=\"og:image:width\" content=\"600\" \/>\n\t<meta property=\"og:image:height\" content=\"600\" \/>\n\t<meta property=\"og:image:type\" content=\"image\/jpeg\" \/>\n<meta name=\"twitter:card\" content=\"summary_large_image\" \/>\n<script type=\"application\/ld+json\" class=\"yoast-schema-graph\">{\"@context\":\"https:\\\/\\\/schema.org\",\"@graph\":[{\"@type\":\"WebPage\",\"@id\":\"https:\\\/\\\/agropecuariafenix.com.br\\\/index.php\\\/produto\\\/whiskas-gatos-adultos-castrados-carne-1kg\\\/\",\"url\":\"https:\\\/\\\/agropecuariafenix.com.br\\\/index.php\\\/produto\\\/whiskas-gatos-adultos-castrados-carne-1kg\\\/\",\"name\":\"Whiskas Gatos Adultos Castrados Carne 1Kg - Agropecu\u00e1ria Fenix\",\"isPartOf\":{\"@id\":\"https:\\\/\\\/agropecuariafenix.com.br\\\/#website\"},\"primaryImageOfPage\":{\"@id\":\"https:\\\/\\\/agropecuariafenix.com.br\\\/index.php\\\/produto\\\/whiskas-gatos-adultos-castrados-carne-1kg\\\/#primaryimage\"},\"image\":{\"@id\":\"https:\\\/\\\/agropecuariafenix.com.br\\\/index.php\\\/produto\\\/whiskas-gatos-adultos-castrados-carne-1kg\\\/#primaryimage\"},\"thumbnailUrl\":\"https:\\\/\\\/agropecuariafenix.com.br\\\/wp-content\\\/uploads\\\/2022\\\/02\\\/Whiskas_Gatos_Adultos_Castrados_Carne_1Kg_317617-1.jpg\",\"datePublished\":\"2021-11-04T19:30:16+00:00\",\"dateModified\":\"2023-07-27T19:50:57+00:00\",\"breadcrumb\":{\"@id\":\"https:\\\/\\\/agropecuariafenix.com.br\\\/index.php\\\/produto\\\/whiskas-gatos-adultos-castrados-carne-1kg\\\/#breadcrumb\"},\"inLanguage\":\"pt-BR\",\"potentialAction\":[{\"@type\":\"ReadAction\",\"target\":[\"https:\\\/\\\/agropecuariafenix.com.br\\\/index.php\\\/produto\\\/whiskas-gatos-adultos-castrados-carne-1kg\\\/\"]}]},{\"@type\":\"ImageObject\",\"inLanguage\":\"pt-BR\",\"@id\":\"https:\\\/\\\/agropecuariafenix.com.br\\\/index.php\\\/produto\\\/whiskas-gatos-adultos-castrados-carne-1kg\\\/#primaryimage\",\"url\":\"https:\\\/\\\/agropecuariafenix.com.br\\\/wp-content\\\/uploads\\\/2022\\\/02\\\/Whiskas_Gatos_Adultos_Castrados_Carne_1Kg_317617-1.jpg\",\"contentUrl\":\"https:\\\/\\\/agropecuariafenix.com.br\\\/wp-content\\\/uploads\\\/2022\\\/02\\\/Whiskas_Gatos_Adultos_Castrados_Carne_1Kg_317617-1.jpg\",\"width\":600,\"height\":600,\"caption\":\"Whiskas Gatos Adultos Castrados Carne 1Kg\"},{\"@type\":\"BreadcrumbList\",\"@id\":\"https:\\\/\\\/agropecuariafenix.com.br\\\/index.php\\\/produto\\\/whiskas-gatos-adultos-castrados-carne-1kg\\\/#breadcrumb\",\"itemListElement\":[{\"@type\":\"ListItem\",\"position\":1,\"name\":\"In\u00edcio\",\"item\":\"https:\\\/\\\/agropecuariafenix.com.br\\\/\"},{\"@type\":\"ListItem\",\"position\":2,\"name\":\"Todos os produtos\",\"item\":\"https:\\\/\\\/agropecuariafenix.com.br\\\/index.php\\\/loja\\\/\"},{\"@type\":\"ListItem\",\"position\":3,\"name\":\"Whiskas Gatos Adultos Castrados Carne 1Kg\"}]},{\"@type\":\"WebSite\",\"@id\":\"https:\\\/\\\/agropecuariafenix.com.br\\\/#website\",\"url\":\"https:\\\/\\\/agropecuariafenix.com.br\\\/\",\"name\":\"Agropecu\u00e1ria Fenix\",\"description\":\"Agropecu\u00e1ria F\u00eanix Pet - Ra\u00e7\u00f5es \\\/ Medicamentos Pet \\\/ Cl\u00ednica Veterin\u00e1ria \\\/ Banho e Tosa \\\/ Cachorro \\\/\u00a0Gato\u00a0\\\/\u00a0P\u00e1ssaros\",\"publisher\":{\"@id\":\"https:\\\/\\\/agropecuariafenix.com.br\\\/#organization\"},\"alternateName\":\"Agropecu\u00e1ria Fenix\",\"potentialAction\":[{\"@type\":\"SearchAction\",\"target\":{\"@type\":\"EntryPoint\",\"urlTemplate\":\"https:\\\/\\\/agropecuariafenix.com.br\\\/?s={search_term_string}\"},\"query-input\":{\"@type\":\"PropertyValueSpecification\",\"valueRequired\":true,\"valueName\":\"search_term_string\"}}],\"inLanguage\":\"pt-BR\"},{\"@type\":\"Organization\",\"@id\":\"https:\\\/\\\/agropecuariafenix.com.br\\\/#organization\",\"name\":\"Agropecu\u00e1ria Fenix\",\"alternateName\":\"Agropecu\u00e1ria Fenix\",\"url\":\"https:\\\/\\\/agropecuariafenix.com.br\\\/\",\"logo\":{\"@type\":\"ImageObject\",\"inLanguage\":\"pt-BR\",\"@id\":\"https:\\\/\\\/agropecuariafenix.com.br\\\/#\\\/schema\\\/logo\\\/image\\\/\",\"url\":\"https:\\\/\\\/agropecuariafenix.com.br\\\/wp-content\\\/uploads\\\/2023\\\/08\\\/logo_fenix3-Copy.png\",\"contentUrl\":\"https:\\\/\\\/agropecuariafenix.com.br\\\/wp-content\\\/uploads\\\/2023\\\/08\\\/logo_fenix3-Copy.png\",\"width\":500,\"height\":500,\"caption\":\"Agropecu\u00e1ria Fenix\"},\"image\":{\"@id\":\"https:\\\/\\\/agropecuariafenix.com.br\\\/#\\\/schema\\\/logo\\\/image\\\/\"},\"sameAs\":[\"https:\\\/\\\/web.facebook.com\\\/agropecuariafenixjau\",\"https:\\\/\\\/www.instagram.com\\\/agropecuaria_fenix_jau\\\/\"]}]}<\/script>\n<!-- \/ Yoast SEO plugin. -->","yoast_head_json":{"title":"Whiskas Gatos Adultos Castrados Carne 1Kg - Agropecu\u00e1ria Fenix","robots":{"index":"index","follow":"follow","max-snippet":"max-snippet:-1","max-image-preview":"max-image-preview:large","max-video-preview":"max-video-preview:-1"},"canonical":"https:\/\/agropecuariafenix.com.br\/index.php\/produto\/whiskas-gatos-adultos-castrados-carne-1kg\/","og_locale":"pt_BR","og_type":"article","og_title":"Whiskas Gatos Adultos Castrados Carne 1Kg - Agropecu\u00e1ria Fenix","og_description":"&#8211; Receita sem corantes artificiais; &#8211; Com Taurina, vitaminas e minerais para os melhores cuidados; &#8211; Ra\u00e7\u00e3o Premium 100% completa e balanceada para gatos castrados; &#8211; Minerais controlados para ajudar a manter um trato urin\u00e1rio saud\u00e1vel; &#8211; N\u00edvel de gordura regulado para ajudar na manuten\u00e7\u00e3o do peso do gato; &#8211; Anti-bolas de pelo: com fibras especiais que ajudam na elimina\u00e7\u00e3o das bolas de pelo; &#8211; Prote\u00edna de alta qualidade: auxilia na manuten\u00e7\u00e3o da massa muscular do gatinho;","og_url":"https:\/\/agropecuariafenix.com.br\/index.php\/produto\/whiskas-gatos-adultos-castrados-carne-1kg\/","og_site_name":"Agropecu\u00e1ria Fenix","article_publisher":"https:\/\/web.facebook.com\/agropecuariafenixjau","article_modified_time":"2023-07-27T19:50:57+00:00","og_image":[{"width":600,"height":600,"url":"https:\/\/agropecuariafenix.com.br\/wp-content\/uploads\/2022\/02\/Whiskas_Gatos_Adultos_Castrados_Carne_1Kg_317617-1.jpg","type":"image\/jpeg"}],"twitter_card":"summary_large_image","schema":{"@context":"https:\/\/schema.org","@graph":[{"@type":"WebPage","@id":"https:\/\/agropecuariafenix.com.br\/index.php\/produto\/whiskas-gatos-adultos-castrados-carne-1kg\/","url":"https:\/\/agropecuariafenix.com.br\/index.php\/produto\/whiskas-gatos-adultos-castrados-carne-1kg\/","name":"Whiskas Gatos Adultos Castrados Carne 1Kg - Agropecu\u00e1ria Fenix","isPartOf":{"@id":"https:\/\/agropecuariafenix.com.br\/#website"},"primaryImageOfPage":{"@id":"https:\/\/agropecuariafenix.com.br\/index.php\/produto\/whiskas-gatos-adultos-castrados-carne-1kg\/#primaryimage"},"image":{"@id":"https:\/\/agropecuariafenix.com.br\/index.php\/produto\/whiskas-gatos-adultos-castrados-carne-1kg\/#primaryimage"},"thumbnailUrl":"https:\/\/agropecuariafenix.com.br\/wp-content\/uploads\/2022\/02\/Whiskas_Gatos_Adultos_Castrados_Carne_1Kg_317617-1.jpg","datePublished":"2021-11-04T19:30:16+00:00","dateModified":"2023-07-27T19:50:57+00:00","breadcrumb":{"@id":"https:\/\/agropecuariafenix.com.br\/index.php\/produto\/whiskas-gatos-adultos-castrados-carne-1kg\/#breadcrumb"},"inLanguage":"pt-BR","potentialAction":[{"@type":"ReadAction","target":["https:\/\/agropecuariafenix.com.br\/index.php\/produto\/whiskas-gatos-adultos-castrados-carne-1kg\/"]}]},{"@type":"ImageObject","inLanguage":"pt-BR","@id":"https:\/\/agropecuariafenix.com.br\/index.php\/produto\/whiskas-gatos-adultos-castrados-carne-1kg\/#primaryimage","url":"https:\/\/agropecuariafenix.com.br\/wp-content\/uploads\/2022\/02\/Whiskas_Gatos_Adultos_Castrados_Carne_1Kg_317617-1.jpg","contentUrl":"https:\/\/agropecuariafenix.com.br\/wp-content\/uploads\/2022\/02\/Whiskas_Gatos_Adultos_Castrados_Carne_1Kg_317617-1.jpg","width":600,"height":600,"caption":"Whiskas Gatos Adultos Castrados Carne 1Kg"},{"@type":"BreadcrumbList","@id":"https:\/\/agropecuariafenix.com.br\/index.php\/produto\/whiskas-gatos-adultos-castrados-carne-1kg\/#breadcrumb","itemListElement":[{"@type":"ListItem","position":1,"name":"In\u00edcio","item":"https:\/\/agropecuariafenix.com.br\/"},{"@type":"ListItem","position":2,"name":"Todos os produtos","item":"https:\/\/agropecuariafenix.com.br\/index.php\/loja\/"},{"@type":"ListItem","position":3,"name":"Whiskas Gatos Adultos Castrados Carne 1Kg"}]},{"@type":"WebSite","@id":"https:\/\/agropecuariafenix.com.br\/#website","url":"https:\/\/agropecuariafenix.com.br\/","name":"Agropecu\u00e1ria Fenix","description":"Agropecu\u00e1ria F\u00eanix Pet - Ra\u00e7\u00f5es \/ Medicamentos Pet \/ Cl\u00ednica Veterin\u00e1ria \/ Banho e Tosa \/ Cachorro \/\u00a0Gato\u00a0\/\u00a0P\u00e1ssaros","publisher":{"@id":"https:\/\/agropecuariafenix.com.br\/#organization"},"alternateName":"Agropecu\u00e1ria Fenix","potentialAction":[{"@type":"SearchAction","target":{"@type":"EntryPoint","urlTemplate":"https:\/\/agropecuariafenix.com.br\/?s={search_term_string}"},"query-input":{"@type":"PropertyValueSpecification","valueRequired":true,"valueName":"search_term_string"}}],"inLanguage":"pt-BR"},{"@type":"Organization","@id":"https:\/\/agropecuariafenix.com.br\/#organization","name":"Agropecu\u00e1ria Fenix","alternateName":"Agropecu\u00e1ria Fenix","url":"https:\/\/agropecuariafenix.com.br\/","logo":{"@type":"ImageObject","inLanguage":"pt-BR","@id":"https:\/\/agropecuariafenix.com.br\/#\/schema\/logo\/image\/","url":"https:\/\/agropecuariafenix.com.br\/wp-content\/uploads\/2023\/08\/logo_fenix3-Copy.png","contentUrl":"https:\/\/agropecuariafenix.com.br\/wp-content\/uploads\/2023\/08\/logo_fenix3-Copy.png","width":500,"height":500,"caption":"Agropecu\u00e1ria Fenix"},"image":{"@id":"https:\/\/agropecuariafenix.com.br\/#\/schema\/logo\/image\/"},"sameAs":["https:\/\/web.facebook.com\/agropecuariafenixjau","https:\/\/www.instagram.com\/agropecuaria_fenix_jau\/"]}]}},"_links":{"self":[{"href":"https:\/\/agropecuariafenix.com.br\/index.php\/wp-json\/wp\/v2\/product\/21866","targetHints":{"allow":["GET"]}}],"collection":[{"href":"https:\/\/agropecuariafenix.com.br\/index.php\/wp-json\/wp\/v2\/product"}],"about":[{"href":"https:\/\/agropecuariafenix.com.br\/index.php\/wp-json\/wp\/v2\/types\/product"}],"replies":[{"embeddable":true,"href":"https:\/\/agropecuariafenix.com.br\/index.php\/wp-json\/wp\/v2\/comments?post=21866"}],"version-history":[{"count":3,"href":"https:\/\/agropecuariafenix.com.br\/index.php\/wp-json\/wp\/v2\/product\/21866\/revisions"}],"predecessor-version":[{"id":22513,"href":"https:\/\/agropecuariafenix.com.br\/index.php\/wp-json\/wp\/v2\/product\/21866\/revisions\/22513"}],"wp:featuredmedia":[{"embeddable":true,"href":"https:\/\/agropecuariafenix.com.br\/index.php\/wp-json\/wp\/v2\/media\/22507"}],"wp:attachment":[{"href":"https:\/\/agropecuariafenix.com.br\/index.php\/wp-json\/wp\/v2\/media?parent=21866"}],"wp:term":[{"taxonomy":"product_brand","embeddable":true,"href":"https:\/\/agropecuariafenix.com.br\/index.php\/wp-json\/wp\/v2\/product_brand?post=21866"},{"taxonomy":"product_cat","embeddable":true,"href":"https:\/\/agropecuariafenix.com.br\/index.php\/wp-json\/wp\/v2\/product_cat?post=21866"},{"taxonomy":"product_tag","embeddable":true,"href":"https:\/\/agropecuariafenix.com.br\/index.php\/wp-json\/wp\/v2\/product_tag?post=21866"}],"curies":[{"name":"wp","href":"https:\/\/api.w.org\/{rel}","templated":true}]}}