{"id":21831,"date":"2021-11-04T15:28:45","date_gmt":"2021-11-04T18:28:45","guid":{"rendered":"https:\/\/agropecuariafenix.com.br\/index.php\/produto\/pedigree-caes-filhotes-equilibrio-natural-raca-pequena-20kg\/"},"modified":"2023-07-27T16:45:00","modified_gmt":"2023-07-27T19:45:00","slug":"pedigree-caes-filhotes-equilibrio-natural-raca-pequena-20kg","status":"publish","type":"product","link":"https:\/\/agropecuariafenix.com.br\/index.php\/produto\/pedigree-caes-filhotes-equilibrio-natural-raca-pequena-20kg\/","title":{"rendered":"Pedigree C\u00e3es Filhotes Equil\u00edbrio Natural Ra\u00e7a Pequena 20Kg"},"content":{"rendered":"<p>A Ra\u00e7\u00e3o Pedigree Equil\u00edbrio Natural para C\u00e3es Filhotes oferece a combina\u00e7\u00e3o de ingredientes ideal para mais sa\u00fade e qualidade de vida para o seu cachorro. Isso porque \u00e9 feito com ingredientes naturais que oferecem ao seu cachorro um alimento nutricionalmente completo e balanceado que ele vai adorar!<\/p>\n","protected":false},"excerpt":{"rendered":"<p>&#8211; Sem corantes e aromatizantes artificiais;<br \/>\n&#8211; Enriquecido com DHA para um desenvolvimento saud\u00e1vel;<br \/>\n&#8211; \u00d4megas 3 e 6: Gr\u00e3os integrais com cereais e semente de linha\u00e7a;<br \/>\n&#8211; Com suculentos peda\u00e7os macios sabor frango cuidadosamente cozidos;<br \/>\n&#8211; Alimento Premium 100% completo e balanceado para c\u00e3es em crescimento;<br \/>\n&#8211; Receita com ingredientes naturais: polpa de beterraba, cenoura e espinafre.<\/p>\n","protected":false},"featured_media":21827,"comment_status":"open","ping_status":"closed","template":"","meta":[],"product_brand":[],"product_cat":[80],"product_tag":[190,75,326,126,301,315,82,81],"class_list":{"0":"post-21831","1":"product","2":"type-product","3":"status-publish","4":"has-post-thumbnail","6":"product_cat-racoes","7":"product_tag-20kg","8":"product_tag-caes","9":"product_tag-equilibrio","10":"product_tag-filhotes","11":"product_tag-natural","12":"product_tag-pedigree","13":"product_tag-pequena","14":"product_tag-raca","16":"first","17":"instock","18":"shipping-taxable","19":"purchasable","20":"product-type-simple"},"yoast_head":"<!-- This site is optimized with the Yoast SEO plugin v26.1.1 - https:\/\/yoast.com\/wordpress\/plugins\/seo\/ -->\n<title>Pedigree C\u00e3es Filhotes Equil\u00edbrio Natural Ra\u00e7a Pequena 20Kg - Agropecu\u00e1ria Fenix<\/title>\n<meta name=\"robots\" content=\"index, follow, max-snippet:-1, max-image-preview:large, max-video-preview:-1\" \/>\n<link rel=\"canonical\" href=\"https:\/\/agropecuariafenix.com.br\/index.php\/produto\/pedigree-caes-filhotes-equilibrio-natural-raca-pequena-20kg\/\" \/>\n<meta property=\"og:locale\" content=\"pt_BR\" \/>\n<meta property=\"og:type\" content=\"article\" \/>\n<meta property=\"og:title\" content=\"Pedigree C\u00e3es Filhotes Equil\u00edbrio Natural Ra\u00e7a Pequena 20Kg - Agropecu\u00e1ria Fenix\" \/>\n<meta property=\"og:description\" content=\"&#8211; Sem corantes e aromatizantes artificiais; &#8211; Enriquecido com DHA para um desenvolvimento saud\u00e1vel; &#8211; \u00d4megas 3 e 6: Gr\u00e3os integrais com cereais e semente de linha\u00e7a; &#8211; Com suculentos peda\u00e7os macios sabor frango cuidadosamente cozidos; &#8211; Alimento Premium 100% completo e balanceado para c\u00e3es em crescimento; &#8211; Receita com ingredientes naturais: polpa de beterraba, cenoura e espinafre.\" \/>\n<meta property=\"og:url\" content=\"https:\/\/agropecuariafenix.com.br\/index.php\/produto\/pedigree-caes-filhotes-equilibrio-natural-raca-pequena-20kg\/\" \/>\n<meta property=\"og:site_name\" content=\"Agropecu\u00e1ria Fenix\" \/>\n<meta property=\"article:publisher\" content=\"https:\/\/web.facebook.com\/agropecuariafenixjau\" \/>\n<meta property=\"article:modified_time\" content=\"2023-07-27T19:45:00+00:00\" \/>\n<meta property=\"og:image\" content=\"https:\/\/agropecuariafenix.com.br\/wp-content\/uploads\/2021\/11\/Pedigree_Ces_Filhotes_Equilbrio_Natural_Raa_Pequena_20Kg_412015-1.jpg\" \/>\n\t<meta property=\"og:image:width\" content=\"700\" \/>\n\t<meta property=\"og:image:height\" content=\"700\" \/>\n\t<meta property=\"og:image:type\" content=\"image\/jpeg\" \/>\n<meta name=\"twitter:card\" content=\"summary_large_image\" \/>\n<script type=\"application\/ld+json\" class=\"yoast-schema-graph\">{\"@context\":\"https:\/\/schema.org\",\"@graph\":[{\"@type\":\"WebPage\",\"@id\":\"https:\/\/agropecuariafenix.com.br\/index.php\/produto\/pedigree-caes-filhotes-equilibrio-natural-raca-pequena-20kg\/\",\"url\":\"https:\/\/agropecuariafenix.com.br\/index.php\/produto\/pedigree-caes-filhotes-equilibrio-natural-raca-pequena-20kg\/\",\"name\":\"Pedigree C\u00e3es Filhotes Equil\u00edbrio Natural Ra\u00e7a Pequena 20Kg - Agropecu\u00e1ria Fenix\",\"isPartOf\":{\"@id\":\"https:\/\/agropecuariafenix.com.br\/#website\"},\"primaryImageOfPage\":{\"@id\":\"https:\/\/agropecuariafenix.com.br\/index.php\/produto\/pedigree-caes-filhotes-equilibrio-natural-raca-pequena-20kg\/#primaryimage\"},\"image\":{\"@id\":\"https:\/\/agropecuariafenix.com.br\/index.php\/produto\/pedigree-caes-filhotes-equilibrio-natural-raca-pequena-20kg\/#primaryimage\"},\"thumbnailUrl\":\"https:\/\/agropecuariafenix.com.br\/wp-content\/uploads\/2021\/11\/Pedigree_Ces_Filhotes_Equilbrio_Natural_Raa_Pequena_20Kg_412015-1.jpg\",\"datePublished\":\"2021-11-04T18:28:45+00:00\",\"dateModified\":\"2023-07-27T19:45:00+00:00\",\"breadcrumb\":{\"@id\":\"https:\/\/agropecuariafenix.com.br\/index.php\/produto\/pedigree-caes-filhotes-equilibrio-natural-raca-pequena-20kg\/#breadcrumb\"},\"inLanguage\":\"pt-BR\",\"potentialAction\":[{\"@type\":\"ReadAction\",\"target\":[\"https:\/\/agropecuariafenix.com.br\/index.php\/produto\/pedigree-caes-filhotes-equilibrio-natural-raca-pequena-20kg\/\"]}]},{\"@type\":\"ImageObject\",\"inLanguage\":\"pt-BR\",\"@id\":\"https:\/\/agropecuariafenix.com.br\/index.php\/produto\/pedigree-caes-filhotes-equilibrio-natural-raca-pequena-20kg\/#primaryimage\",\"url\":\"https:\/\/agropecuariafenix.com.br\/wp-content\/uploads\/2021\/11\/Pedigree_Ces_Filhotes_Equilbrio_Natural_Raa_Pequena_20Kg_412015-1.jpg\",\"contentUrl\":\"https:\/\/agropecuariafenix.com.br\/wp-content\/uploads\/2021\/11\/Pedigree_Ces_Filhotes_Equilbrio_Natural_Raa_Pequena_20Kg_412015-1.jpg\",\"width\":700,\"height\":700,\"caption\":\"Pedigree C\u00e3es Filhotes Equil\u00edbrio Natural Ra\u00e7a Pequena 20Kg\"},{\"@type\":\"BreadcrumbList\",\"@id\":\"https:\/\/agropecuariafenix.com.br\/index.php\/produto\/pedigree-caes-filhotes-equilibrio-natural-raca-pequena-20kg\/#breadcrumb\",\"itemListElement\":[{\"@type\":\"ListItem\",\"position\":1,\"name\":\"In\u00edcio\",\"item\":\"https:\/\/agropecuariafenix.com.br\/\"},{\"@type\":\"ListItem\",\"position\":2,\"name\":\"Todos os produtos\",\"item\":\"https:\/\/agropecuariafenix.com.br\/index.php\/loja\/\"},{\"@type\":\"ListItem\",\"position\":3,\"name\":\"Pedigree C\u00e3es Filhotes Equil\u00edbrio Natural Ra\u00e7a Pequena 20Kg\"}]},{\"@type\":\"WebSite\",\"@id\":\"https:\/\/agropecuariafenix.com.br\/#website\",\"url\":\"https:\/\/agropecuariafenix.com.br\/\",\"name\":\"Agropecu\u00e1ria Fenix\",\"description\":\"Agropecu\u00e1ria F\u00eanix Pet - Ra\u00e7\u00f5es \/ Medicamentos Pet \/ Cl\u00ednica Veterin\u00e1ria \/ Banho e Tosa \/ Cachorro \/\u00a0Gato\u00a0\/\u00a0P\u00e1ssaros\",\"publisher\":{\"@id\":\"https:\/\/agropecuariafenix.com.br\/#organization\"},\"alternateName\":\"Agropecu\u00e1ria Fenix\",\"potentialAction\":[{\"@type\":\"SearchAction\",\"target\":{\"@type\":\"EntryPoint\",\"urlTemplate\":\"https:\/\/agropecuariafenix.com.br\/?s={search_term_string}\"},\"query-input\":{\"@type\":\"PropertyValueSpecification\",\"valueRequired\":true,\"valueName\":\"search_term_string\"}}],\"inLanguage\":\"pt-BR\"},{\"@type\":\"Organization\",\"@id\":\"https:\/\/agropecuariafenix.com.br\/#organization\",\"name\":\"Agropecu\u00e1ria Fenix\",\"alternateName\":\"Agropecu\u00e1ria Fenix\",\"url\":\"https:\/\/agropecuariafenix.com.br\/\",\"logo\":{\"@type\":\"ImageObject\",\"inLanguage\":\"pt-BR\",\"@id\":\"https:\/\/agropecuariafenix.com.br\/#\/schema\/logo\/image\/\",\"url\":\"https:\/\/agropecuariafenix.com.br\/wp-content\/uploads\/2023\/08\/logo_fenix3-Copy.png\",\"contentUrl\":\"https:\/\/agropecuariafenix.com.br\/wp-content\/uploads\/2023\/08\/logo_fenix3-Copy.png\",\"width\":500,\"height\":500,\"caption\":\"Agropecu\u00e1ria Fenix\"},\"image\":{\"@id\":\"https:\/\/agropecuariafenix.com.br\/#\/schema\/logo\/image\/\"},\"sameAs\":[\"https:\/\/web.facebook.com\/agropecuariafenixjau\",\"https:\/\/www.instagram.com\/agropecuaria_fenix_jau\/\"]}]}<\/script>\n<!-- \/ Yoast SEO plugin. -->","yoast_head_json":{"title":"Pedigree C\u00e3es Filhotes Equil\u00edbrio Natural Ra\u00e7a Pequena 20Kg - Agropecu\u00e1ria Fenix","robots":{"index":"index","follow":"follow","max-snippet":"max-snippet:-1","max-image-preview":"max-image-preview:large","max-video-preview":"max-video-preview:-1"},"canonical":"https:\/\/agropecuariafenix.com.br\/index.php\/produto\/pedigree-caes-filhotes-equilibrio-natural-raca-pequena-20kg\/","og_locale":"pt_BR","og_type":"article","og_title":"Pedigree C\u00e3es Filhotes Equil\u00edbrio Natural Ra\u00e7a Pequena 20Kg - Agropecu\u00e1ria Fenix","og_description":"&#8211; Sem corantes e aromatizantes artificiais; &#8211; Enriquecido com DHA para um desenvolvimento saud\u00e1vel; &#8211; \u00d4megas 3 e 6: Gr\u00e3os integrais com cereais e semente de linha\u00e7a; &#8211; Com suculentos peda\u00e7os macios sabor frango cuidadosamente cozidos; &#8211; Alimento Premium 100% completo e balanceado para c\u00e3es em crescimento; &#8211; Receita com ingredientes naturais: polpa de beterraba, cenoura e espinafre.","og_url":"https:\/\/agropecuariafenix.com.br\/index.php\/produto\/pedigree-caes-filhotes-equilibrio-natural-raca-pequena-20kg\/","og_site_name":"Agropecu\u00e1ria Fenix","article_publisher":"https:\/\/web.facebook.com\/agropecuariafenixjau","article_modified_time":"2023-07-27T19:45:00+00:00","og_image":[{"width":700,"height":700,"url":"https:\/\/agropecuariafenix.com.br\/wp-content\/uploads\/2021\/11\/Pedigree_Ces_Filhotes_Equilbrio_Natural_Raa_Pequena_20Kg_412015-1.jpg","type":"image\/jpeg"}],"twitter_card":"summary_large_image","schema":{"@context":"https:\/\/schema.org","@graph":[{"@type":"WebPage","@id":"https:\/\/agropecuariafenix.com.br\/index.php\/produto\/pedigree-caes-filhotes-equilibrio-natural-raca-pequena-20kg\/","url":"https:\/\/agropecuariafenix.com.br\/index.php\/produto\/pedigree-caes-filhotes-equilibrio-natural-raca-pequena-20kg\/","name":"Pedigree C\u00e3es Filhotes Equil\u00edbrio Natural Ra\u00e7a Pequena 20Kg - Agropecu\u00e1ria Fenix","isPartOf":{"@id":"https:\/\/agropecuariafenix.com.br\/#website"},"primaryImageOfPage":{"@id":"https:\/\/agropecuariafenix.com.br\/index.php\/produto\/pedigree-caes-filhotes-equilibrio-natural-raca-pequena-20kg\/#primaryimage"},"image":{"@id":"https:\/\/agropecuariafenix.com.br\/index.php\/produto\/pedigree-caes-filhotes-equilibrio-natural-raca-pequena-20kg\/#primaryimage"},"thumbnailUrl":"https:\/\/agropecuariafenix.com.br\/wp-content\/uploads\/2021\/11\/Pedigree_Ces_Filhotes_Equilbrio_Natural_Raa_Pequena_20Kg_412015-1.jpg","datePublished":"2021-11-04T18:28:45+00:00","dateModified":"2023-07-27T19:45:00+00:00","breadcrumb":{"@id":"https:\/\/agropecuariafenix.com.br\/index.php\/produto\/pedigree-caes-filhotes-equilibrio-natural-raca-pequena-20kg\/#breadcrumb"},"inLanguage":"pt-BR","potentialAction":[{"@type":"ReadAction","target":["https:\/\/agropecuariafenix.com.br\/index.php\/produto\/pedigree-caes-filhotes-equilibrio-natural-raca-pequena-20kg\/"]}]},{"@type":"ImageObject","inLanguage":"pt-BR","@id":"https:\/\/agropecuariafenix.com.br\/index.php\/produto\/pedigree-caes-filhotes-equilibrio-natural-raca-pequena-20kg\/#primaryimage","url":"https:\/\/agropecuariafenix.com.br\/wp-content\/uploads\/2021\/11\/Pedigree_Ces_Filhotes_Equilbrio_Natural_Raa_Pequena_20Kg_412015-1.jpg","contentUrl":"https:\/\/agropecuariafenix.com.br\/wp-content\/uploads\/2021\/11\/Pedigree_Ces_Filhotes_Equilbrio_Natural_Raa_Pequena_20Kg_412015-1.jpg","width":700,"height":700,"caption":"Pedigree C\u00e3es Filhotes Equil\u00edbrio Natural Ra\u00e7a Pequena 20Kg"},{"@type":"BreadcrumbList","@id":"https:\/\/agropecuariafenix.com.br\/index.php\/produto\/pedigree-caes-filhotes-equilibrio-natural-raca-pequena-20kg\/#breadcrumb","itemListElement":[{"@type":"ListItem","position":1,"name":"In\u00edcio","item":"https:\/\/agropecuariafenix.com.br\/"},{"@type":"ListItem","position":2,"name":"Todos os produtos","item":"https:\/\/agropecuariafenix.com.br\/index.php\/loja\/"},{"@type":"ListItem","position":3,"name":"Pedigree C\u00e3es Filhotes Equil\u00edbrio Natural Ra\u00e7a Pequena 20Kg"}]},{"@type":"WebSite","@id":"https:\/\/agropecuariafenix.com.br\/#website","url":"https:\/\/agropecuariafenix.com.br\/","name":"Agropecu\u00e1ria Fenix","description":"Agropecu\u00e1ria F\u00eanix Pet - Ra\u00e7\u00f5es \/ Medicamentos Pet \/ Cl\u00ednica Veterin\u00e1ria \/ Banho e Tosa \/ Cachorro \/\u00a0Gato\u00a0\/\u00a0P\u00e1ssaros","publisher":{"@id":"https:\/\/agropecuariafenix.com.br\/#organization"},"alternateName":"Agropecu\u00e1ria Fenix","potentialAction":[{"@type":"SearchAction","target":{"@type":"EntryPoint","urlTemplate":"https:\/\/agropecuariafenix.com.br\/?s={search_term_string}"},"query-input":{"@type":"PropertyValueSpecification","valueRequired":true,"valueName":"search_term_string"}}],"inLanguage":"pt-BR"},{"@type":"Organization","@id":"https:\/\/agropecuariafenix.com.br\/#organization","name":"Agropecu\u00e1ria Fenix","alternateName":"Agropecu\u00e1ria Fenix","url":"https:\/\/agropecuariafenix.com.br\/","logo":{"@type":"ImageObject","inLanguage":"pt-BR","@id":"https:\/\/agropecuariafenix.com.br\/#\/schema\/logo\/image\/","url":"https:\/\/agropecuariafenix.com.br\/wp-content\/uploads\/2023\/08\/logo_fenix3-Copy.png","contentUrl":"https:\/\/agropecuariafenix.com.br\/wp-content\/uploads\/2023\/08\/logo_fenix3-Copy.png","width":500,"height":500,"caption":"Agropecu\u00e1ria Fenix"},"image":{"@id":"https:\/\/agropecuariafenix.com.br\/#\/schema\/logo\/image\/"},"sameAs":["https:\/\/web.facebook.com\/agropecuariafenixjau","https:\/\/www.instagram.com\/agropecuaria_fenix_jau\/"]}]}},"_links":{"self":[{"href":"https:\/\/agropecuariafenix.com.br\/index.php\/wp-json\/wp\/v2\/product\/21831","targetHints":{"allow":["GET"]}}],"collection":[{"href":"https:\/\/agropecuariafenix.com.br\/index.php\/wp-json\/wp\/v2\/product"}],"about":[{"href":"https:\/\/agropecuariafenix.com.br\/index.php\/wp-json\/wp\/v2\/types\/product"}],"replies":[{"embeddable":true,"href":"https:\/\/agropecuariafenix.com.br\/index.php\/wp-json\/wp\/v2\/comments?post=21831"}],"version-history":[{"count":1,"href":"https:\/\/agropecuariafenix.com.br\/index.php\/wp-json\/wp\/v2\/product\/21831\/revisions"}],"predecessor-version":[{"id":21833,"href":"https:\/\/agropecuariafenix.com.br\/index.php\/wp-json\/wp\/v2\/product\/21831\/revisions\/21833"}],"wp:featuredmedia":[{"embeddable":true,"href":"https:\/\/agropecuariafenix.com.br\/index.php\/wp-json\/wp\/v2\/media\/21827"}],"wp:attachment":[{"href":"https:\/\/agropecuariafenix.com.br\/index.php\/wp-json\/wp\/v2\/media?parent=21831"}],"wp:term":[{"taxonomy":"product_brand","embeddable":true,"href":"https:\/\/agropecuariafenix.com.br\/index.php\/wp-json\/wp\/v2\/product_brand?post=21831"},{"taxonomy":"product_cat","embeddable":true,"href":"https:\/\/agropecuariafenix.com.br\/index.php\/wp-json\/wp\/v2\/product_cat?post=21831"},{"taxonomy":"product_tag","embeddable":true,"href":"https:\/\/agropecuariafenix.com.br\/index.php\/wp-json\/wp\/v2\/product_tag?post=21831"}],"curies":[{"name":"wp","href":"https:\/\/api.w.org\/{rel}","templated":true}]}}