{"id":21820,"date":"2021-11-04T14:42:09","date_gmt":"2021-11-04T17:42:09","guid":{"rendered":"https:\/\/agropecuariafenix.com.br\/index.php\/produto\/pedigree-caes-adultos-senior-equilibrio-natural-15kg\/"},"modified":"2023-07-27T16:32:24","modified_gmt":"2023-07-27T19:32:24","slug":"pedigree-caes-adultos-senior-equilibrio-natural-15kg","status":"publish","type":"product","link":"https:\/\/agropecuariafenix.com.br\/index.php\/produto\/pedigree-caes-adultos-senior-equilibrio-natural-15kg\/","title":{"rendered":"Pedigree C\u00e3es Adultos S\u00eanior Equil\u00edbrio Natural 15Kg"},"content":{"rendered":"<p>Ra\u00e7\u00e3o Pedigree Equil\u00edbrio Natural para C\u00e3es Adultos com mais de 7 Anos \u00e9 um alimento que ajuda a equilibrar o organismo do seu c\u00e3o de forma natural e irresist\u00edvel. Isso porque adicionamos o que \u00e9 bom: vegetais, gr\u00e3os integrais e suculentos peda\u00e7os macios feitos com carne, fontes naturais de prote\u00ednas, carboidratos e vitaminas. Al\u00e9m disso, n\u00e3o tem gordura trans nem aromatizantes artificiais.<\/p>\n","protected":false},"excerpt":{"rendered":"<p>&#8211; Indicada para cachorros adultos acima de 7 anos;<br \/>\n&#8211; Fibras de fontes 100% naturais;<br \/>\n&#8211; Feito com gr\u00e3os integrais, que fornecem um balan\u00e7o adequado de fibras, contribuindo para uma vida equilibrada;<br \/>\n&#8211; Irresist\u00edvel: Com suculentos peda\u00e7os macios sabor carne cuidadosamente cozidos;<br \/>\n&#8211; Ingredientes selecionados: Combina\u00e7\u00e3o ideal de fontes naturais de prote\u00ednas, vitaminas e carboidratos;<br \/>\n&#8211; N\u00e3o possui gordura trans nem aromatizantes artificiais.<\/p>\n","protected":false},"featured_media":22222,"comment_status":"open","ping_status":"closed","template":"","meta":[],"product_brand":[],"product_cat":[80],"product_tag":[79,76,75,326,301,315,147],"class_list":{"0":"post-21820","1":"product","2":"type-product","3":"status-publish","4":"has-post-thumbnail","6":"product_cat-racoes","7":"product_tag-15kg","8":"product_tag-adultos","9":"product_tag-caes","10":"product_tag-equilibrio","11":"product_tag-natural","12":"product_tag-pedigree","13":"product_tag-senior","15":"first","16":"instock","17":"shipping-taxable","18":"purchasable","19":"product-type-simple"},"yoast_head":"<!-- This site is optimized with the Yoast SEO plugin v27.6 - https:\/\/yoast.com\/product\/yoast-seo-wordpress\/ -->\n<title>Pedigree C\u00e3es Adultos S\u00eanior Equil\u00edbrio Natural 15Kg - Agropecu\u00e1ria Fenix<\/title>\n<meta name=\"robots\" content=\"index, follow, max-snippet:-1, max-image-preview:large, max-video-preview:-1\" \/>\n<link rel=\"canonical\" href=\"https:\/\/agropecuariafenix.com.br\/index.php\/produto\/pedigree-caes-adultos-senior-equilibrio-natural-15kg\/\" \/>\n<meta property=\"og:locale\" content=\"pt_BR\" \/>\n<meta property=\"og:type\" content=\"article\" \/>\n<meta property=\"og:title\" content=\"Pedigree C\u00e3es Adultos S\u00eanior Equil\u00edbrio Natural 15Kg - Agropecu\u00e1ria Fenix\" \/>\n<meta property=\"og:description\" content=\"&#8211; Indicada para cachorros adultos acima de 7 anos; &#8211; Fibras de fontes 100% naturais; &#8211; Feito com gr\u00e3os integrais, que fornecem um balan\u00e7o adequado de fibras, contribuindo para uma vida equilibrada; &#8211; Irresist\u00edvel: Com suculentos peda\u00e7os macios sabor carne cuidadosamente cozidos; &#8211; Ingredientes selecionados: Combina\u00e7\u00e3o ideal de fontes naturais de prote\u00ednas, vitaminas e carboidratos; &#8211; N\u00e3o possui gordura trans nem aromatizantes artificiais.\" \/>\n<meta property=\"og:url\" content=\"https:\/\/agropecuariafenix.com.br\/index.php\/produto\/pedigree-caes-adultos-senior-equilibrio-natural-15kg\/\" \/>\n<meta property=\"og:site_name\" content=\"Agropecu\u00e1ria Fenix\" \/>\n<meta property=\"article:publisher\" content=\"https:\/\/web.facebook.com\/agropecuariafenixjau\" \/>\n<meta property=\"article:modified_time\" content=\"2023-07-27T19:32:24+00:00\" \/>\n<meta property=\"og:image\" content=\"https:\/\/agropecuariafenix.com.br\/wp-content\/uploads\/2022\/02\/Pedigree_Ces_Adultos_Snior_Equilbrio_Natural_15Kg_61536-1.jpg\" \/>\n\t<meta property=\"og:image:width\" content=\"700\" \/>\n\t<meta property=\"og:image:height\" content=\"700\" \/>\n\t<meta property=\"og:image:type\" content=\"image\/jpeg\" \/>\n<meta name=\"twitter:card\" content=\"summary_large_image\" \/>\n<script type=\"application\/ld+json\" class=\"yoast-schema-graph\">{\"@context\":\"https:\\\/\\\/schema.org\",\"@graph\":[{\"@type\":\"WebPage\",\"@id\":\"https:\\\/\\\/agropecuariafenix.com.br\\\/index.php\\\/produto\\\/pedigree-caes-adultos-senior-equilibrio-natural-15kg\\\/\",\"url\":\"https:\\\/\\\/agropecuariafenix.com.br\\\/index.php\\\/produto\\\/pedigree-caes-adultos-senior-equilibrio-natural-15kg\\\/\",\"name\":\"Pedigree C\u00e3es Adultos S\u00eanior Equil\u00edbrio Natural 15Kg - Agropecu\u00e1ria Fenix\",\"isPartOf\":{\"@id\":\"https:\\\/\\\/agropecuariafenix.com.br\\\/#website\"},\"primaryImageOfPage\":{\"@id\":\"https:\\\/\\\/agropecuariafenix.com.br\\\/index.php\\\/produto\\\/pedigree-caes-adultos-senior-equilibrio-natural-15kg\\\/#primaryimage\"},\"image\":{\"@id\":\"https:\\\/\\\/agropecuariafenix.com.br\\\/index.php\\\/produto\\\/pedigree-caes-adultos-senior-equilibrio-natural-15kg\\\/#primaryimage\"},\"thumbnailUrl\":\"https:\\\/\\\/agropecuariafenix.com.br\\\/wp-content\\\/uploads\\\/2022\\\/02\\\/Pedigree_Ces_Adultos_Snior_Equilbrio_Natural_15Kg_61536-1.jpg\",\"datePublished\":\"2021-11-04T17:42:09+00:00\",\"dateModified\":\"2023-07-27T19:32:24+00:00\",\"breadcrumb\":{\"@id\":\"https:\\\/\\\/agropecuariafenix.com.br\\\/index.php\\\/produto\\\/pedigree-caes-adultos-senior-equilibrio-natural-15kg\\\/#breadcrumb\"},\"inLanguage\":\"pt-BR\",\"potentialAction\":[{\"@type\":\"ReadAction\",\"target\":[\"https:\\\/\\\/agropecuariafenix.com.br\\\/index.php\\\/produto\\\/pedigree-caes-adultos-senior-equilibrio-natural-15kg\\\/\"]}]},{\"@type\":\"ImageObject\",\"inLanguage\":\"pt-BR\",\"@id\":\"https:\\\/\\\/agropecuariafenix.com.br\\\/index.php\\\/produto\\\/pedigree-caes-adultos-senior-equilibrio-natural-15kg\\\/#primaryimage\",\"url\":\"https:\\\/\\\/agropecuariafenix.com.br\\\/wp-content\\\/uploads\\\/2022\\\/02\\\/Pedigree_Ces_Adultos_Snior_Equilbrio_Natural_15Kg_61536-1.jpg\",\"contentUrl\":\"https:\\\/\\\/agropecuariafenix.com.br\\\/wp-content\\\/uploads\\\/2022\\\/02\\\/Pedigree_Ces_Adultos_Snior_Equilbrio_Natural_15Kg_61536-1.jpg\",\"width\":700,\"height\":700,\"caption\":\"Pedigree C\u00e3es Adultos S\u00eanior Equil\u00edbrio Natural 15Kg\"},{\"@type\":\"BreadcrumbList\",\"@id\":\"https:\\\/\\\/agropecuariafenix.com.br\\\/index.php\\\/produto\\\/pedigree-caes-adultos-senior-equilibrio-natural-15kg\\\/#breadcrumb\",\"itemListElement\":[{\"@type\":\"ListItem\",\"position\":1,\"name\":\"In\u00edcio\",\"item\":\"https:\\\/\\\/agropecuariafenix.com.br\\\/\"},{\"@type\":\"ListItem\",\"position\":2,\"name\":\"Todos os produtos\",\"item\":\"https:\\\/\\\/agropecuariafenix.com.br\\\/index.php\\\/loja\\\/\"},{\"@type\":\"ListItem\",\"position\":3,\"name\":\"Pedigree C\u00e3es Adultos S\u00eanior Equil\u00edbrio Natural 15Kg\"}]},{\"@type\":\"WebSite\",\"@id\":\"https:\\\/\\\/agropecuariafenix.com.br\\\/#website\",\"url\":\"https:\\\/\\\/agropecuariafenix.com.br\\\/\",\"name\":\"Agropecu\u00e1ria Fenix\",\"description\":\"Agropecu\u00e1ria F\u00eanix Pet - Ra\u00e7\u00f5es \\\/ Medicamentos Pet \\\/ Cl\u00ednica Veterin\u00e1ria \\\/ Banho e Tosa \\\/ Cachorro \\\/\u00a0Gato\u00a0\\\/\u00a0P\u00e1ssaros\",\"publisher\":{\"@id\":\"https:\\\/\\\/agropecuariafenix.com.br\\\/#organization\"},\"alternateName\":\"Agropecu\u00e1ria Fenix\",\"potentialAction\":[{\"@type\":\"SearchAction\",\"target\":{\"@type\":\"EntryPoint\",\"urlTemplate\":\"https:\\\/\\\/agropecuariafenix.com.br\\\/?s={search_term_string}\"},\"query-input\":{\"@type\":\"PropertyValueSpecification\",\"valueRequired\":true,\"valueName\":\"search_term_string\"}}],\"inLanguage\":\"pt-BR\"},{\"@type\":\"Organization\",\"@id\":\"https:\\\/\\\/agropecuariafenix.com.br\\\/#organization\",\"name\":\"Agropecu\u00e1ria Fenix\",\"alternateName\":\"Agropecu\u00e1ria Fenix\",\"url\":\"https:\\\/\\\/agropecuariafenix.com.br\\\/\",\"logo\":{\"@type\":\"ImageObject\",\"inLanguage\":\"pt-BR\",\"@id\":\"https:\\\/\\\/agropecuariafenix.com.br\\\/#\\\/schema\\\/logo\\\/image\\\/\",\"url\":\"https:\\\/\\\/agropecuariafenix.com.br\\\/wp-content\\\/uploads\\\/2023\\\/08\\\/logo_fenix3-Copy.png\",\"contentUrl\":\"https:\\\/\\\/agropecuariafenix.com.br\\\/wp-content\\\/uploads\\\/2023\\\/08\\\/logo_fenix3-Copy.png\",\"width\":500,\"height\":500,\"caption\":\"Agropecu\u00e1ria Fenix\"},\"image\":{\"@id\":\"https:\\\/\\\/agropecuariafenix.com.br\\\/#\\\/schema\\\/logo\\\/image\\\/\"},\"sameAs\":[\"https:\\\/\\\/web.facebook.com\\\/agropecuariafenixjau\",\"https:\\\/\\\/www.instagram.com\\\/agropecuaria_fenix_jau\\\/\"]}]}<\/script>\n<!-- \/ Yoast SEO plugin. -->","yoast_head_json":{"title":"Pedigree C\u00e3es Adultos S\u00eanior Equil\u00edbrio Natural 15Kg - Agropecu\u00e1ria Fenix","robots":{"index":"index","follow":"follow","max-snippet":"max-snippet:-1","max-image-preview":"max-image-preview:large","max-video-preview":"max-video-preview:-1"},"canonical":"https:\/\/agropecuariafenix.com.br\/index.php\/produto\/pedigree-caes-adultos-senior-equilibrio-natural-15kg\/","og_locale":"pt_BR","og_type":"article","og_title":"Pedigree C\u00e3es Adultos S\u00eanior Equil\u00edbrio Natural 15Kg - Agropecu\u00e1ria Fenix","og_description":"&#8211; Indicada para cachorros adultos acima de 7 anos; &#8211; Fibras de fontes 100% naturais; &#8211; Feito com gr\u00e3os integrais, que fornecem um balan\u00e7o adequado de fibras, contribuindo para uma vida equilibrada; &#8211; Irresist\u00edvel: Com suculentos peda\u00e7os macios sabor carne cuidadosamente cozidos; &#8211; Ingredientes selecionados: Combina\u00e7\u00e3o ideal de fontes naturais de prote\u00ednas, vitaminas e carboidratos; &#8211; N\u00e3o possui gordura trans nem aromatizantes artificiais.","og_url":"https:\/\/agropecuariafenix.com.br\/index.php\/produto\/pedigree-caes-adultos-senior-equilibrio-natural-15kg\/","og_site_name":"Agropecu\u00e1ria Fenix","article_publisher":"https:\/\/web.facebook.com\/agropecuariafenixjau","article_modified_time":"2023-07-27T19:32:24+00:00","og_image":[{"width":700,"height":700,"url":"https:\/\/agropecuariafenix.com.br\/wp-content\/uploads\/2022\/02\/Pedigree_Ces_Adultos_Snior_Equilbrio_Natural_15Kg_61536-1.jpg","type":"image\/jpeg"}],"twitter_card":"summary_large_image","schema":{"@context":"https:\/\/schema.org","@graph":[{"@type":"WebPage","@id":"https:\/\/agropecuariafenix.com.br\/index.php\/produto\/pedigree-caes-adultos-senior-equilibrio-natural-15kg\/","url":"https:\/\/agropecuariafenix.com.br\/index.php\/produto\/pedigree-caes-adultos-senior-equilibrio-natural-15kg\/","name":"Pedigree C\u00e3es Adultos S\u00eanior Equil\u00edbrio Natural 15Kg - Agropecu\u00e1ria Fenix","isPartOf":{"@id":"https:\/\/agropecuariafenix.com.br\/#website"},"primaryImageOfPage":{"@id":"https:\/\/agropecuariafenix.com.br\/index.php\/produto\/pedigree-caes-adultos-senior-equilibrio-natural-15kg\/#primaryimage"},"image":{"@id":"https:\/\/agropecuariafenix.com.br\/index.php\/produto\/pedigree-caes-adultos-senior-equilibrio-natural-15kg\/#primaryimage"},"thumbnailUrl":"https:\/\/agropecuariafenix.com.br\/wp-content\/uploads\/2022\/02\/Pedigree_Ces_Adultos_Snior_Equilbrio_Natural_15Kg_61536-1.jpg","datePublished":"2021-11-04T17:42:09+00:00","dateModified":"2023-07-27T19:32:24+00:00","breadcrumb":{"@id":"https:\/\/agropecuariafenix.com.br\/index.php\/produto\/pedigree-caes-adultos-senior-equilibrio-natural-15kg\/#breadcrumb"},"inLanguage":"pt-BR","potentialAction":[{"@type":"ReadAction","target":["https:\/\/agropecuariafenix.com.br\/index.php\/produto\/pedigree-caes-adultos-senior-equilibrio-natural-15kg\/"]}]},{"@type":"ImageObject","inLanguage":"pt-BR","@id":"https:\/\/agropecuariafenix.com.br\/index.php\/produto\/pedigree-caes-adultos-senior-equilibrio-natural-15kg\/#primaryimage","url":"https:\/\/agropecuariafenix.com.br\/wp-content\/uploads\/2022\/02\/Pedigree_Ces_Adultos_Snior_Equilbrio_Natural_15Kg_61536-1.jpg","contentUrl":"https:\/\/agropecuariafenix.com.br\/wp-content\/uploads\/2022\/02\/Pedigree_Ces_Adultos_Snior_Equilbrio_Natural_15Kg_61536-1.jpg","width":700,"height":700,"caption":"Pedigree C\u00e3es Adultos S\u00eanior Equil\u00edbrio Natural 15Kg"},{"@type":"BreadcrumbList","@id":"https:\/\/agropecuariafenix.com.br\/index.php\/produto\/pedigree-caes-adultos-senior-equilibrio-natural-15kg\/#breadcrumb","itemListElement":[{"@type":"ListItem","position":1,"name":"In\u00edcio","item":"https:\/\/agropecuariafenix.com.br\/"},{"@type":"ListItem","position":2,"name":"Todos os produtos","item":"https:\/\/agropecuariafenix.com.br\/index.php\/loja\/"},{"@type":"ListItem","position":3,"name":"Pedigree C\u00e3es Adultos S\u00eanior Equil\u00edbrio Natural 15Kg"}]},{"@type":"WebSite","@id":"https:\/\/agropecuariafenix.com.br\/#website","url":"https:\/\/agropecuariafenix.com.br\/","name":"Agropecu\u00e1ria Fenix","description":"Agropecu\u00e1ria F\u00eanix Pet - Ra\u00e7\u00f5es \/ Medicamentos Pet \/ Cl\u00ednica Veterin\u00e1ria \/ Banho e Tosa \/ Cachorro \/\u00a0Gato\u00a0\/\u00a0P\u00e1ssaros","publisher":{"@id":"https:\/\/agropecuariafenix.com.br\/#organization"},"alternateName":"Agropecu\u00e1ria Fenix","potentialAction":[{"@type":"SearchAction","target":{"@type":"EntryPoint","urlTemplate":"https:\/\/agropecuariafenix.com.br\/?s={search_term_string}"},"query-input":{"@type":"PropertyValueSpecification","valueRequired":true,"valueName":"search_term_string"}}],"inLanguage":"pt-BR"},{"@type":"Organization","@id":"https:\/\/agropecuariafenix.com.br\/#organization","name":"Agropecu\u00e1ria Fenix","alternateName":"Agropecu\u00e1ria Fenix","url":"https:\/\/agropecuariafenix.com.br\/","logo":{"@type":"ImageObject","inLanguage":"pt-BR","@id":"https:\/\/agropecuariafenix.com.br\/#\/schema\/logo\/image\/","url":"https:\/\/agropecuariafenix.com.br\/wp-content\/uploads\/2023\/08\/logo_fenix3-Copy.png","contentUrl":"https:\/\/agropecuariafenix.com.br\/wp-content\/uploads\/2023\/08\/logo_fenix3-Copy.png","width":500,"height":500,"caption":"Agropecu\u00e1ria Fenix"},"image":{"@id":"https:\/\/agropecuariafenix.com.br\/#\/schema\/logo\/image\/"},"sameAs":["https:\/\/web.facebook.com\/agropecuariafenixjau","https:\/\/www.instagram.com\/agropecuaria_fenix_jau\/"]}]}},"_links":{"self":[{"href":"https:\/\/agropecuariafenix.com.br\/index.php\/wp-json\/wp\/v2\/product\/21820","targetHints":{"allow":["GET"]}}],"collection":[{"href":"https:\/\/agropecuariafenix.com.br\/index.php\/wp-json\/wp\/v2\/product"}],"about":[{"href":"https:\/\/agropecuariafenix.com.br\/index.php\/wp-json\/wp\/v2\/types\/product"}],"replies":[{"embeddable":true,"href":"https:\/\/agropecuariafenix.com.br\/index.php\/wp-json\/wp\/v2\/comments?post=21820"}],"version-history":[{"count":3,"href":"https:\/\/agropecuariafenix.com.br\/index.php\/wp-json\/wp\/v2\/product\/21820\/revisions"}],"predecessor-version":[{"id":22231,"href":"https:\/\/agropecuariafenix.com.br\/index.php\/wp-json\/wp\/v2\/product\/21820\/revisions\/22231"}],"wp:featuredmedia":[{"embeddable":true,"href":"https:\/\/agropecuariafenix.com.br\/index.php\/wp-json\/wp\/v2\/media\/22222"}],"wp:attachment":[{"href":"https:\/\/agropecuariafenix.com.br\/index.php\/wp-json\/wp\/v2\/media?parent=21820"}],"wp:term":[{"taxonomy":"product_brand","embeddable":true,"href":"https:\/\/agropecuariafenix.com.br\/index.php\/wp-json\/wp\/v2\/product_brand?post=21820"},{"taxonomy":"product_cat","embeddable":true,"href":"https:\/\/agropecuariafenix.com.br\/index.php\/wp-json\/wp\/v2\/product_cat?post=21820"},{"taxonomy":"product_tag","embeddable":true,"href":"https:\/\/agropecuariafenix.com.br\/index.php\/wp-json\/wp\/v2\/product_tag?post=21820"}],"curies":[{"name":"wp","href":"https:\/\/api.w.org\/{rel}","templated":true}]}}