{"id":21786,"date":"2021-10-28T11:59:19","date_gmt":"2021-10-28T14:59:19","guid":{"rendered":"https:\/\/agropecuariafenix.com.br\/index.php\/produto\/pedigree-caes-adultos-raca-pequena-15kg\/"},"modified":"2025-10-15T10:43:20","modified_gmt":"2025-10-15T13:43:20","slug":"pedigree-caes-adultos-raca-pequena-15kg","status":"publish","type":"product","link":"https:\/\/agropecuariafenix.com.br\/index.php\/produto\/pedigree-caes-adultos-raca-pequena-15kg\/","title":{"rendered":"Pedigree C\u00e3es Adultos Ra\u00e7a Pequena 15Kg"},"content":{"rendered":"<p>Os cachorros de ra\u00e7as pequenas t\u00eam um metabolismo mais acelerado do que cachorros de ra\u00e7as grandes, por isso precisam de um alimento com maior quantidade de energia para desfrutar de uma sa\u00fade ativa. Al\u00e9m disso, t\u00eam mais chances de desenvolverem doen\u00e7as bucais, por isso alimente seu pet com a Ra\u00e7\u00e3o Seca Pedigree para C\u00e3es Adultos Ra\u00e7as Pequenas que tem gr\u00e3os que ajudam a reduzir a forma\u00e7\u00e3o de t\u00e1rtaro e a manter dentes e gengivas saud\u00e1veis.<\/p>\n","protected":false},"excerpt":{"rendered":"<p>&#8211; Ra\u00e7\u00e3o Premium 100% completa e balanceada para c\u00e3es adultos;<br \/>\n&#8211; Receita sem corantes artificiais;<br \/>\n&#8211; Sa\u00fade Oral: gr\u00e3os que ajudam a reduzir a forma\u00e7\u00e3o do t\u00e1rtaro;<br \/>\n&#8211; Contribui para manter dentes e gengivas saud\u00e1veis;<br \/>\n&#8211; Gr\u00e3os menores com tamanho ideal para a boca de seu cachorro;<br \/>\n&#8211; Prote\u00edna de alta qualidade para ajudar seu metabolismo mais acelerado;<br \/>\n&#8211; Com \u00d4mega 6 para pele e pelo saud\u00e1veis de seu cachorro.<\/p>\n","protected":false},"featured_media":21782,"comment_status":"open","ping_status":"closed","template":"","meta":[],"product_brand":[],"product_cat":[80],"product_tag":[79,76,75,315,82,81],"class_list":{"0":"post-21786","1":"product","2":"type-product","3":"status-publish","4":"has-post-thumbnail","6":"product_cat-racoes","7":"product_tag-15kg","8":"product_tag-adultos","9":"product_tag-caes","10":"product_tag-pedigree","11":"product_tag-pequena","12":"product_tag-raca","14":"first","15":"outofstock","16":"shipping-taxable","17":"purchasable","18":"product-type-simple"},"yoast_head":"<!-- This site is optimized with the Yoast SEO plugin v27.6 - https:\/\/yoast.com\/product\/yoast-seo-wordpress\/ -->\n<title>Pedigree C\u00e3es Adultos Ra\u00e7a Pequena 15Kg - Agropecu\u00e1ria Fenix<\/title>\n<meta name=\"robots\" content=\"index, follow, max-snippet:-1, max-image-preview:large, max-video-preview:-1\" \/>\n<link rel=\"canonical\" href=\"https:\/\/agropecuariafenix.com.br\/index.php\/produto\/pedigree-caes-adultos-raca-pequena-15kg\/\" \/>\n<meta property=\"og:locale\" content=\"pt_BR\" \/>\n<meta property=\"og:type\" content=\"article\" \/>\n<meta property=\"og:title\" content=\"Pedigree C\u00e3es Adultos Ra\u00e7a Pequena 15Kg - Agropecu\u00e1ria Fenix\" \/>\n<meta property=\"og:description\" content=\"&#8211; Ra\u00e7\u00e3o Premium 100% completa e balanceada para c\u00e3es adultos; &#8211; Receita sem corantes artificiais; &#8211; Sa\u00fade Oral: gr\u00e3os que ajudam a reduzir a forma\u00e7\u00e3o do t\u00e1rtaro; &#8211; Contribui para manter dentes e gengivas saud\u00e1veis; &#8211; Gr\u00e3os menores com tamanho ideal para a boca de seu cachorro; &#8211; Prote\u00edna de alta qualidade para ajudar seu metabolismo mais acelerado; &#8211; Com \u00d4mega 6 para pele e pelo saud\u00e1veis de seu cachorro.\" \/>\n<meta property=\"og:url\" content=\"https:\/\/agropecuariafenix.com.br\/index.php\/produto\/pedigree-caes-adultos-raca-pequena-15kg\/\" \/>\n<meta property=\"og:site_name\" content=\"Agropecu\u00e1ria Fenix\" \/>\n<meta property=\"article:publisher\" content=\"https:\/\/web.facebook.com\/agropecuariafenixjau\" \/>\n<meta property=\"article:modified_time\" content=\"2025-10-15T13:43:20+00:00\" \/>\n<meta property=\"og:image\" content=\"https:\/\/agropecuariafenix.com.br\/wp-content\/uploads\/2021\/10\/Pedigree_Ces_Adultos_Raa_Pequena_15Kg_413555-1.jpg\" \/>\n\t<meta property=\"og:image:width\" content=\"700\" \/>\n\t<meta property=\"og:image:height\" content=\"700\" \/>\n\t<meta property=\"og:image:type\" content=\"image\/jpeg\" \/>\n<meta name=\"twitter:card\" content=\"summary_large_image\" \/>\n<script type=\"application\/ld+json\" class=\"yoast-schema-graph\">{\"@context\":\"https:\\\/\\\/schema.org\",\"@graph\":[{\"@type\":\"WebPage\",\"@id\":\"https:\\\/\\\/agropecuariafenix.com.br\\\/index.php\\\/produto\\\/pedigree-caes-adultos-raca-pequena-15kg\\\/\",\"url\":\"https:\\\/\\\/agropecuariafenix.com.br\\\/index.php\\\/produto\\\/pedigree-caes-adultos-raca-pequena-15kg\\\/\",\"name\":\"Pedigree C\u00e3es Adultos Ra\u00e7a Pequena 15Kg - Agropecu\u00e1ria Fenix\",\"isPartOf\":{\"@id\":\"https:\\\/\\\/agropecuariafenix.com.br\\\/#website\"},\"primaryImageOfPage\":{\"@id\":\"https:\\\/\\\/agropecuariafenix.com.br\\\/index.php\\\/produto\\\/pedigree-caes-adultos-raca-pequena-15kg\\\/#primaryimage\"},\"image\":{\"@id\":\"https:\\\/\\\/agropecuariafenix.com.br\\\/index.php\\\/produto\\\/pedigree-caes-adultos-raca-pequena-15kg\\\/#primaryimage\"},\"thumbnailUrl\":\"https:\\\/\\\/agropecuariafenix.com.br\\\/wp-content\\\/uploads\\\/2021\\\/10\\\/Pedigree_Ces_Adultos_Raa_Pequena_15Kg_413555-1.jpg\",\"datePublished\":\"2021-10-28T14:59:19+00:00\",\"dateModified\":\"2025-10-15T13:43:20+00:00\",\"breadcrumb\":{\"@id\":\"https:\\\/\\\/agropecuariafenix.com.br\\\/index.php\\\/produto\\\/pedigree-caes-adultos-raca-pequena-15kg\\\/#breadcrumb\"},\"inLanguage\":\"pt-BR\",\"potentialAction\":[{\"@type\":\"ReadAction\",\"target\":[\"https:\\\/\\\/agropecuariafenix.com.br\\\/index.php\\\/produto\\\/pedigree-caes-adultos-raca-pequena-15kg\\\/\"]}]},{\"@type\":\"ImageObject\",\"inLanguage\":\"pt-BR\",\"@id\":\"https:\\\/\\\/agropecuariafenix.com.br\\\/index.php\\\/produto\\\/pedigree-caes-adultos-raca-pequena-15kg\\\/#primaryimage\",\"url\":\"https:\\\/\\\/agropecuariafenix.com.br\\\/wp-content\\\/uploads\\\/2021\\\/10\\\/Pedigree_Ces_Adultos_Raa_Pequena_15Kg_413555-1.jpg\",\"contentUrl\":\"https:\\\/\\\/agropecuariafenix.com.br\\\/wp-content\\\/uploads\\\/2021\\\/10\\\/Pedigree_Ces_Adultos_Raa_Pequena_15Kg_413555-1.jpg\",\"width\":700,\"height\":700,\"caption\":\"Pedigree C\u00e3es Adultos Ra\u00e7a Pequena 15Kg\"},{\"@type\":\"BreadcrumbList\",\"@id\":\"https:\\\/\\\/agropecuariafenix.com.br\\\/index.php\\\/produto\\\/pedigree-caes-adultos-raca-pequena-15kg\\\/#breadcrumb\",\"itemListElement\":[{\"@type\":\"ListItem\",\"position\":1,\"name\":\"In\u00edcio\",\"item\":\"https:\\\/\\\/agropecuariafenix.com.br\\\/\"},{\"@type\":\"ListItem\",\"position\":2,\"name\":\"Todos os produtos\",\"item\":\"https:\\\/\\\/agropecuariafenix.com.br\\\/index.php\\\/loja\\\/\"},{\"@type\":\"ListItem\",\"position\":3,\"name\":\"Pedigree C\u00e3es Adultos Ra\u00e7a Pequena 15Kg\"}]},{\"@type\":\"WebSite\",\"@id\":\"https:\\\/\\\/agropecuariafenix.com.br\\\/#website\",\"url\":\"https:\\\/\\\/agropecuariafenix.com.br\\\/\",\"name\":\"Agropecu\u00e1ria Fenix\",\"description\":\"Agropecu\u00e1ria F\u00eanix Pet - Ra\u00e7\u00f5es \\\/ Medicamentos Pet \\\/ Cl\u00ednica Veterin\u00e1ria \\\/ Banho e Tosa \\\/ Cachorro \\\/\u00a0Gato\u00a0\\\/\u00a0P\u00e1ssaros\",\"publisher\":{\"@id\":\"https:\\\/\\\/agropecuariafenix.com.br\\\/#organization\"},\"alternateName\":\"Agropecu\u00e1ria Fenix\",\"potentialAction\":[{\"@type\":\"SearchAction\",\"target\":{\"@type\":\"EntryPoint\",\"urlTemplate\":\"https:\\\/\\\/agropecuariafenix.com.br\\\/?s={search_term_string}\"},\"query-input\":{\"@type\":\"PropertyValueSpecification\",\"valueRequired\":true,\"valueName\":\"search_term_string\"}}],\"inLanguage\":\"pt-BR\"},{\"@type\":\"Organization\",\"@id\":\"https:\\\/\\\/agropecuariafenix.com.br\\\/#organization\",\"name\":\"Agropecu\u00e1ria Fenix\",\"alternateName\":\"Agropecu\u00e1ria Fenix\",\"url\":\"https:\\\/\\\/agropecuariafenix.com.br\\\/\",\"logo\":{\"@type\":\"ImageObject\",\"inLanguage\":\"pt-BR\",\"@id\":\"https:\\\/\\\/agropecuariafenix.com.br\\\/#\\\/schema\\\/logo\\\/image\\\/\",\"url\":\"https:\\\/\\\/agropecuariafenix.com.br\\\/wp-content\\\/uploads\\\/2023\\\/08\\\/logo_fenix3-Copy.png\",\"contentUrl\":\"https:\\\/\\\/agropecuariafenix.com.br\\\/wp-content\\\/uploads\\\/2023\\\/08\\\/logo_fenix3-Copy.png\",\"width\":500,\"height\":500,\"caption\":\"Agropecu\u00e1ria Fenix\"},\"image\":{\"@id\":\"https:\\\/\\\/agropecuariafenix.com.br\\\/#\\\/schema\\\/logo\\\/image\\\/\"},\"sameAs\":[\"https:\\\/\\\/web.facebook.com\\\/agropecuariafenixjau\",\"https:\\\/\\\/www.instagram.com\\\/agropecuaria_fenix_jau\\\/\"]}]}<\/script>\n<!-- \/ Yoast SEO plugin. -->","yoast_head_json":{"title":"Pedigree C\u00e3es Adultos Ra\u00e7a Pequena 15Kg - Agropecu\u00e1ria Fenix","robots":{"index":"index","follow":"follow","max-snippet":"max-snippet:-1","max-image-preview":"max-image-preview:large","max-video-preview":"max-video-preview:-1"},"canonical":"https:\/\/agropecuariafenix.com.br\/index.php\/produto\/pedigree-caes-adultos-raca-pequena-15kg\/","og_locale":"pt_BR","og_type":"article","og_title":"Pedigree C\u00e3es Adultos Ra\u00e7a Pequena 15Kg - Agropecu\u00e1ria Fenix","og_description":"&#8211; Ra\u00e7\u00e3o Premium 100% completa e balanceada para c\u00e3es adultos; &#8211; Receita sem corantes artificiais; &#8211; Sa\u00fade Oral: gr\u00e3os que ajudam a reduzir a forma\u00e7\u00e3o do t\u00e1rtaro; &#8211; Contribui para manter dentes e gengivas saud\u00e1veis; &#8211; Gr\u00e3os menores com tamanho ideal para a boca de seu cachorro; &#8211; Prote\u00edna de alta qualidade para ajudar seu metabolismo mais acelerado; &#8211; Com \u00d4mega 6 para pele e pelo saud\u00e1veis de seu cachorro.","og_url":"https:\/\/agropecuariafenix.com.br\/index.php\/produto\/pedigree-caes-adultos-raca-pequena-15kg\/","og_site_name":"Agropecu\u00e1ria Fenix","article_publisher":"https:\/\/web.facebook.com\/agropecuariafenixjau","article_modified_time":"2025-10-15T13:43:20+00:00","og_image":[{"width":700,"height":700,"url":"https:\/\/agropecuariafenix.com.br\/wp-content\/uploads\/2021\/10\/Pedigree_Ces_Adultos_Raa_Pequena_15Kg_413555-1.jpg","type":"image\/jpeg"}],"twitter_card":"summary_large_image","schema":{"@context":"https:\/\/schema.org","@graph":[{"@type":"WebPage","@id":"https:\/\/agropecuariafenix.com.br\/index.php\/produto\/pedigree-caes-adultos-raca-pequena-15kg\/","url":"https:\/\/agropecuariafenix.com.br\/index.php\/produto\/pedigree-caes-adultos-raca-pequena-15kg\/","name":"Pedigree C\u00e3es Adultos Ra\u00e7a Pequena 15Kg - Agropecu\u00e1ria Fenix","isPartOf":{"@id":"https:\/\/agropecuariafenix.com.br\/#website"},"primaryImageOfPage":{"@id":"https:\/\/agropecuariafenix.com.br\/index.php\/produto\/pedigree-caes-adultos-raca-pequena-15kg\/#primaryimage"},"image":{"@id":"https:\/\/agropecuariafenix.com.br\/index.php\/produto\/pedigree-caes-adultos-raca-pequena-15kg\/#primaryimage"},"thumbnailUrl":"https:\/\/agropecuariafenix.com.br\/wp-content\/uploads\/2021\/10\/Pedigree_Ces_Adultos_Raa_Pequena_15Kg_413555-1.jpg","datePublished":"2021-10-28T14:59:19+00:00","dateModified":"2025-10-15T13:43:20+00:00","breadcrumb":{"@id":"https:\/\/agropecuariafenix.com.br\/index.php\/produto\/pedigree-caes-adultos-raca-pequena-15kg\/#breadcrumb"},"inLanguage":"pt-BR","potentialAction":[{"@type":"ReadAction","target":["https:\/\/agropecuariafenix.com.br\/index.php\/produto\/pedigree-caes-adultos-raca-pequena-15kg\/"]}]},{"@type":"ImageObject","inLanguage":"pt-BR","@id":"https:\/\/agropecuariafenix.com.br\/index.php\/produto\/pedigree-caes-adultos-raca-pequena-15kg\/#primaryimage","url":"https:\/\/agropecuariafenix.com.br\/wp-content\/uploads\/2021\/10\/Pedigree_Ces_Adultos_Raa_Pequena_15Kg_413555-1.jpg","contentUrl":"https:\/\/agropecuariafenix.com.br\/wp-content\/uploads\/2021\/10\/Pedigree_Ces_Adultos_Raa_Pequena_15Kg_413555-1.jpg","width":700,"height":700,"caption":"Pedigree C\u00e3es Adultos Ra\u00e7a Pequena 15Kg"},{"@type":"BreadcrumbList","@id":"https:\/\/agropecuariafenix.com.br\/index.php\/produto\/pedigree-caes-adultos-raca-pequena-15kg\/#breadcrumb","itemListElement":[{"@type":"ListItem","position":1,"name":"In\u00edcio","item":"https:\/\/agropecuariafenix.com.br\/"},{"@type":"ListItem","position":2,"name":"Todos os produtos","item":"https:\/\/agropecuariafenix.com.br\/index.php\/loja\/"},{"@type":"ListItem","position":3,"name":"Pedigree C\u00e3es Adultos Ra\u00e7a Pequena 15Kg"}]},{"@type":"WebSite","@id":"https:\/\/agropecuariafenix.com.br\/#website","url":"https:\/\/agropecuariafenix.com.br\/","name":"Agropecu\u00e1ria Fenix","description":"Agropecu\u00e1ria F\u00eanix Pet - Ra\u00e7\u00f5es \/ Medicamentos Pet \/ Cl\u00ednica Veterin\u00e1ria \/ Banho e Tosa \/ Cachorro \/\u00a0Gato\u00a0\/\u00a0P\u00e1ssaros","publisher":{"@id":"https:\/\/agropecuariafenix.com.br\/#organization"},"alternateName":"Agropecu\u00e1ria Fenix","potentialAction":[{"@type":"SearchAction","target":{"@type":"EntryPoint","urlTemplate":"https:\/\/agropecuariafenix.com.br\/?s={search_term_string}"},"query-input":{"@type":"PropertyValueSpecification","valueRequired":true,"valueName":"search_term_string"}}],"inLanguage":"pt-BR"},{"@type":"Organization","@id":"https:\/\/agropecuariafenix.com.br\/#organization","name":"Agropecu\u00e1ria Fenix","alternateName":"Agropecu\u00e1ria Fenix","url":"https:\/\/agropecuariafenix.com.br\/","logo":{"@type":"ImageObject","inLanguage":"pt-BR","@id":"https:\/\/agropecuariafenix.com.br\/#\/schema\/logo\/image\/","url":"https:\/\/agropecuariafenix.com.br\/wp-content\/uploads\/2023\/08\/logo_fenix3-Copy.png","contentUrl":"https:\/\/agropecuariafenix.com.br\/wp-content\/uploads\/2023\/08\/logo_fenix3-Copy.png","width":500,"height":500,"caption":"Agropecu\u00e1ria Fenix"},"image":{"@id":"https:\/\/agropecuariafenix.com.br\/#\/schema\/logo\/image\/"},"sameAs":["https:\/\/web.facebook.com\/agropecuariafenixjau","https:\/\/www.instagram.com\/agropecuaria_fenix_jau\/"]}]}},"_links":{"self":[{"href":"https:\/\/agropecuariafenix.com.br\/index.php\/wp-json\/wp\/v2\/product\/21786","targetHints":{"allow":["GET"]}}],"collection":[{"href":"https:\/\/agropecuariafenix.com.br\/index.php\/wp-json\/wp\/v2\/product"}],"about":[{"href":"https:\/\/agropecuariafenix.com.br\/index.php\/wp-json\/wp\/v2\/types\/product"}],"replies":[{"embeddable":true,"href":"https:\/\/agropecuariafenix.com.br\/index.php\/wp-json\/wp\/v2\/comments?post=21786"}],"version-history":[{"count":1,"href":"https:\/\/agropecuariafenix.com.br\/index.php\/wp-json\/wp\/v2\/product\/21786\/revisions"}],"predecessor-version":[{"id":21787,"href":"https:\/\/agropecuariafenix.com.br\/index.php\/wp-json\/wp\/v2\/product\/21786\/revisions\/21787"}],"wp:featuredmedia":[{"embeddable":true,"href":"https:\/\/agropecuariafenix.com.br\/index.php\/wp-json\/wp\/v2\/media\/21782"}],"wp:attachment":[{"href":"https:\/\/agropecuariafenix.com.br\/index.php\/wp-json\/wp\/v2\/media?parent=21786"}],"wp:term":[{"taxonomy":"product_brand","embeddable":true,"href":"https:\/\/agropecuariafenix.com.br\/index.php\/wp-json\/wp\/v2\/product_brand?post=21786"},{"taxonomy":"product_cat","embeddable":true,"href":"https:\/\/agropecuariafenix.com.br\/index.php\/wp-json\/wp\/v2\/product_cat?post=21786"},{"taxonomy":"product_tag","embeddable":true,"href":"https:\/\/agropecuariafenix.com.br\/index.php\/wp-json\/wp\/v2\/product_tag?post=21786"}],"curies":[{"name":"wp","href":"https:\/\/api.w.org\/{rel}","templated":true}]}}