{"id":21483,"date":"2021-10-21T11:55:43","date_gmt":"2021-10-21T14:55:43","guid":{"rendered":"https:\/\/agropecuariafenix.com.br\/index.php\/produto\/special-cat-gatos-adultos-carne-20kg\/"},"modified":"2026-03-14T18:01:25","modified_gmt":"2026-03-14T21:01:25","slug":"special-cat-gatos-adultos-carne-20kg","status":"publish","type":"product","link":"https:\/\/agropecuariafenix.com.br\/index.php\/produto\/special-cat-gatos-adultos-carne-20kg\/","title":{"rendered":"Special Cat Gatos Adultos Carne 20Kg"},"content":{"rendered":"<p>A Ra\u00e7\u00e3o Special Cat Premium Carne para Gatos Adultos esta de cara novo e com um sabor irresist\u00edvel para seu amiguinho peludo. Cont\u00e9m \u00f4megas 3 e 6 que agem diretamente na raiz dos pelos deixando-os mais firmes, brilhantes e macio. E com a taurina um \u00e1cido org\u00e2nico que promove a boa vis\u00e3o e a sa\u00fade card\u00edaca e cerebral do seu gato.<\/p>\n","protected":false},"excerpt":{"rendered":"<p>&#8211; Indicado para gatos adultos;<br \/>\n&#8211; N\u00e3o cont\u00e9m corantes;<br \/>\n&#8211; Extrato de Yucca: reduz o odor das fezes em at\u00e9 50%, favorecendo as condi\u00e7\u00f5es do ambiente;<br \/>\n&#8211; Prebi\u00f3tico MOS: maximiza a absor\u00e7\u00e3o de nutrientes, contribuindo para o bom funcionamento do intestino;<br \/>\n&#8211; Controle do pH da urina: n\u00edveis equilibrados de minerais ara controle do pH da urina, contribuindo para a manuten\u00e7\u00e3o do trato urin\u00e1rio;<br \/>\n&#8211; Taurina: \u00e9 essencial na alimenta\u00e7\u00e3o dos gatos, pois fortalece as c\u00e9lulas do cora\u00e7\u00e3o, auxiliando na fun\u00e7\u00e3o card\u00edaca;<br \/>\n&#8211; Complex Life: formulado com minerais org\u00e2nicos, o Complex Life \u00e9 facilmente absorvido pelo organismo, otimizando seus benef\u00edcios \u00e0 sa\u00fade do animal;<br \/>\n&#8211; \u00d4megas 3 E 6 + Zinco Org\u00e2nico: A combina\u00e7\u00e3o entre os \u00e1cidos graxos essenciais e o zinco org\u00e2nico contribui para a prote\u00e7\u00e3o da pele e a redu\u00e7\u00e3o da queda de pelos, resultando em uma pelagem mais bonita e brilhante.<\/p>\n","protected":false},"featured_media":22248,"comment_status":"open","ping_status":"closed","template":"","meta":[],"product_brand":[],"product_cat":[80],"product_tag":[190,76,77,229,209,105],"class_list":{"0":"post-21483","1":"product","2":"type-product","3":"status-publish","4":"has-post-thumbnail","6":"product_cat-racoes","7":"product_tag-20kg","8":"product_tag-adultos","9":"product_tag-carne","10":"product_tag-cat","11":"product_tag-gatos","12":"product_tag-special","14":"first","15":"instock","16":"shipping-taxable","17":"purchasable","18":"product-type-simple"},"yoast_head":"<!-- This site is optimized with the Yoast SEO plugin v27.6 - https:\/\/yoast.com\/product\/yoast-seo-wordpress\/ -->\n<title>Special Cat Gatos Adultos Carne 20Kg - Agropecu\u00e1ria Fenix<\/title>\n<meta name=\"robots\" content=\"index, follow, max-snippet:-1, max-image-preview:large, max-video-preview:-1\" \/>\n<link rel=\"canonical\" href=\"https:\/\/agropecuariafenix.com.br\/index.php\/produto\/special-cat-gatos-adultos-carne-20kg\/\" \/>\n<meta property=\"og:locale\" content=\"pt_BR\" \/>\n<meta property=\"og:type\" content=\"article\" \/>\n<meta property=\"og:title\" content=\"Special Cat Gatos Adultos Carne 20Kg - Agropecu\u00e1ria Fenix\" \/>\n<meta property=\"og:description\" content=\"&#8211; Indicado para gatos adultos; &#8211; N\u00e3o cont\u00e9m corantes; &#8211; Extrato de Yucca: reduz o odor das fezes em at\u00e9 50%, favorecendo as condi\u00e7\u00f5es do ambiente; &#8211; Prebi\u00f3tico MOS: maximiza a absor\u00e7\u00e3o de nutrientes, contribuindo para o bom funcionamento do intestino; &#8211; Controle do pH da urina: n\u00edveis equilibrados de minerais ara controle do pH da urina, contribuindo para a manuten\u00e7\u00e3o do trato urin\u00e1rio; &#8211; Taurina: \u00e9 essencial na alimenta\u00e7\u00e3o dos gatos, pois fortalece as c\u00e9lulas do cora\u00e7\u00e3o, auxiliando na fun\u00e7\u00e3o card\u00edaca; &#8211; Complex Life: formulado com minerais org\u00e2nicos, o Complex Life \u00e9 facilmente absorvido pelo organismo, otimizando seus benef\u00edcios \u00e0 sa\u00fade do animal; &#8211; \u00d4megas 3 E 6 + Zinco Org\u00e2nico: A combina\u00e7\u00e3o entre os \u00e1cidos graxos essenciais e o zinco org\u00e2nico contribui para a prote\u00e7\u00e3o da pele e a redu\u00e7\u00e3o da queda de pelos, resultando em uma pelagem mais bonita e brilhante.\" \/>\n<meta property=\"og:url\" content=\"https:\/\/agropecuariafenix.com.br\/index.php\/produto\/special-cat-gatos-adultos-carne-20kg\/\" \/>\n<meta property=\"og:site_name\" content=\"Agropecu\u00e1ria Fenix\" \/>\n<meta property=\"article:publisher\" content=\"https:\/\/web.facebook.com\/agropecuariafenixjau\" \/>\n<meta property=\"article:modified_time\" content=\"2026-03-14T21:01:25+00:00\" \/>\n<meta property=\"og:image\" content=\"https:\/\/agropecuariafenix.com.br\/wp-content\/uploads\/2022\/02\/Special_Cat_Gatos_Adultos_Carne_20Kg_449062-1.jpg\" \/>\n\t<meta property=\"og:image:width\" content=\"700\" \/>\n\t<meta property=\"og:image:height\" content=\"700\" \/>\n\t<meta property=\"og:image:type\" content=\"image\/jpeg\" \/>\n<meta name=\"twitter:card\" content=\"summary_large_image\" \/>\n<script type=\"application\/ld+json\" class=\"yoast-schema-graph\">{\"@context\":\"https:\\\/\\\/schema.org\",\"@graph\":[{\"@type\":\"WebPage\",\"@id\":\"https:\\\/\\\/agropecuariafenix.com.br\\\/index.php\\\/produto\\\/special-cat-gatos-adultos-carne-20kg\\\/\",\"url\":\"https:\\\/\\\/agropecuariafenix.com.br\\\/index.php\\\/produto\\\/special-cat-gatos-adultos-carne-20kg\\\/\",\"name\":\"Special Cat Gatos Adultos Carne 20Kg - Agropecu\u00e1ria Fenix\",\"isPartOf\":{\"@id\":\"https:\\\/\\\/agropecuariafenix.com.br\\\/#website\"},\"primaryImageOfPage\":{\"@id\":\"https:\\\/\\\/agropecuariafenix.com.br\\\/index.php\\\/produto\\\/special-cat-gatos-adultos-carne-20kg\\\/#primaryimage\"},\"image\":{\"@id\":\"https:\\\/\\\/agropecuariafenix.com.br\\\/index.php\\\/produto\\\/special-cat-gatos-adultos-carne-20kg\\\/#primaryimage\"},\"thumbnailUrl\":\"https:\\\/\\\/agropecuariafenix.com.br\\\/wp-content\\\/uploads\\\/2022\\\/02\\\/Special_Cat_Gatos_Adultos_Carne_20Kg_449062-1.jpg\",\"datePublished\":\"2021-10-21T14:55:43+00:00\",\"dateModified\":\"2026-03-14T21:01:25+00:00\",\"breadcrumb\":{\"@id\":\"https:\\\/\\\/agropecuariafenix.com.br\\\/index.php\\\/produto\\\/special-cat-gatos-adultos-carne-20kg\\\/#breadcrumb\"},\"inLanguage\":\"pt-BR\",\"potentialAction\":[{\"@type\":\"ReadAction\",\"target\":[\"https:\\\/\\\/agropecuariafenix.com.br\\\/index.php\\\/produto\\\/special-cat-gatos-adultos-carne-20kg\\\/\"]}]},{\"@type\":\"ImageObject\",\"inLanguage\":\"pt-BR\",\"@id\":\"https:\\\/\\\/agropecuariafenix.com.br\\\/index.php\\\/produto\\\/special-cat-gatos-adultos-carne-20kg\\\/#primaryimage\",\"url\":\"https:\\\/\\\/agropecuariafenix.com.br\\\/wp-content\\\/uploads\\\/2022\\\/02\\\/Special_Cat_Gatos_Adultos_Carne_20Kg_449062-1.jpg\",\"contentUrl\":\"https:\\\/\\\/agropecuariafenix.com.br\\\/wp-content\\\/uploads\\\/2022\\\/02\\\/Special_Cat_Gatos_Adultos_Carne_20Kg_449062-1.jpg\",\"width\":700,\"height\":700,\"caption\":\"Special Cat Gatos Adultos Carne 20Kg\"},{\"@type\":\"BreadcrumbList\",\"@id\":\"https:\\\/\\\/agropecuariafenix.com.br\\\/index.php\\\/produto\\\/special-cat-gatos-adultos-carne-20kg\\\/#breadcrumb\",\"itemListElement\":[{\"@type\":\"ListItem\",\"position\":1,\"name\":\"In\u00edcio\",\"item\":\"https:\\\/\\\/agropecuariafenix.com.br\\\/\"},{\"@type\":\"ListItem\",\"position\":2,\"name\":\"Todos os produtos\",\"item\":\"https:\\\/\\\/agropecuariafenix.com.br\\\/index.php\\\/loja\\\/\"},{\"@type\":\"ListItem\",\"position\":3,\"name\":\"Special Cat Gatos Adultos Carne 20Kg\"}]},{\"@type\":\"WebSite\",\"@id\":\"https:\\\/\\\/agropecuariafenix.com.br\\\/#website\",\"url\":\"https:\\\/\\\/agropecuariafenix.com.br\\\/\",\"name\":\"Agropecu\u00e1ria Fenix\",\"description\":\"Agropecu\u00e1ria F\u00eanix Pet - Ra\u00e7\u00f5es \\\/ Medicamentos Pet \\\/ Cl\u00ednica Veterin\u00e1ria \\\/ Banho e Tosa \\\/ Cachorro \\\/\u00a0Gato\u00a0\\\/\u00a0P\u00e1ssaros\",\"publisher\":{\"@id\":\"https:\\\/\\\/agropecuariafenix.com.br\\\/#organization\"},\"alternateName\":\"Agropecu\u00e1ria Fenix\",\"potentialAction\":[{\"@type\":\"SearchAction\",\"target\":{\"@type\":\"EntryPoint\",\"urlTemplate\":\"https:\\\/\\\/agropecuariafenix.com.br\\\/?s={search_term_string}\"},\"query-input\":{\"@type\":\"PropertyValueSpecification\",\"valueRequired\":true,\"valueName\":\"search_term_string\"}}],\"inLanguage\":\"pt-BR\"},{\"@type\":\"Organization\",\"@id\":\"https:\\\/\\\/agropecuariafenix.com.br\\\/#organization\",\"name\":\"Agropecu\u00e1ria Fenix\",\"alternateName\":\"Agropecu\u00e1ria Fenix\",\"url\":\"https:\\\/\\\/agropecuariafenix.com.br\\\/\",\"logo\":{\"@type\":\"ImageObject\",\"inLanguage\":\"pt-BR\",\"@id\":\"https:\\\/\\\/agropecuariafenix.com.br\\\/#\\\/schema\\\/logo\\\/image\\\/\",\"url\":\"https:\\\/\\\/agropecuariafenix.com.br\\\/wp-content\\\/uploads\\\/2023\\\/08\\\/logo_fenix3-Copy.png\",\"contentUrl\":\"https:\\\/\\\/agropecuariafenix.com.br\\\/wp-content\\\/uploads\\\/2023\\\/08\\\/logo_fenix3-Copy.png\",\"width\":500,\"height\":500,\"caption\":\"Agropecu\u00e1ria Fenix\"},\"image\":{\"@id\":\"https:\\\/\\\/agropecuariafenix.com.br\\\/#\\\/schema\\\/logo\\\/image\\\/\"},\"sameAs\":[\"https:\\\/\\\/web.facebook.com\\\/agropecuariafenixjau\",\"https:\\\/\\\/www.instagram.com\\\/agropecuaria_fenix_jau\\\/\"]}]}<\/script>\n<!-- \/ Yoast SEO plugin. -->","yoast_head_json":{"title":"Special Cat Gatos Adultos Carne 20Kg - Agropecu\u00e1ria Fenix","robots":{"index":"index","follow":"follow","max-snippet":"max-snippet:-1","max-image-preview":"max-image-preview:large","max-video-preview":"max-video-preview:-1"},"canonical":"https:\/\/agropecuariafenix.com.br\/index.php\/produto\/special-cat-gatos-adultos-carne-20kg\/","og_locale":"pt_BR","og_type":"article","og_title":"Special Cat Gatos Adultos Carne 20Kg - Agropecu\u00e1ria Fenix","og_description":"&#8211; Indicado para gatos adultos; &#8211; N\u00e3o cont\u00e9m corantes; &#8211; Extrato de Yucca: reduz o odor das fezes em at\u00e9 50%, favorecendo as condi\u00e7\u00f5es do ambiente; &#8211; Prebi\u00f3tico MOS: maximiza a absor\u00e7\u00e3o de nutrientes, contribuindo para o bom funcionamento do intestino; &#8211; Controle do pH da urina: n\u00edveis equilibrados de minerais ara controle do pH da urina, contribuindo para a manuten\u00e7\u00e3o do trato urin\u00e1rio; &#8211; Taurina: \u00e9 essencial na alimenta\u00e7\u00e3o dos gatos, pois fortalece as c\u00e9lulas do cora\u00e7\u00e3o, auxiliando na fun\u00e7\u00e3o card\u00edaca; &#8211; Complex Life: formulado com minerais org\u00e2nicos, o Complex Life \u00e9 facilmente absorvido pelo organismo, otimizando seus benef\u00edcios \u00e0 sa\u00fade do animal; &#8211; \u00d4megas 3 E 6 + Zinco Org\u00e2nico: A combina\u00e7\u00e3o entre os \u00e1cidos graxos essenciais e o zinco org\u00e2nico contribui para a prote\u00e7\u00e3o da pele e a redu\u00e7\u00e3o da queda de pelos, resultando em uma pelagem mais bonita e brilhante.","og_url":"https:\/\/agropecuariafenix.com.br\/index.php\/produto\/special-cat-gatos-adultos-carne-20kg\/","og_site_name":"Agropecu\u00e1ria Fenix","article_publisher":"https:\/\/web.facebook.com\/agropecuariafenixjau","article_modified_time":"2026-03-14T21:01:25+00:00","og_image":[{"width":700,"height":700,"url":"https:\/\/agropecuariafenix.com.br\/wp-content\/uploads\/2022\/02\/Special_Cat_Gatos_Adultos_Carne_20Kg_449062-1.jpg","type":"image\/jpeg"}],"twitter_card":"summary_large_image","schema":{"@context":"https:\/\/schema.org","@graph":[{"@type":"WebPage","@id":"https:\/\/agropecuariafenix.com.br\/index.php\/produto\/special-cat-gatos-adultos-carne-20kg\/","url":"https:\/\/agropecuariafenix.com.br\/index.php\/produto\/special-cat-gatos-adultos-carne-20kg\/","name":"Special Cat Gatos Adultos Carne 20Kg - Agropecu\u00e1ria Fenix","isPartOf":{"@id":"https:\/\/agropecuariafenix.com.br\/#website"},"primaryImageOfPage":{"@id":"https:\/\/agropecuariafenix.com.br\/index.php\/produto\/special-cat-gatos-adultos-carne-20kg\/#primaryimage"},"image":{"@id":"https:\/\/agropecuariafenix.com.br\/index.php\/produto\/special-cat-gatos-adultos-carne-20kg\/#primaryimage"},"thumbnailUrl":"https:\/\/agropecuariafenix.com.br\/wp-content\/uploads\/2022\/02\/Special_Cat_Gatos_Adultos_Carne_20Kg_449062-1.jpg","datePublished":"2021-10-21T14:55:43+00:00","dateModified":"2026-03-14T21:01:25+00:00","breadcrumb":{"@id":"https:\/\/agropecuariafenix.com.br\/index.php\/produto\/special-cat-gatos-adultos-carne-20kg\/#breadcrumb"},"inLanguage":"pt-BR","potentialAction":[{"@type":"ReadAction","target":["https:\/\/agropecuariafenix.com.br\/index.php\/produto\/special-cat-gatos-adultos-carne-20kg\/"]}]},{"@type":"ImageObject","inLanguage":"pt-BR","@id":"https:\/\/agropecuariafenix.com.br\/index.php\/produto\/special-cat-gatos-adultos-carne-20kg\/#primaryimage","url":"https:\/\/agropecuariafenix.com.br\/wp-content\/uploads\/2022\/02\/Special_Cat_Gatos_Adultos_Carne_20Kg_449062-1.jpg","contentUrl":"https:\/\/agropecuariafenix.com.br\/wp-content\/uploads\/2022\/02\/Special_Cat_Gatos_Adultos_Carne_20Kg_449062-1.jpg","width":700,"height":700,"caption":"Special Cat Gatos Adultos Carne 20Kg"},{"@type":"BreadcrumbList","@id":"https:\/\/agropecuariafenix.com.br\/index.php\/produto\/special-cat-gatos-adultos-carne-20kg\/#breadcrumb","itemListElement":[{"@type":"ListItem","position":1,"name":"In\u00edcio","item":"https:\/\/agropecuariafenix.com.br\/"},{"@type":"ListItem","position":2,"name":"Todos os produtos","item":"https:\/\/agropecuariafenix.com.br\/index.php\/loja\/"},{"@type":"ListItem","position":3,"name":"Special Cat Gatos Adultos Carne 20Kg"}]},{"@type":"WebSite","@id":"https:\/\/agropecuariafenix.com.br\/#website","url":"https:\/\/agropecuariafenix.com.br\/","name":"Agropecu\u00e1ria Fenix","description":"Agropecu\u00e1ria F\u00eanix Pet - Ra\u00e7\u00f5es \/ Medicamentos Pet \/ Cl\u00ednica Veterin\u00e1ria \/ Banho e Tosa \/ Cachorro \/\u00a0Gato\u00a0\/\u00a0P\u00e1ssaros","publisher":{"@id":"https:\/\/agropecuariafenix.com.br\/#organization"},"alternateName":"Agropecu\u00e1ria Fenix","potentialAction":[{"@type":"SearchAction","target":{"@type":"EntryPoint","urlTemplate":"https:\/\/agropecuariafenix.com.br\/?s={search_term_string}"},"query-input":{"@type":"PropertyValueSpecification","valueRequired":true,"valueName":"search_term_string"}}],"inLanguage":"pt-BR"},{"@type":"Organization","@id":"https:\/\/agropecuariafenix.com.br\/#organization","name":"Agropecu\u00e1ria Fenix","alternateName":"Agropecu\u00e1ria Fenix","url":"https:\/\/agropecuariafenix.com.br\/","logo":{"@type":"ImageObject","inLanguage":"pt-BR","@id":"https:\/\/agropecuariafenix.com.br\/#\/schema\/logo\/image\/","url":"https:\/\/agropecuariafenix.com.br\/wp-content\/uploads\/2023\/08\/logo_fenix3-Copy.png","contentUrl":"https:\/\/agropecuariafenix.com.br\/wp-content\/uploads\/2023\/08\/logo_fenix3-Copy.png","width":500,"height":500,"caption":"Agropecu\u00e1ria Fenix"},"image":{"@id":"https:\/\/agropecuariafenix.com.br\/#\/schema\/logo\/image\/"},"sameAs":["https:\/\/web.facebook.com\/agropecuariafenixjau","https:\/\/www.instagram.com\/agropecuaria_fenix_jau\/"]}]}},"_links":{"self":[{"href":"https:\/\/agropecuariafenix.com.br\/index.php\/wp-json\/wp\/v2\/product\/21483","targetHints":{"allow":["GET"]}}],"collection":[{"href":"https:\/\/agropecuariafenix.com.br\/index.php\/wp-json\/wp\/v2\/product"}],"about":[{"href":"https:\/\/agropecuariafenix.com.br\/index.php\/wp-json\/wp\/v2\/types\/product"}],"replies":[{"embeddable":true,"href":"https:\/\/agropecuariafenix.com.br\/index.php\/wp-json\/wp\/v2\/comments?post=21483"}],"version-history":[{"count":3,"href":"https:\/\/agropecuariafenix.com.br\/index.php\/wp-json\/wp\/v2\/product\/21483\/revisions"}],"predecessor-version":[{"id":22251,"href":"https:\/\/agropecuariafenix.com.br\/index.php\/wp-json\/wp\/v2\/product\/21483\/revisions\/22251"}],"wp:featuredmedia":[{"embeddable":true,"href":"https:\/\/agropecuariafenix.com.br\/index.php\/wp-json\/wp\/v2\/media\/22248"}],"wp:attachment":[{"href":"https:\/\/agropecuariafenix.com.br\/index.php\/wp-json\/wp\/v2\/media?parent=21483"}],"wp:term":[{"taxonomy":"product_brand","embeddable":true,"href":"https:\/\/agropecuariafenix.com.br\/index.php\/wp-json\/wp\/v2\/product_brand?post=21483"},{"taxonomy":"product_cat","embeddable":true,"href":"https:\/\/agropecuariafenix.com.br\/index.php\/wp-json\/wp\/v2\/product_cat?post=21483"},{"taxonomy":"product_tag","embeddable":true,"href":"https:\/\/agropecuariafenix.com.br\/index.php\/wp-json\/wp\/v2\/product_tag?post=21483"}],"curies":[{"name":"wp","href":"https:\/\/api.w.org\/{rel}","templated":true}]}}