{"id":21377,"date":"2021-10-20T12:38:19","date_gmt":"2021-10-20T15:38:19","guid":{"rendered":"https:\/\/agropecuariafenix.com.br\/index.php\/produto\/magnus-super-premium-caes-adultos-raca-pequena-frango-e-arroz-10kg-2\/"},"modified":"2025-10-29T12:18:08","modified_gmt":"2025-10-29T15:18:08","slug":"magnus-super-premium-caes-adultos-raca-pequena-frango-e-arroz-10kg","status":"publish","type":"product","link":"https:\/\/agropecuariafenix.com.br\/index.php\/produto\/magnus-super-premium-caes-adultos-raca-pequena-frango-e-arroz-10kg\/","title":{"rendered":"Magnus Super Premium C\u00e3es Adultos Ra\u00e7a Pequena Frango E Arroz 10Kg"},"content":{"rendered":"<p>A Ra\u00e7\u00e3o Adimax Pet Magnus Super Premium Frango e Arroz para C\u00e3es Adultos de Pequeno Porte \u00e9 a combina\u00e7\u00e3o perfeita de qualidade e sabor. Seus ingredientes selecionados de alta qualidade promovem um alimento com todos os nutrientes necess\u00e1rios para uma alimenta\u00e7\u00e3o equilibrada. Com polpa de beterraba que ajudam no funcionamento do trato intestinal.<br \/>\nA Adimax patrocina um centro de treinamento para c\u00e3es guias que s\u00e3o doados gratuitamente para deficientes visuais. .<\/p>\n","protected":false},"excerpt":{"rendered":"<p>&#8211; Condroitina e glucosamina: constituintes da matriz das cartilagens;<br \/>\n&#8211; Bio Complex Plus \u00e9 um conjunto exclusivo de ingredientes que proporciona benef\u00edcios para o seu c\u00e3o.;<br \/>\n&#8211; Cont\u00e9m \u00d4mega 3 e 6, Biotina e Zinco Org\u00e2nico: importante para a manuten\u00e7\u00e3o e brilho da pele e pelagem;<br \/>\n&#8211; Vitamina E, Vitamina C e Sel\u00eanio Org\u00e2nico: antioxidantes que atuam no combate aos radicais livres;<br \/>\n&#8211; N\u00e3o possui corantes, uma op\u00e7\u00e3o natural para o animal. Seus ingredientes selecionados de alta qualidade proporcionam alta palatabilidade e aproveitamento do alimento;<br \/>\n&#8211; Prebi\u00f3ticos, Probi\u00f3ticos, Polpa de Beterraba e Extrato de Yucca: a combina\u00e7\u00e3o destes ingredientes auxilia no equil\u00edbrio da flora intestinal, ajudando na forma\u00e7\u00e3o de fezes mais firmes e com menos odor.<\/p>\n","protected":false},"featured_media":22206,"comment_status":"open","ping_status":"closed","template":"","meta":[],"product_brand":[],"product_cat":[80],"product_tag":[119,76,78,75,90,202,82,204,81,203],"class_list":{"0":"post-21377","1":"product","2":"type-product","3":"status-publish","4":"has-post-thumbnail","6":"product_cat-racoes","7":"product_tag-10kg","8":"product_tag-adultos","9":"product_tag-arroz","10":"product_tag-caes","11":"product_tag-frango","12":"product_tag-magnus","13":"product_tag-pequena","14":"product_tag-premium","15":"product_tag-raca","16":"product_tag-super","18":"first","19":"instock","20":"shipping-taxable","21":"purchasable","22":"product-type-simple"},"yoast_head":"<!-- This site is optimized with the Yoast SEO plugin v27.6 - https:\/\/yoast.com\/product\/yoast-seo-wordpress\/ -->\n<title>Magnus Super Premium C\u00e3es Adultos Ra\u00e7a Pequena Frango E Arroz 10Kg - Agropecu\u00e1ria Fenix<\/title>\n<meta name=\"robots\" content=\"index, follow, max-snippet:-1, max-image-preview:large, max-video-preview:-1\" \/>\n<link rel=\"canonical\" href=\"https:\/\/agropecuariafenix.com.br\/index.php\/produto\/magnus-super-premium-caes-adultos-raca-pequena-frango-e-arroz-10kg\/\" \/>\n<meta property=\"og:locale\" content=\"pt_BR\" \/>\n<meta property=\"og:type\" content=\"article\" \/>\n<meta property=\"og:title\" content=\"Magnus Super Premium C\u00e3es Adultos Ra\u00e7a Pequena Frango E Arroz 10Kg - Agropecu\u00e1ria Fenix\" \/>\n<meta property=\"og:description\" content=\"&#8211; Condroitina e glucosamina: constituintes da matriz das cartilagens; &#8211; Bio Complex Plus \u00e9 um conjunto exclusivo de ingredientes que proporciona benef\u00edcios para o seu c\u00e3o.; &#8211; Cont\u00e9m \u00d4mega 3 e 6, Biotina e Zinco Org\u00e2nico: importante para a manuten\u00e7\u00e3o e brilho da pele e pelagem; &#8211; Vitamina E, Vitamina C e Sel\u00eanio Org\u00e2nico: antioxidantes que atuam no combate aos radicais livres; &#8211; N\u00e3o possui corantes, uma op\u00e7\u00e3o natural para o animal. Seus ingredientes selecionados de alta qualidade proporcionam alta palatabilidade e aproveitamento do alimento; &#8211; Prebi\u00f3ticos, Probi\u00f3ticos, Polpa de Beterraba e Extrato de Yucca: a combina\u00e7\u00e3o destes ingredientes auxilia no equil\u00edbrio da flora intestinal, ajudando na forma\u00e7\u00e3o de fezes mais firmes e com menos odor.\" \/>\n<meta property=\"og:url\" content=\"https:\/\/agropecuariafenix.com.br\/index.php\/produto\/magnus-super-premium-caes-adultos-raca-pequena-frango-e-arroz-10kg\/\" \/>\n<meta property=\"og:site_name\" content=\"Agropecu\u00e1ria Fenix\" \/>\n<meta property=\"article:publisher\" content=\"https:\/\/web.facebook.com\/agropecuariafenixjau\" \/>\n<meta property=\"article:modified_time\" content=\"2025-10-29T15:18:08+00:00\" \/>\n<meta property=\"og:image\" content=\"https:\/\/agropecuariafenix.com.br\/wp-content\/uploads\/2022\/02\/Magnus_Super_Premium_Ces_Adultos_Raa_Pequena_Frango_E_Arroz_10Kg_615256-1.jpg\" \/>\n\t<meta property=\"og:image:width\" content=\"700\" \/>\n\t<meta property=\"og:image:height\" content=\"700\" \/>\n\t<meta property=\"og:image:type\" content=\"image\/jpeg\" \/>\n<meta name=\"twitter:card\" content=\"summary_large_image\" \/>\n<script type=\"application\/ld+json\" class=\"yoast-schema-graph\">{\"@context\":\"https:\\\/\\\/schema.org\",\"@graph\":[{\"@type\":\"WebPage\",\"@id\":\"https:\\\/\\\/agropecuariafenix.com.br\\\/index.php\\\/produto\\\/magnus-super-premium-caes-adultos-raca-pequena-frango-e-arroz-10kg\\\/\",\"url\":\"https:\\\/\\\/agropecuariafenix.com.br\\\/index.php\\\/produto\\\/magnus-super-premium-caes-adultos-raca-pequena-frango-e-arroz-10kg\\\/\",\"name\":\"Magnus Super Premium C\u00e3es Adultos Ra\u00e7a Pequena Frango E Arroz 10Kg - Agropecu\u00e1ria Fenix\",\"isPartOf\":{\"@id\":\"https:\\\/\\\/agropecuariafenix.com.br\\\/#website\"},\"primaryImageOfPage\":{\"@id\":\"https:\\\/\\\/agropecuariafenix.com.br\\\/index.php\\\/produto\\\/magnus-super-premium-caes-adultos-raca-pequena-frango-e-arroz-10kg\\\/#primaryimage\"},\"image\":{\"@id\":\"https:\\\/\\\/agropecuariafenix.com.br\\\/index.php\\\/produto\\\/magnus-super-premium-caes-adultos-raca-pequena-frango-e-arroz-10kg\\\/#primaryimage\"},\"thumbnailUrl\":\"https:\\\/\\\/agropecuariafenix.com.br\\\/wp-content\\\/uploads\\\/2022\\\/02\\\/Magnus_Super_Premium_Ces_Adultos_Raa_Pequena_Frango_E_Arroz_10Kg_615256-1.jpg\",\"datePublished\":\"2021-10-20T15:38:19+00:00\",\"dateModified\":\"2025-10-29T15:18:08+00:00\",\"breadcrumb\":{\"@id\":\"https:\\\/\\\/agropecuariafenix.com.br\\\/index.php\\\/produto\\\/magnus-super-premium-caes-adultos-raca-pequena-frango-e-arroz-10kg\\\/#breadcrumb\"},\"inLanguage\":\"pt-BR\",\"potentialAction\":[{\"@type\":\"ReadAction\",\"target\":[\"https:\\\/\\\/agropecuariafenix.com.br\\\/index.php\\\/produto\\\/magnus-super-premium-caes-adultos-raca-pequena-frango-e-arroz-10kg\\\/\"]}]},{\"@type\":\"ImageObject\",\"inLanguage\":\"pt-BR\",\"@id\":\"https:\\\/\\\/agropecuariafenix.com.br\\\/index.php\\\/produto\\\/magnus-super-premium-caes-adultos-raca-pequena-frango-e-arroz-10kg\\\/#primaryimage\",\"url\":\"https:\\\/\\\/agropecuariafenix.com.br\\\/wp-content\\\/uploads\\\/2022\\\/02\\\/Magnus_Super_Premium_Ces_Adultos_Raa_Pequena_Frango_E_Arroz_10Kg_615256-1.jpg\",\"contentUrl\":\"https:\\\/\\\/agropecuariafenix.com.br\\\/wp-content\\\/uploads\\\/2022\\\/02\\\/Magnus_Super_Premium_Ces_Adultos_Raa_Pequena_Frango_E_Arroz_10Kg_615256-1.jpg\",\"width\":700,\"height\":700,\"caption\":\"Magnus Super Premium C\u00e3es Adultos Ra\u00e7a Pequena Frango E Arroz 10Kg\"},{\"@type\":\"BreadcrumbList\",\"@id\":\"https:\\\/\\\/agropecuariafenix.com.br\\\/index.php\\\/produto\\\/magnus-super-premium-caes-adultos-raca-pequena-frango-e-arroz-10kg\\\/#breadcrumb\",\"itemListElement\":[{\"@type\":\"ListItem\",\"position\":1,\"name\":\"In\u00edcio\",\"item\":\"https:\\\/\\\/agropecuariafenix.com.br\\\/\"},{\"@type\":\"ListItem\",\"position\":2,\"name\":\"Todos os produtos\",\"item\":\"https:\\\/\\\/agropecuariafenix.com.br\\\/index.php\\\/loja\\\/\"},{\"@type\":\"ListItem\",\"position\":3,\"name\":\"Magnus Super Premium C\u00e3es Adultos Ra\u00e7a Pequena Frango E Arroz 10Kg\"}]},{\"@type\":\"WebSite\",\"@id\":\"https:\\\/\\\/agropecuariafenix.com.br\\\/#website\",\"url\":\"https:\\\/\\\/agropecuariafenix.com.br\\\/\",\"name\":\"Agropecu\u00e1ria Fenix\",\"description\":\"Agropecu\u00e1ria F\u00eanix Pet - Ra\u00e7\u00f5es \\\/ Medicamentos Pet \\\/ Cl\u00ednica Veterin\u00e1ria \\\/ Banho e Tosa \\\/ Cachorro \\\/\u00a0Gato\u00a0\\\/\u00a0P\u00e1ssaros\",\"publisher\":{\"@id\":\"https:\\\/\\\/agropecuariafenix.com.br\\\/#organization\"},\"alternateName\":\"Agropecu\u00e1ria Fenix\",\"potentialAction\":[{\"@type\":\"SearchAction\",\"target\":{\"@type\":\"EntryPoint\",\"urlTemplate\":\"https:\\\/\\\/agropecuariafenix.com.br\\\/?s={search_term_string}\"},\"query-input\":{\"@type\":\"PropertyValueSpecification\",\"valueRequired\":true,\"valueName\":\"search_term_string\"}}],\"inLanguage\":\"pt-BR\"},{\"@type\":\"Organization\",\"@id\":\"https:\\\/\\\/agropecuariafenix.com.br\\\/#organization\",\"name\":\"Agropecu\u00e1ria Fenix\",\"alternateName\":\"Agropecu\u00e1ria Fenix\",\"url\":\"https:\\\/\\\/agropecuariafenix.com.br\\\/\",\"logo\":{\"@type\":\"ImageObject\",\"inLanguage\":\"pt-BR\",\"@id\":\"https:\\\/\\\/agropecuariafenix.com.br\\\/#\\\/schema\\\/logo\\\/image\\\/\",\"url\":\"https:\\\/\\\/agropecuariafenix.com.br\\\/wp-content\\\/uploads\\\/2023\\\/08\\\/logo_fenix3-Copy.png\",\"contentUrl\":\"https:\\\/\\\/agropecuariafenix.com.br\\\/wp-content\\\/uploads\\\/2023\\\/08\\\/logo_fenix3-Copy.png\",\"width\":500,\"height\":500,\"caption\":\"Agropecu\u00e1ria Fenix\"},\"image\":{\"@id\":\"https:\\\/\\\/agropecuariafenix.com.br\\\/#\\\/schema\\\/logo\\\/image\\\/\"},\"sameAs\":[\"https:\\\/\\\/web.facebook.com\\\/agropecuariafenixjau\",\"https:\\\/\\\/www.instagram.com\\\/agropecuaria_fenix_jau\\\/\"]}]}<\/script>\n<!-- \/ Yoast SEO plugin. -->","yoast_head_json":{"title":"Magnus Super Premium C\u00e3es Adultos Ra\u00e7a Pequena Frango E Arroz 10Kg - Agropecu\u00e1ria Fenix","robots":{"index":"index","follow":"follow","max-snippet":"max-snippet:-1","max-image-preview":"max-image-preview:large","max-video-preview":"max-video-preview:-1"},"canonical":"https:\/\/agropecuariafenix.com.br\/index.php\/produto\/magnus-super-premium-caes-adultos-raca-pequena-frango-e-arroz-10kg\/","og_locale":"pt_BR","og_type":"article","og_title":"Magnus Super Premium C\u00e3es Adultos Ra\u00e7a Pequena Frango E Arroz 10Kg - Agropecu\u00e1ria Fenix","og_description":"&#8211; Condroitina e glucosamina: constituintes da matriz das cartilagens; &#8211; Bio Complex Plus \u00e9 um conjunto exclusivo de ingredientes que proporciona benef\u00edcios para o seu c\u00e3o.; &#8211; Cont\u00e9m \u00d4mega 3 e 6, Biotina e Zinco Org\u00e2nico: importante para a manuten\u00e7\u00e3o e brilho da pele e pelagem; &#8211; Vitamina E, Vitamina C e Sel\u00eanio Org\u00e2nico: antioxidantes que atuam no combate aos radicais livres; &#8211; N\u00e3o possui corantes, uma op\u00e7\u00e3o natural para o animal. Seus ingredientes selecionados de alta qualidade proporcionam alta palatabilidade e aproveitamento do alimento; &#8211; Prebi\u00f3ticos, Probi\u00f3ticos, Polpa de Beterraba e Extrato de Yucca: a combina\u00e7\u00e3o destes ingredientes auxilia no equil\u00edbrio da flora intestinal, ajudando na forma\u00e7\u00e3o de fezes mais firmes e com menos odor.","og_url":"https:\/\/agropecuariafenix.com.br\/index.php\/produto\/magnus-super-premium-caes-adultos-raca-pequena-frango-e-arroz-10kg\/","og_site_name":"Agropecu\u00e1ria Fenix","article_publisher":"https:\/\/web.facebook.com\/agropecuariafenixjau","article_modified_time":"2025-10-29T15:18:08+00:00","og_image":[{"width":700,"height":700,"url":"https:\/\/agropecuariafenix.com.br\/wp-content\/uploads\/2022\/02\/Magnus_Super_Premium_Ces_Adultos_Raa_Pequena_Frango_E_Arroz_10Kg_615256-1.jpg","type":"image\/jpeg"}],"twitter_card":"summary_large_image","schema":{"@context":"https:\/\/schema.org","@graph":[{"@type":"WebPage","@id":"https:\/\/agropecuariafenix.com.br\/index.php\/produto\/magnus-super-premium-caes-adultos-raca-pequena-frango-e-arroz-10kg\/","url":"https:\/\/agropecuariafenix.com.br\/index.php\/produto\/magnus-super-premium-caes-adultos-raca-pequena-frango-e-arroz-10kg\/","name":"Magnus Super Premium C\u00e3es Adultos Ra\u00e7a Pequena Frango E Arroz 10Kg - Agropecu\u00e1ria Fenix","isPartOf":{"@id":"https:\/\/agropecuariafenix.com.br\/#website"},"primaryImageOfPage":{"@id":"https:\/\/agropecuariafenix.com.br\/index.php\/produto\/magnus-super-premium-caes-adultos-raca-pequena-frango-e-arroz-10kg\/#primaryimage"},"image":{"@id":"https:\/\/agropecuariafenix.com.br\/index.php\/produto\/magnus-super-premium-caes-adultos-raca-pequena-frango-e-arroz-10kg\/#primaryimage"},"thumbnailUrl":"https:\/\/agropecuariafenix.com.br\/wp-content\/uploads\/2022\/02\/Magnus_Super_Premium_Ces_Adultos_Raa_Pequena_Frango_E_Arroz_10Kg_615256-1.jpg","datePublished":"2021-10-20T15:38:19+00:00","dateModified":"2025-10-29T15:18:08+00:00","breadcrumb":{"@id":"https:\/\/agropecuariafenix.com.br\/index.php\/produto\/magnus-super-premium-caes-adultos-raca-pequena-frango-e-arroz-10kg\/#breadcrumb"},"inLanguage":"pt-BR","potentialAction":[{"@type":"ReadAction","target":["https:\/\/agropecuariafenix.com.br\/index.php\/produto\/magnus-super-premium-caes-adultos-raca-pequena-frango-e-arroz-10kg\/"]}]},{"@type":"ImageObject","inLanguage":"pt-BR","@id":"https:\/\/agropecuariafenix.com.br\/index.php\/produto\/magnus-super-premium-caes-adultos-raca-pequena-frango-e-arroz-10kg\/#primaryimage","url":"https:\/\/agropecuariafenix.com.br\/wp-content\/uploads\/2022\/02\/Magnus_Super_Premium_Ces_Adultos_Raa_Pequena_Frango_E_Arroz_10Kg_615256-1.jpg","contentUrl":"https:\/\/agropecuariafenix.com.br\/wp-content\/uploads\/2022\/02\/Magnus_Super_Premium_Ces_Adultos_Raa_Pequena_Frango_E_Arroz_10Kg_615256-1.jpg","width":700,"height":700,"caption":"Magnus Super Premium C\u00e3es Adultos Ra\u00e7a Pequena Frango E Arroz 10Kg"},{"@type":"BreadcrumbList","@id":"https:\/\/agropecuariafenix.com.br\/index.php\/produto\/magnus-super-premium-caes-adultos-raca-pequena-frango-e-arroz-10kg\/#breadcrumb","itemListElement":[{"@type":"ListItem","position":1,"name":"In\u00edcio","item":"https:\/\/agropecuariafenix.com.br\/"},{"@type":"ListItem","position":2,"name":"Todos os produtos","item":"https:\/\/agropecuariafenix.com.br\/index.php\/loja\/"},{"@type":"ListItem","position":3,"name":"Magnus Super Premium C\u00e3es Adultos Ra\u00e7a Pequena Frango E Arroz 10Kg"}]},{"@type":"WebSite","@id":"https:\/\/agropecuariafenix.com.br\/#website","url":"https:\/\/agropecuariafenix.com.br\/","name":"Agropecu\u00e1ria Fenix","description":"Agropecu\u00e1ria F\u00eanix Pet - Ra\u00e7\u00f5es \/ Medicamentos Pet \/ Cl\u00ednica Veterin\u00e1ria \/ Banho e Tosa \/ Cachorro \/\u00a0Gato\u00a0\/\u00a0P\u00e1ssaros","publisher":{"@id":"https:\/\/agropecuariafenix.com.br\/#organization"},"alternateName":"Agropecu\u00e1ria Fenix","potentialAction":[{"@type":"SearchAction","target":{"@type":"EntryPoint","urlTemplate":"https:\/\/agropecuariafenix.com.br\/?s={search_term_string}"},"query-input":{"@type":"PropertyValueSpecification","valueRequired":true,"valueName":"search_term_string"}}],"inLanguage":"pt-BR"},{"@type":"Organization","@id":"https:\/\/agropecuariafenix.com.br\/#organization","name":"Agropecu\u00e1ria Fenix","alternateName":"Agropecu\u00e1ria Fenix","url":"https:\/\/agropecuariafenix.com.br\/","logo":{"@type":"ImageObject","inLanguage":"pt-BR","@id":"https:\/\/agropecuariafenix.com.br\/#\/schema\/logo\/image\/","url":"https:\/\/agropecuariafenix.com.br\/wp-content\/uploads\/2023\/08\/logo_fenix3-Copy.png","contentUrl":"https:\/\/agropecuariafenix.com.br\/wp-content\/uploads\/2023\/08\/logo_fenix3-Copy.png","width":500,"height":500,"caption":"Agropecu\u00e1ria Fenix"},"image":{"@id":"https:\/\/agropecuariafenix.com.br\/#\/schema\/logo\/image\/"},"sameAs":["https:\/\/web.facebook.com\/agropecuariafenixjau","https:\/\/www.instagram.com\/agropecuaria_fenix_jau\/"]}]}},"_links":{"self":[{"href":"https:\/\/agropecuariafenix.com.br\/index.php\/wp-json\/wp\/v2\/product\/21377","targetHints":{"allow":["GET"]}}],"collection":[{"href":"https:\/\/agropecuariafenix.com.br\/index.php\/wp-json\/wp\/v2\/product"}],"about":[{"href":"https:\/\/agropecuariafenix.com.br\/index.php\/wp-json\/wp\/v2\/types\/product"}],"replies":[{"embeddable":true,"href":"https:\/\/agropecuariafenix.com.br\/index.php\/wp-json\/wp\/v2\/comments?post=21377"}],"version-history":[{"count":3,"href":"https:\/\/agropecuariafenix.com.br\/index.php\/wp-json\/wp\/v2\/product\/21377\/revisions"}],"predecessor-version":[{"id":22210,"href":"https:\/\/agropecuariafenix.com.br\/index.php\/wp-json\/wp\/v2\/product\/21377\/revisions\/22210"}],"wp:featuredmedia":[{"embeddable":true,"href":"https:\/\/agropecuariafenix.com.br\/index.php\/wp-json\/wp\/v2\/media\/22206"}],"wp:attachment":[{"href":"https:\/\/agropecuariafenix.com.br\/index.php\/wp-json\/wp\/v2\/media?parent=21377"}],"wp:term":[{"taxonomy":"product_brand","embeddable":true,"href":"https:\/\/agropecuariafenix.com.br\/index.php\/wp-json\/wp\/v2\/product_brand?post=21377"},{"taxonomy":"product_cat","embeddable":true,"href":"https:\/\/agropecuariafenix.com.br\/index.php\/wp-json\/wp\/v2\/product_cat?post=21377"},{"taxonomy":"product_tag","embeddable":true,"href":"https:\/\/agropecuariafenix.com.br\/index.php\/wp-json\/wp\/v2\/product_tag?post=21377"}],"curies":[{"name":"wp","href":"https:\/\/api.w.org\/{rel}","templated":true}]}}