{"id":21319,"date":"2021-10-19T13:05:54","date_gmt":"2021-10-19T16:05:54","guid":{"rendered":"https:\/\/agropecuariafenix.com.br\/index.php\/produto\/special-dog-caes-adultos-raca-media-carne-20kg\/"},"modified":"2025-10-28T19:42:35","modified_gmt":"2025-10-28T22:42:35","slug":"special-dog-caes-adultos-raca-media-carne-20kg","status":"publish","type":"product","link":"https:\/\/agropecuariafenix.com.br\/index.php\/produto\/special-dog-caes-adultos-raca-media-carne-20kg\/","title":{"rendered":"Special Dog C\u00e3es Adultos Ra\u00e7a M\u00e9dia Carne 20Kg"},"content":{"rendered":"<p>A Ra\u00e7\u00e3o Special Dog Premium Carne para C\u00e3es Adultos cont\u00e9m 21% de prote\u00ednas, \u00f4megas 3 e 6 que promovem ao seu cachorro uma pelagem, exuberante, saud\u00e1vel e macia. Sua f\u00f3rmula \u00e9 rica em ingredientes especiais, para garantir uma vida ativa, longa e mais feliz!<\/p>\n","protected":false},"excerpt":{"rendered":"<p>&#8211; Indicado para c\u00e3es adultos;<br \/>\n&#8211; N\u00e3o cont\u00e9m corantes;<br \/>\n&#8211; Enriquecido com vitaminas: o equil\u00edbrio entre as vitaminas \u00e9 fator determinante para a vitalidade e o bem-estar di\u00e1rio do seu animal;<br \/>\n&#8211; Fezes mais firmes: a mistura dos ingredientes reduz a umidade das fezes, deixando-as mais firmes e favorecendo as condi\u00e7\u00f5es do ambiente;<br \/>\n&#8211; Complex Life: formulado com minerais org\u00e2nicos, o Complex Life \u00e9 facilmente absorvido pelo organismo, otimizando seus benef\u00edcios \u00e0 sa\u00fade do animal;<br \/>\n&#8211; \u00d4megas 3 E 6 + Zinco Org\u00e2nico: A combina\u00e7\u00e3o entre os \u00e1cidos graxos essenciais e o zinco org\u00e2nico contribui para a prote\u00e7\u00e3o da pele e a redu\u00e7\u00e3o da queda de pelos, resultando em uma pelagem mais bonita e brilhante.<\/p>\n","protected":false},"featured_media":26217,"comment_status":"open","ping_status":"closed","template":"","meta":[],"product_brand":[],"product_cat":[80],"product_tag":[190,76,75,77,106,113,81,105],"class_list":{"0":"post-21319","1":"product","2":"type-product","3":"status-publish","4":"has-post-thumbnail","6":"product_cat-racoes","7":"product_tag-20kg","8":"product_tag-adultos","9":"product_tag-caes","10":"product_tag-carne","11":"product_tag-dog","12":"product_tag-media","13":"product_tag-raca","14":"product_tag-special","16":"first","17":"instock","18":"shipping-taxable","19":"purchasable","20":"product-type-simple"},"yoast_head":"<!-- This site is optimized with the Yoast SEO plugin v27.6 - https:\/\/yoast.com\/product\/yoast-seo-wordpress\/ -->\n<title>Special Dog C\u00e3es Adultos Ra\u00e7a M\u00e9dia Carne 20Kg - Agropecu\u00e1ria Fenix<\/title>\n<meta name=\"robots\" content=\"index, follow, max-snippet:-1, max-image-preview:large, max-video-preview:-1\" \/>\n<link rel=\"canonical\" href=\"https:\/\/agropecuariafenix.com.br\/index.php\/produto\/special-dog-caes-adultos-raca-media-carne-20kg\/\" \/>\n<meta property=\"og:locale\" content=\"pt_BR\" \/>\n<meta property=\"og:type\" content=\"article\" \/>\n<meta property=\"og:title\" content=\"Special Dog C\u00e3es Adultos Ra\u00e7a M\u00e9dia Carne 20Kg - Agropecu\u00e1ria Fenix\" \/>\n<meta property=\"og:description\" content=\"&#8211; Indicado para c\u00e3es adultos; &#8211; N\u00e3o cont\u00e9m corantes; &#8211; Enriquecido com vitaminas: o equil\u00edbrio entre as vitaminas \u00e9 fator determinante para a vitalidade e o bem-estar di\u00e1rio do seu animal; &#8211; Fezes mais firmes: a mistura dos ingredientes reduz a umidade das fezes, deixando-as mais firmes e favorecendo as condi\u00e7\u00f5es do ambiente; &#8211; Complex Life: formulado com minerais org\u00e2nicos, o Complex Life \u00e9 facilmente absorvido pelo organismo, otimizando seus benef\u00edcios \u00e0 sa\u00fade do animal; &#8211; \u00d4megas 3 E 6 + Zinco Org\u00e2nico: A combina\u00e7\u00e3o entre os \u00e1cidos graxos essenciais e o zinco org\u00e2nico contribui para a prote\u00e7\u00e3o da pele e a redu\u00e7\u00e3o da queda de pelos, resultando em uma pelagem mais bonita e brilhante.\" \/>\n<meta property=\"og:url\" content=\"https:\/\/agropecuariafenix.com.br\/index.php\/produto\/special-dog-caes-adultos-raca-media-carne-20kg\/\" \/>\n<meta property=\"og:site_name\" content=\"Agropecu\u00e1ria Fenix\" \/>\n<meta property=\"article:publisher\" content=\"https:\/\/web.facebook.com\/agropecuariafenixjau\" \/>\n<meta property=\"article:modified_time\" content=\"2025-10-28T22:42:35+00:00\" \/>\n<meta property=\"og:image\" content=\"https:\/\/agropecuariafenix.com.br\/wp-content\/uploads\/2023\/05\/Special-Dog-Ces-Adultos-Raa-Mdia-Carne-20Kg-1030943586.jpg\" \/>\n\t<meta property=\"og:image:width\" content=\"600\" \/>\n\t<meta property=\"og:image:height\" content=\"600\" \/>\n\t<meta property=\"og:image:type\" content=\"image\/jpeg\" \/>\n<meta name=\"twitter:card\" content=\"summary_large_image\" \/>\n<script type=\"application\/ld+json\" class=\"yoast-schema-graph\">{\"@context\":\"https:\\\/\\\/schema.org\",\"@graph\":[{\"@type\":\"WebPage\",\"@id\":\"https:\\\/\\\/agropecuariafenix.com.br\\\/index.php\\\/produto\\\/special-dog-caes-adultos-raca-media-carne-20kg\\\/\",\"url\":\"https:\\\/\\\/agropecuariafenix.com.br\\\/index.php\\\/produto\\\/special-dog-caes-adultos-raca-media-carne-20kg\\\/\",\"name\":\"Special Dog C\u00e3es Adultos Ra\u00e7a M\u00e9dia Carne 20Kg - Agropecu\u00e1ria Fenix\",\"isPartOf\":{\"@id\":\"https:\\\/\\\/agropecuariafenix.com.br\\\/#website\"},\"primaryImageOfPage\":{\"@id\":\"https:\\\/\\\/agropecuariafenix.com.br\\\/index.php\\\/produto\\\/special-dog-caes-adultos-raca-media-carne-20kg\\\/#primaryimage\"},\"image\":{\"@id\":\"https:\\\/\\\/agropecuariafenix.com.br\\\/index.php\\\/produto\\\/special-dog-caes-adultos-raca-media-carne-20kg\\\/#primaryimage\"},\"thumbnailUrl\":\"https:\\\/\\\/agropecuariafenix.com.br\\\/wp-content\\\/uploads\\\/2023\\\/05\\\/Special-Dog-Ces-Adultos-Raa-Mdia-Carne-20Kg-1030943586.jpg\",\"datePublished\":\"2021-10-19T16:05:54+00:00\",\"dateModified\":\"2025-10-28T22:42:35+00:00\",\"breadcrumb\":{\"@id\":\"https:\\\/\\\/agropecuariafenix.com.br\\\/index.php\\\/produto\\\/special-dog-caes-adultos-raca-media-carne-20kg\\\/#breadcrumb\"},\"inLanguage\":\"pt-BR\",\"potentialAction\":[{\"@type\":\"ReadAction\",\"target\":[\"https:\\\/\\\/agropecuariafenix.com.br\\\/index.php\\\/produto\\\/special-dog-caes-adultos-raca-media-carne-20kg\\\/\"]}]},{\"@type\":\"ImageObject\",\"inLanguage\":\"pt-BR\",\"@id\":\"https:\\\/\\\/agropecuariafenix.com.br\\\/index.php\\\/produto\\\/special-dog-caes-adultos-raca-media-carne-20kg\\\/#primaryimage\",\"url\":\"https:\\\/\\\/agropecuariafenix.com.br\\\/wp-content\\\/uploads\\\/2023\\\/05\\\/Special-Dog-Ces-Adultos-Raa-Mdia-Carne-20Kg-1030943586.jpg\",\"contentUrl\":\"https:\\\/\\\/agropecuariafenix.com.br\\\/wp-content\\\/uploads\\\/2023\\\/05\\\/Special-Dog-Ces-Adultos-Raa-Mdia-Carne-20Kg-1030943586.jpg\",\"width\":600,\"height\":600,\"caption\":\"Special Dog C\u00e3es Adultos Ra\u00e7a M\u00e9dia Carne 20Kg\"},{\"@type\":\"BreadcrumbList\",\"@id\":\"https:\\\/\\\/agropecuariafenix.com.br\\\/index.php\\\/produto\\\/special-dog-caes-adultos-raca-media-carne-20kg\\\/#breadcrumb\",\"itemListElement\":[{\"@type\":\"ListItem\",\"position\":1,\"name\":\"In\u00edcio\",\"item\":\"https:\\\/\\\/agropecuariafenix.com.br\\\/\"},{\"@type\":\"ListItem\",\"position\":2,\"name\":\"Todos os produtos\",\"item\":\"https:\\\/\\\/agropecuariafenix.com.br\\\/index.php\\\/loja\\\/\"},{\"@type\":\"ListItem\",\"position\":3,\"name\":\"Special Dog C\u00e3es Adultos Ra\u00e7a M\u00e9dia Carne 20Kg\"}]},{\"@type\":\"WebSite\",\"@id\":\"https:\\\/\\\/agropecuariafenix.com.br\\\/#website\",\"url\":\"https:\\\/\\\/agropecuariafenix.com.br\\\/\",\"name\":\"Agropecu\u00e1ria Fenix\",\"description\":\"Agropecu\u00e1ria F\u00eanix Pet - Ra\u00e7\u00f5es \\\/ Medicamentos Pet \\\/ Cl\u00ednica Veterin\u00e1ria \\\/ Banho e Tosa \\\/ Cachorro \\\/\u00a0Gato\u00a0\\\/\u00a0P\u00e1ssaros\",\"publisher\":{\"@id\":\"https:\\\/\\\/agropecuariafenix.com.br\\\/#organization\"},\"alternateName\":\"Agropecu\u00e1ria Fenix\",\"potentialAction\":[{\"@type\":\"SearchAction\",\"target\":{\"@type\":\"EntryPoint\",\"urlTemplate\":\"https:\\\/\\\/agropecuariafenix.com.br\\\/?s={search_term_string}\"},\"query-input\":{\"@type\":\"PropertyValueSpecification\",\"valueRequired\":true,\"valueName\":\"search_term_string\"}}],\"inLanguage\":\"pt-BR\"},{\"@type\":\"Organization\",\"@id\":\"https:\\\/\\\/agropecuariafenix.com.br\\\/#organization\",\"name\":\"Agropecu\u00e1ria Fenix\",\"alternateName\":\"Agropecu\u00e1ria Fenix\",\"url\":\"https:\\\/\\\/agropecuariafenix.com.br\\\/\",\"logo\":{\"@type\":\"ImageObject\",\"inLanguage\":\"pt-BR\",\"@id\":\"https:\\\/\\\/agropecuariafenix.com.br\\\/#\\\/schema\\\/logo\\\/image\\\/\",\"url\":\"https:\\\/\\\/agropecuariafenix.com.br\\\/wp-content\\\/uploads\\\/2023\\\/08\\\/logo_fenix3-Copy.png\",\"contentUrl\":\"https:\\\/\\\/agropecuariafenix.com.br\\\/wp-content\\\/uploads\\\/2023\\\/08\\\/logo_fenix3-Copy.png\",\"width\":500,\"height\":500,\"caption\":\"Agropecu\u00e1ria Fenix\"},\"image\":{\"@id\":\"https:\\\/\\\/agropecuariafenix.com.br\\\/#\\\/schema\\\/logo\\\/image\\\/\"},\"sameAs\":[\"https:\\\/\\\/web.facebook.com\\\/agropecuariafenixjau\",\"https:\\\/\\\/www.instagram.com\\\/agropecuaria_fenix_jau\\\/\"]}]}<\/script>\n<!-- \/ Yoast SEO plugin. -->","yoast_head_json":{"title":"Special Dog C\u00e3es Adultos Ra\u00e7a M\u00e9dia Carne 20Kg - Agropecu\u00e1ria Fenix","robots":{"index":"index","follow":"follow","max-snippet":"max-snippet:-1","max-image-preview":"max-image-preview:large","max-video-preview":"max-video-preview:-1"},"canonical":"https:\/\/agropecuariafenix.com.br\/index.php\/produto\/special-dog-caes-adultos-raca-media-carne-20kg\/","og_locale":"pt_BR","og_type":"article","og_title":"Special Dog C\u00e3es Adultos Ra\u00e7a M\u00e9dia Carne 20Kg - Agropecu\u00e1ria Fenix","og_description":"&#8211; Indicado para c\u00e3es adultos; &#8211; N\u00e3o cont\u00e9m corantes; &#8211; Enriquecido com vitaminas: o equil\u00edbrio entre as vitaminas \u00e9 fator determinante para a vitalidade e o bem-estar di\u00e1rio do seu animal; &#8211; Fezes mais firmes: a mistura dos ingredientes reduz a umidade das fezes, deixando-as mais firmes e favorecendo as condi\u00e7\u00f5es do ambiente; &#8211; Complex Life: formulado com minerais org\u00e2nicos, o Complex Life \u00e9 facilmente absorvido pelo organismo, otimizando seus benef\u00edcios \u00e0 sa\u00fade do animal; &#8211; \u00d4megas 3 E 6 + Zinco Org\u00e2nico: A combina\u00e7\u00e3o entre os \u00e1cidos graxos essenciais e o zinco org\u00e2nico contribui para a prote\u00e7\u00e3o da pele e a redu\u00e7\u00e3o da queda de pelos, resultando em uma pelagem mais bonita e brilhante.","og_url":"https:\/\/agropecuariafenix.com.br\/index.php\/produto\/special-dog-caes-adultos-raca-media-carne-20kg\/","og_site_name":"Agropecu\u00e1ria Fenix","article_publisher":"https:\/\/web.facebook.com\/agropecuariafenixjau","article_modified_time":"2025-10-28T22:42:35+00:00","og_image":[{"width":600,"height":600,"url":"https:\/\/agropecuariafenix.com.br\/wp-content\/uploads\/2023\/05\/Special-Dog-Ces-Adultos-Raa-Mdia-Carne-20Kg-1030943586.jpg","type":"image\/jpeg"}],"twitter_card":"summary_large_image","schema":{"@context":"https:\/\/schema.org","@graph":[{"@type":"WebPage","@id":"https:\/\/agropecuariafenix.com.br\/index.php\/produto\/special-dog-caes-adultos-raca-media-carne-20kg\/","url":"https:\/\/agropecuariafenix.com.br\/index.php\/produto\/special-dog-caes-adultos-raca-media-carne-20kg\/","name":"Special Dog C\u00e3es Adultos Ra\u00e7a M\u00e9dia Carne 20Kg - Agropecu\u00e1ria Fenix","isPartOf":{"@id":"https:\/\/agropecuariafenix.com.br\/#website"},"primaryImageOfPage":{"@id":"https:\/\/agropecuariafenix.com.br\/index.php\/produto\/special-dog-caes-adultos-raca-media-carne-20kg\/#primaryimage"},"image":{"@id":"https:\/\/agropecuariafenix.com.br\/index.php\/produto\/special-dog-caes-adultos-raca-media-carne-20kg\/#primaryimage"},"thumbnailUrl":"https:\/\/agropecuariafenix.com.br\/wp-content\/uploads\/2023\/05\/Special-Dog-Ces-Adultos-Raa-Mdia-Carne-20Kg-1030943586.jpg","datePublished":"2021-10-19T16:05:54+00:00","dateModified":"2025-10-28T22:42:35+00:00","breadcrumb":{"@id":"https:\/\/agropecuariafenix.com.br\/index.php\/produto\/special-dog-caes-adultos-raca-media-carne-20kg\/#breadcrumb"},"inLanguage":"pt-BR","potentialAction":[{"@type":"ReadAction","target":["https:\/\/agropecuariafenix.com.br\/index.php\/produto\/special-dog-caes-adultos-raca-media-carne-20kg\/"]}]},{"@type":"ImageObject","inLanguage":"pt-BR","@id":"https:\/\/agropecuariafenix.com.br\/index.php\/produto\/special-dog-caes-adultos-raca-media-carne-20kg\/#primaryimage","url":"https:\/\/agropecuariafenix.com.br\/wp-content\/uploads\/2023\/05\/Special-Dog-Ces-Adultos-Raa-Mdia-Carne-20Kg-1030943586.jpg","contentUrl":"https:\/\/agropecuariafenix.com.br\/wp-content\/uploads\/2023\/05\/Special-Dog-Ces-Adultos-Raa-Mdia-Carne-20Kg-1030943586.jpg","width":600,"height":600,"caption":"Special Dog C\u00e3es Adultos Ra\u00e7a M\u00e9dia Carne 20Kg"},{"@type":"BreadcrumbList","@id":"https:\/\/agropecuariafenix.com.br\/index.php\/produto\/special-dog-caes-adultos-raca-media-carne-20kg\/#breadcrumb","itemListElement":[{"@type":"ListItem","position":1,"name":"In\u00edcio","item":"https:\/\/agropecuariafenix.com.br\/"},{"@type":"ListItem","position":2,"name":"Todos os produtos","item":"https:\/\/agropecuariafenix.com.br\/index.php\/loja\/"},{"@type":"ListItem","position":3,"name":"Special Dog C\u00e3es Adultos Ra\u00e7a M\u00e9dia Carne 20Kg"}]},{"@type":"WebSite","@id":"https:\/\/agropecuariafenix.com.br\/#website","url":"https:\/\/agropecuariafenix.com.br\/","name":"Agropecu\u00e1ria Fenix","description":"Agropecu\u00e1ria F\u00eanix Pet - Ra\u00e7\u00f5es \/ Medicamentos Pet \/ Cl\u00ednica Veterin\u00e1ria \/ Banho e Tosa \/ Cachorro \/\u00a0Gato\u00a0\/\u00a0P\u00e1ssaros","publisher":{"@id":"https:\/\/agropecuariafenix.com.br\/#organization"},"alternateName":"Agropecu\u00e1ria Fenix","potentialAction":[{"@type":"SearchAction","target":{"@type":"EntryPoint","urlTemplate":"https:\/\/agropecuariafenix.com.br\/?s={search_term_string}"},"query-input":{"@type":"PropertyValueSpecification","valueRequired":true,"valueName":"search_term_string"}}],"inLanguage":"pt-BR"},{"@type":"Organization","@id":"https:\/\/agropecuariafenix.com.br\/#organization","name":"Agropecu\u00e1ria Fenix","alternateName":"Agropecu\u00e1ria Fenix","url":"https:\/\/agropecuariafenix.com.br\/","logo":{"@type":"ImageObject","inLanguage":"pt-BR","@id":"https:\/\/agropecuariafenix.com.br\/#\/schema\/logo\/image\/","url":"https:\/\/agropecuariafenix.com.br\/wp-content\/uploads\/2023\/08\/logo_fenix3-Copy.png","contentUrl":"https:\/\/agropecuariafenix.com.br\/wp-content\/uploads\/2023\/08\/logo_fenix3-Copy.png","width":500,"height":500,"caption":"Agropecu\u00e1ria Fenix"},"image":{"@id":"https:\/\/agropecuariafenix.com.br\/#\/schema\/logo\/image\/"},"sameAs":["https:\/\/web.facebook.com\/agropecuariafenixjau","https:\/\/www.instagram.com\/agropecuaria_fenix_jau\/"]}]}},"_links":{"self":[{"href":"https:\/\/agropecuariafenix.com.br\/index.php\/wp-json\/wp\/v2\/product\/21319","targetHints":{"allow":["GET"]}}],"collection":[{"href":"https:\/\/agropecuariafenix.com.br\/index.php\/wp-json\/wp\/v2\/product"}],"about":[{"href":"https:\/\/agropecuariafenix.com.br\/index.php\/wp-json\/wp\/v2\/types\/product"}],"replies":[{"embeddable":true,"href":"https:\/\/agropecuariafenix.com.br\/index.php\/wp-json\/wp\/v2\/comments?post=21319"}],"version-history":[{"count":5,"href":"https:\/\/agropecuariafenix.com.br\/index.php\/wp-json\/wp\/v2\/product\/21319\/revisions"}],"predecessor-version":[{"id":26221,"href":"https:\/\/agropecuariafenix.com.br\/index.php\/wp-json\/wp\/v2\/product\/21319\/revisions\/26221"}],"wp:featuredmedia":[{"embeddable":true,"href":"https:\/\/agropecuariafenix.com.br\/index.php\/wp-json\/wp\/v2\/media\/26217"}],"wp:attachment":[{"href":"https:\/\/agropecuariafenix.com.br\/index.php\/wp-json\/wp\/v2\/media?parent=21319"}],"wp:term":[{"taxonomy":"product_brand","embeddable":true,"href":"https:\/\/agropecuariafenix.com.br\/index.php\/wp-json\/wp\/v2\/product_brand?post=21319"},{"taxonomy":"product_cat","embeddable":true,"href":"https:\/\/agropecuariafenix.com.br\/index.php\/wp-json\/wp\/v2\/product_cat?post=21319"},{"taxonomy":"product_tag","embeddable":true,"href":"https:\/\/agropecuariafenix.com.br\/index.php\/wp-json\/wp\/v2\/product_tag?post=21319"}],"curies":[{"name":"wp","href":"https:\/\/api.w.org\/{rel}","templated":true}]}}