{"id":21112,"date":"2021-10-01T11:14:40","date_gmt":"2021-10-01T14:14:40","guid":{"rendered":"https:\/\/agropecuariafenix.com.br\/index.php\/produto\/pate-special-dog-caes-adultos-carne-150g\/"},"modified":"2026-02-27T14:26:01","modified_gmt":"2026-02-27T17:26:01","slug":"pate-special-dog-caes-adultos-carne-150g","status":"publish","type":"product","link":"https:\/\/agropecuariafenix.com.br\/index.php\/produto\/pate-special-dog-caes-adultos-carne-150g\/","title":{"rendered":"Pat\u00ea Special Dog C\u00e3es Adultos Carne 150G"},"content":{"rendered":"<p>A Ra\u00e7\u00e3o \u00damida Special Dog Pat\u00ea Carne para C\u00e3es Adultos foi desenvolvida para atender as necessidades nutricionais do seu amiguinho, contribuindo para a prote\u00e7\u00e3o da pele, redu\u00e7\u00e3o da queda dos fios e otimizando a absor\u00e7\u00e3o de vitaminas e minerais do organismo.<\/p>\n","protected":false},"excerpt":{"rendered":"<p>&#8211; Pat\u00ea sabor carne;<br \/>\n&#8211; Pelagem bonita e brilhante;<br \/>\n&#8211; Sem adi\u00e7\u00e3o de corantes artificiais;<br \/>\n&#8211; Alta palatabilidade e digestibilidade;<br \/>\n&#8211; Alimenta\u00e7\u00e3o completa e balanceada.<\/p>\n","protected":false},"featured_media":21110,"comment_status":"open","ping_status":"closed","template":"","meta":[],"product_brand":[],"product_cat":[108],"product_tag":[107,76,75,77,106,104,105],"class_list":{"0":"post-21112","1":"product","2":"type-product","3":"status-publish","4":"has-post-thumbnail","6":"product_cat-saches-e-latas","7":"product_tag-150g","8":"product_tag-adultos","9":"product_tag-caes","10":"product_tag-carne","11":"product_tag-dog","12":"product_tag-pate","13":"product_tag-special","15":"first","16":"instock","17":"shipping-taxable","18":"purchasable","19":"product-type-simple"},"yoast_head":"<!-- This site is optimized with the Yoast SEO plugin v27.6 - https:\/\/yoast.com\/product\/yoast-seo-wordpress\/ -->\n<title>Pat\u00ea Special Dog C\u00e3es Adultos Carne 150G - Agropecu\u00e1ria Fenix<\/title>\n<meta name=\"robots\" content=\"index, follow, max-snippet:-1, max-image-preview:large, max-video-preview:-1\" \/>\n<link rel=\"canonical\" href=\"https:\/\/agropecuariafenix.com.br\/index.php\/produto\/pate-special-dog-caes-adultos-carne-150g\/\" \/>\n<meta property=\"og:locale\" content=\"pt_BR\" \/>\n<meta property=\"og:type\" content=\"article\" \/>\n<meta property=\"og:title\" content=\"Pat\u00ea Special Dog C\u00e3es Adultos Carne 150G - Agropecu\u00e1ria Fenix\" \/>\n<meta property=\"og:description\" content=\"&#8211; Pat\u00ea sabor carne; &#8211; Pelagem bonita e brilhante; &#8211; Sem adi\u00e7\u00e3o de corantes artificiais; &#8211; Alta palatabilidade e digestibilidade; &#8211; Alimenta\u00e7\u00e3o completa e balanceada.\" \/>\n<meta property=\"og:url\" content=\"https:\/\/agropecuariafenix.com.br\/index.php\/produto\/pate-special-dog-caes-adultos-carne-150g\/\" \/>\n<meta property=\"og:site_name\" content=\"Agropecu\u00e1ria Fenix\" \/>\n<meta property=\"article:publisher\" content=\"https:\/\/web.facebook.com\/agropecuariafenixjau\" \/>\n<meta property=\"article:modified_time\" content=\"2026-02-27T17:26:01+00:00\" \/>\n<meta property=\"og:image\" content=\"https:\/\/agropecuariafenix.com.br\/wp-content\/uploads\/2021\/10\/Pat_Special_Dog_Ces_Adultos_Carne_150G_284994-1.jpg\" \/>\n\t<meta property=\"og:image:width\" content=\"700\" \/>\n\t<meta property=\"og:image:height\" content=\"700\" \/>\n\t<meta property=\"og:image:type\" content=\"image\/jpeg\" \/>\n<meta name=\"twitter:card\" content=\"summary_large_image\" \/>\n<script type=\"application\/ld+json\" class=\"yoast-schema-graph\">{\"@context\":\"https:\\\/\\\/schema.org\",\"@graph\":[{\"@type\":\"WebPage\",\"@id\":\"https:\\\/\\\/agropecuariafenix.com.br\\\/index.php\\\/produto\\\/pate-special-dog-caes-adultos-carne-150g\\\/\",\"url\":\"https:\\\/\\\/agropecuariafenix.com.br\\\/index.php\\\/produto\\\/pate-special-dog-caes-adultos-carne-150g\\\/\",\"name\":\"Pat\u00ea Special Dog C\u00e3es Adultos Carne 150G - Agropecu\u00e1ria Fenix\",\"isPartOf\":{\"@id\":\"https:\\\/\\\/agropecuariafenix.com.br\\\/#website\"},\"primaryImageOfPage\":{\"@id\":\"https:\\\/\\\/agropecuariafenix.com.br\\\/index.php\\\/produto\\\/pate-special-dog-caes-adultos-carne-150g\\\/#primaryimage\"},\"image\":{\"@id\":\"https:\\\/\\\/agropecuariafenix.com.br\\\/index.php\\\/produto\\\/pate-special-dog-caes-adultos-carne-150g\\\/#primaryimage\"},\"thumbnailUrl\":\"https:\\\/\\\/agropecuariafenix.com.br\\\/wp-content\\\/uploads\\\/2021\\\/10\\\/Pat_Special_Dog_Ces_Adultos_Carne_150G_284994-1.jpg\",\"datePublished\":\"2021-10-01T14:14:40+00:00\",\"dateModified\":\"2026-02-27T17:26:01+00:00\",\"breadcrumb\":{\"@id\":\"https:\\\/\\\/agropecuariafenix.com.br\\\/index.php\\\/produto\\\/pate-special-dog-caes-adultos-carne-150g\\\/#breadcrumb\"},\"inLanguage\":\"pt-BR\",\"potentialAction\":[{\"@type\":\"ReadAction\",\"target\":[\"https:\\\/\\\/agropecuariafenix.com.br\\\/index.php\\\/produto\\\/pate-special-dog-caes-adultos-carne-150g\\\/\"]}]},{\"@type\":\"ImageObject\",\"inLanguage\":\"pt-BR\",\"@id\":\"https:\\\/\\\/agropecuariafenix.com.br\\\/index.php\\\/produto\\\/pate-special-dog-caes-adultos-carne-150g\\\/#primaryimage\",\"url\":\"https:\\\/\\\/agropecuariafenix.com.br\\\/wp-content\\\/uploads\\\/2021\\\/10\\\/Pat_Special_Dog_Ces_Adultos_Carne_150G_284994-1.jpg\",\"contentUrl\":\"https:\\\/\\\/agropecuariafenix.com.br\\\/wp-content\\\/uploads\\\/2021\\\/10\\\/Pat_Special_Dog_Ces_Adultos_Carne_150G_284994-1.jpg\",\"width\":700,\"height\":700,\"caption\":\"Pat\u00ea Special Dog C\u00e3es Adultos Carne 150G\"},{\"@type\":\"BreadcrumbList\",\"@id\":\"https:\\\/\\\/agropecuariafenix.com.br\\\/index.php\\\/produto\\\/pate-special-dog-caes-adultos-carne-150g\\\/#breadcrumb\",\"itemListElement\":[{\"@type\":\"ListItem\",\"position\":1,\"name\":\"In\u00edcio\",\"item\":\"https:\\\/\\\/agropecuariafenix.com.br\\\/\"},{\"@type\":\"ListItem\",\"position\":2,\"name\":\"Todos os produtos\",\"item\":\"https:\\\/\\\/agropecuariafenix.com.br\\\/index.php\\\/loja\\\/\"},{\"@type\":\"ListItem\",\"position\":3,\"name\":\"Pat\u00ea Special Dog C\u00e3es Adultos Carne 150G\"}]},{\"@type\":\"WebSite\",\"@id\":\"https:\\\/\\\/agropecuariafenix.com.br\\\/#website\",\"url\":\"https:\\\/\\\/agropecuariafenix.com.br\\\/\",\"name\":\"Agropecu\u00e1ria Fenix\",\"description\":\"Agropecu\u00e1ria F\u00eanix Pet - Ra\u00e7\u00f5es \\\/ Medicamentos Pet \\\/ Cl\u00ednica Veterin\u00e1ria \\\/ Banho e Tosa \\\/ Cachorro \\\/\u00a0Gato\u00a0\\\/\u00a0P\u00e1ssaros\",\"publisher\":{\"@id\":\"https:\\\/\\\/agropecuariafenix.com.br\\\/#organization\"},\"alternateName\":\"Agropecu\u00e1ria Fenix\",\"potentialAction\":[{\"@type\":\"SearchAction\",\"target\":{\"@type\":\"EntryPoint\",\"urlTemplate\":\"https:\\\/\\\/agropecuariafenix.com.br\\\/?s={search_term_string}\"},\"query-input\":{\"@type\":\"PropertyValueSpecification\",\"valueRequired\":true,\"valueName\":\"search_term_string\"}}],\"inLanguage\":\"pt-BR\"},{\"@type\":\"Organization\",\"@id\":\"https:\\\/\\\/agropecuariafenix.com.br\\\/#organization\",\"name\":\"Agropecu\u00e1ria Fenix\",\"alternateName\":\"Agropecu\u00e1ria Fenix\",\"url\":\"https:\\\/\\\/agropecuariafenix.com.br\\\/\",\"logo\":{\"@type\":\"ImageObject\",\"inLanguage\":\"pt-BR\",\"@id\":\"https:\\\/\\\/agropecuariafenix.com.br\\\/#\\\/schema\\\/logo\\\/image\\\/\",\"url\":\"https:\\\/\\\/agropecuariafenix.com.br\\\/wp-content\\\/uploads\\\/2023\\\/08\\\/logo_fenix3-Copy.png\",\"contentUrl\":\"https:\\\/\\\/agropecuariafenix.com.br\\\/wp-content\\\/uploads\\\/2023\\\/08\\\/logo_fenix3-Copy.png\",\"width\":500,\"height\":500,\"caption\":\"Agropecu\u00e1ria Fenix\"},\"image\":{\"@id\":\"https:\\\/\\\/agropecuariafenix.com.br\\\/#\\\/schema\\\/logo\\\/image\\\/\"},\"sameAs\":[\"https:\\\/\\\/web.facebook.com\\\/agropecuariafenixjau\",\"https:\\\/\\\/www.instagram.com\\\/agropecuaria_fenix_jau\\\/\"]}]}<\/script>\n<!-- \/ Yoast SEO plugin. -->","yoast_head_json":{"title":"Pat\u00ea Special Dog C\u00e3es Adultos Carne 150G - Agropecu\u00e1ria Fenix","robots":{"index":"index","follow":"follow","max-snippet":"max-snippet:-1","max-image-preview":"max-image-preview:large","max-video-preview":"max-video-preview:-1"},"canonical":"https:\/\/agropecuariafenix.com.br\/index.php\/produto\/pate-special-dog-caes-adultos-carne-150g\/","og_locale":"pt_BR","og_type":"article","og_title":"Pat\u00ea Special Dog C\u00e3es Adultos Carne 150G - Agropecu\u00e1ria Fenix","og_description":"&#8211; Pat\u00ea sabor carne; &#8211; Pelagem bonita e brilhante; &#8211; Sem adi\u00e7\u00e3o de corantes artificiais; &#8211; Alta palatabilidade e digestibilidade; &#8211; Alimenta\u00e7\u00e3o completa e balanceada.","og_url":"https:\/\/agropecuariafenix.com.br\/index.php\/produto\/pate-special-dog-caes-adultos-carne-150g\/","og_site_name":"Agropecu\u00e1ria Fenix","article_publisher":"https:\/\/web.facebook.com\/agropecuariafenixjau","article_modified_time":"2026-02-27T17:26:01+00:00","og_image":[{"width":700,"height":700,"url":"https:\/\/agropecuariafenix.com.br\/wp-content\/uploads\/2021\/10\/Pat_Special_Dog_Ces_Adultos_Carne_150G_284994-1.jpg","type":"image\/jpeg"}],"twitter_card":"summary_large_image","schema":{"@context":"https:\/\/schema.org","@graph":[{"@type":"WebPage","@id":"https:\/\/agropecuariafenix.com.br\/index.php\/produto\/pate-special-dog-caes-adultos-carne-150g\/","url":"https:\/\/agropecuariafenix.com.br\/index.php\/produto\/pate-special-dog-caes-adultos-carne-150g\/","name":"Pat\u00ea Special Dog C\u00e3es Adultos Carne 150G - Agropecu\u00e1ria Fenix","isPartOf":{"@id":"https:\/\/agropecuariafenix.com.br\/#website"},"primaryImageOfPage":{"@id":"https:\/\/agropecuariafenix.com.br\/index.php\/produto\/pate-special-dog-caes-adultos-carne-150g\/#primaryimage"},"image":{"@id":"https:\/\/agropecuariafenix.com.br\/index.php\/produto\/pate-special-dog-caes-adultos-carne-150g\/#primaryimage"},"thumbnailUrl":"https:\/\/agropecuariafenix.com.br\/wp-content\/uploads\/2021\/10\/Pat_Special_Dog_Ces_Adultos_Carne_150G_284994-1.jpg","datePublished":"2021-10-01T14:14:40+00:00","dateModified":"2026-02-27T17:26:01+00:00","breadcrumb":{"@id":"https:\/\/agropecuariafenix.com.br\/index.php\/produto\/pate-special-dog-caes-adultos-carne-150g\/#breadcrumb"},"inLanguage":"pt-BR","potentialAction":[{"@type":"ReadAction","target":["https:\/\/agropecuariafenix.com.br\/index.php\/produto\/pate-special-dog-caes-adultos-carne-150g\/"]}]},{"@type":"ImageObject","inLanguage":"pt-BR","@id":"https:\/\/agropecuariafenix.com.br\/index.php\/produto\/pate-special-dog-caes-adultos-carne-150g\/#primaryimage","url":"https:\/\/agropecuariafenix.com.br\/wp-content\/uploads\/2021\/10\/Pat_Special_Dog_Ces_Adultos_Carne_150G_284994-1.jpg","contentUrl":"https:\/\/agropecuariafenix.com.br\/wp-content\/uploads\/2021\/10\/Pat_Special_Dog_Ces_Adultos_Carne_150G_284994-1.jpg","width":700,"height":700,"caption":"Pat\u00ea Special Dog C\u00e3es Adultos Carne 150G"},{"@type":"BreadcrumbList","@id":"https:\/\/agropecuariafenix.com.br\/index.php\/produto\/pate-special-dog-caes-adultos-carne-150g\/#breadcrumb","itemListElement":[{"@type":"ListItem","position":1,"name":"In\u00edcio","item":"https:\/\/agropecuariafenix.com.br\/"},{"@type":"ListItem","position":2,"name":"Todos os produtos","item":"https:\/\/agropecuariafenix.com.br\/index.php\/loja\/"},{"@type":"ListItem","position":3,"name":"Pat\u00ea Special Dog C\u00e3es Adultos Carne 150G"}]},{"@type":"WebSite","@id":"https:\/\/agropecuariafenix.com.br\/#website","url":"https:\/\/agropecuariafenix.com.br\/","name":"Agropecu\u00e1ria Fenix","description":"Agropecu\u00e1ria F\u00eanix Pet - Ra\u00e7\u00f5es \/ Medicamentos Pet \/ Cl\u00ednica Veterin\u00e1ria \/ Banho e Tosa \/ Cachorro \/\u00a0Gato\u00a0\/\u00a0P\u00e1ssaros","publisher":{"@id":"https:\/\/agropecuariafenix.com.br\/#organization"},"alternateName":"Agropecu\u00e1ria Fenix","potentialAction":[{"@type":"SearchAction","target":{"@type":"EntryPoint","urlTemplate":"https:\/\/agropecuariafenix.com.br\/?s={search_term_string}"},"query-input":{"@type":"PropertyValueSpecification","valueRequired":true,"valueName":"search_term_string"}}],"inLanguage":"pt-BR"},{"@type":"Organization","@id":"https:\/\/agropecuariafenix.com.br\/#organization","name":"Agropecu\u00e1ria Fenix","alternateName":"Agropecu\u00e1ria Fenix","url":"https:\/\/agropecuariafenix.com.br\/","logo":{"@type":"ImageObject","inLanguage":"pt-BR","@id":"https:\/\/agropecuariafenix.com.br\/#\/schema\/logo\/image\/","url":"https:\/\/agropecuariafenix.com.br\/wp-content\/uploads\/2023\/08\/logo_fenix3-Copy.png","contentUrl":"https:\/\/agropecuariafenix.com.br\/wp-content\/uploads\/2023\/08\/logo_fenix3-Copy.png","width":500,"height":500,"caption":"Agropecu\u00e1ria Fenix"},"image":{"@id":"https:\/\/agropecuariafenix.com.br\/#\/schema\/logo\/image\/"},"sameAs":["https:\/\/web.facebook.com\/agropecuariafenixjau","https:\/\/www.instagram.com\/agropecuaria_fenix_jau\/"]}]}},"_links":{"self":[{"href":"https:\/\/agropecuariafenix.com.br\/index.php\/wp-json\/wp\/v2\/product\/21112","targetHints":{"allow":["GET"]}}],"collection":[{"href":"https:\/\/agropecuariafenix.com.br\/index.php\/wp-json\/wp\/v2\/product"}],"about":[{"href":"https:\/\/agropecuariafenix.com.br\/index.php\/wp-json\/wp\/v2\/types\/product"}],"replies":[{"embeddable":true,"href":"https:\/\/agropecuariafenix.com.br\/index.php\/wp-json\/wp\/v2\/comments?post=21112"}],"version-history":[{"count":1,"href":"https:\/\/agropecuariafenix.com.br\/index.php\/wp-json\/wp\/v2\/product\/21112\/revisions"}],"predecessor-version":[{"id":21113,"href":"https:\/\/agropecuariafenix.com.br\/index.php\/wp-json\/wp\/v2\/product\/21112\/revisions\/21113"}],"wp:featuredmedia":[{"embeddable":true,"href":"https:\/\/agropecuariafenix.com.br\/index.php\/wp-json\/wp\/v2\/media\/21110"}],"wp:attachment":[{"href":"https:\/\/agropecuariafenix.com.br\/index.php\/wp-json\/wp\/v2\/media?parent=21112"}],"wp:term":[{"taxonomy":"product_brand","embeddable":true,"href":"https:\/\/agropecuariafenix.com.br\/index.php\/wp-json\/wp\/v2\/product_brand?post=21112"},{"taxonomy":"product_cat","embeddable":true,"href":"https:\/\/agropecuariafenix.com.br\/index.php\/wp-json\/wp\/v2\/product_cat?post=21112"},{"taxonomy":"product_tag","embeddable":true,"href":"https:\/\/agropecuariafenix.com.br\/index.php\/wp-json\/wp\/v2\/product_tag?post=21112"}],"curies":[{"name":"wp","href":"https:\/\/api.w.org\/{rel}","templated":true}]}}